{"id":60535,"date":"2023-07-06T14:34:43","date_gmt":"2023-07-06T12:34:43","guid":{"rendered":"https:\/\/poppers-online.ch\/?post_type=product&#038;p=60535"},"modified":"2026-01-12T10:00:12","modified_gmt":"2026-01-12T09:00:12","slug":"tutto-nero-ab33-spina","status":"publish","type":"product","link":"https:\/\/poppers-online.ch\/it\/prodotto\/tutto-nero-ab33-spina\/","title":{"rendered":"Plug anale AB33 tutto nero"},"content":{"rendered":"","protected":false},"excerpt":{"rendered":"<div>Una bomba, questo plug anale All Black AB33! Questo plug nero a forma di granato \u00e8 la garanzia di orgasmi esplosivi. Il materiale liscio e delicato sulla pelle rende questo toy particolarmente facile da penetrare e vi far\u00e0 scivolare in un paradiso di sensazioni. Quasi nessun altro dildo \u00e8 cos\u00ec caldo ed eccitante. All Black Plug 33 \u00e8 un giocattolo sessuale assolutamente sicuro. Non contiene sostanze tossiche come cadmio, piombo o ftalati.<\/div>\n<div><\/div>\n<div>Lunghezza: circa 14 cm<\/div>\n<div>Diametro: circa 6,5 cm<\/div>\n<div>Materiale: PVC<\/div>\n<div>Colore: nero<\/div>\n<div><\/div>\n<div>Scoprite anche il <a href=\"https:\/\/poppers-online.ch\/produkt\/all-black-ab29-dildo\/\">dildo All Black AB29<\/a> dello stesso produttore.<\/div>\n","protected":false},"featured_media":60539,"comment_status":"open","ping_status":"closed","template":"","meta":{"_acf_changed":false,"iawp_total_views":4,"_glsr_average":0,"_glsr_ranking":0,"_glsr_reviews":0},"product_brand":[],"product_cat":[2086,172],"product_tag":[1571,1583,1587,1588,1447],"class_list":{"0":"post-60535","1":"product","2":"type-product","3":"status-publish","4":"has-post-thumbnail","6":"product_cat-anal-play","7":"product_cat-sex-toys","8":"product_tag-giocattolo-anale","9":"product_tag-plug-anale","10":"product_tag-plug-anale-ab33-tutto-nero","11":"product_tag-spina","12":"product_tag-tutto-nero","14":"first","15":"instock","16":"taxable","17":"shipping-taxable","18":"purchasable","19":"product-type-simple"},"acf":[],"_links":{"self":[{"href":"https:\/\/poppers-online.ch\/it\/wp-json\/wp\/v2\/product\/60535","targetHints":{"allow":["GET"]}}],"collection":[{"href":"https:\/\/poppers-online.ch\/it\/wp-json\/wp\/v2\/product"}],"about":[{"href":"https:\/\/poppers-online.ch\/it\/wp-json\/wp\/v2\/types\/product"}],"replies":[{"embeddable":true,"href":"https:\/\/poppers-online.ch\/it\/wp-json\/wp\/v2\/comments?post=60535"}],"wp:featuredmedia":[{"embeddable":true,"href":"https:\/\/poppers-online.ch\/it\/wp-json\/wp\/v2\/media\/60539"}],"wp:attachment":[{"href":"https:\/\/poppers-online.ch\/it\/wp-json\/wp\/v2\/media?parent=60535"}],"wp:term":[{"taxonomy":"product_brand","embeddable":true,"href":"https:\/\/poppers-online.ch\/it\/wp-json\/wp\/v2\/product_brand?post=60535"},{"taxonomy":"product_cat","embeddable":true,"href":"https:\/\/poppers-online.ch\/it\/wp-json\/wp\/v2\/product_cat?post=60535"},{"taxonomy":"product_tag","embeddable":true,"href":"https:\/\/poppers-online.ch\/it\/wp-json\/wp\/v2\/product_tag?post=60535"}],"curies":[{"name":"wp","href":"https:\/\/api.w.org\/{rel}","templated":true}]}}