{"id":60350,"date":"2023-07-06T12:11:21","date_gmt":"2023-07-06T10:11:21","guid":{"rendered":"https:\/\/poppers-online.ch\/?post_type=product&#038;p=60350"},"modified":"2024-10-16T00:11:31","modified_gmt":"2024-10-15T22:11:31","slug":"sport-fucker-the-slinger-ring-red","status":"publish","type":"product","link":"https:\/\/poppers-online.ch\/it\/prodotto\/sport-fucker-the-slinger-ring-red\/","title":{"rendered":"Sport Fucker The Slinger Ring rosso"},"content":{"rendered":"","protected":false},"excerpt":{"rendered":"<div><strong>Anello per il cazzo e Ballstretcher<\/strong><\/div>\n<div><\/div>\n<div><\/div>\n<div>Sport Fucker Lo Slinger Ring rosso \u00e8 un anello con due possibilit\u00e0 di stimolazione: Il nuovo SLINGER in elastoplastica superflessibile (TPE, privo di ftalati) \u00e8 perfetto come anello per il cazzo, ma pu\u00f2 anche essere usato come ball stretcher &#8211; quest&#8217;ultimo soprattutto se siete i fortunati possessori di un cazzo particolarmente voluminoso.<\/div>\n<div><\/div>\n<div><\/div>\n<div><strong>Colore:<\/strong> rosso<\/div>\n<div><\/div>\n<div>Se ti piace Sport Fucker, ti piacer\u00e0 Poppersonline.ch. Abbiamo una vasta gamma di Sport Fucker Toys a prezzi interessanti e aggiungiamo costantemente nuovi prodotti. Assicuratevi quindi di passare di tanto in tanto.<\/div>\n","protected":false},"featured_media":60358,"comment_status":"open","ping_status":"closed","template":"","meta":{"_acf_changed":false,"iawp_total_views":4,"_glsr_average":0,"_glsr_ranking":0,"_glsr_reviews":0},"product_brand":[],"product_cat":[2089,2092,172],"product_tag":[596,597,594,1591],"class_list":{"0":"post-60350","1":"product","2":"type-product","3":"status-publish","4":"has-post-thumbnail","6":"product_cat-ball-play","7":"product_cat-cock-play","8":"product_cat-sex-toys","9":"product_tag-cock-ring-it","10":"product_tag-cockring-it","11":"product_tag-sport-fucker-it","12":"product_tag-sport-fucker-chubby-cockring-nero","14":"first","15":"outofstock","16":"taxable","17":"shipping-taxable","18":"purchasable","19":"product-type-simple"},"acf":[],"_links":{"self":[{"href":"https:\/\/poppers-online.ch\/it\/wp-json\/wp\/v2\/product\/60350","targetHints":{"allow":["GET"]}}],"collection":[{"href":"https:\/\/poppers-online.ch\/it\/wp-json\/wp\/v2\/product"}],"about":[{"href":"https:\/\/poppers-online.ch\/it\/wp-json\/wp\/v2\/types\/product"}],"replies":[{"embeddable":true,"href":"https:\/\/poppers-online.ch\/it\/wp-json\/wp\/v2\/comments?post=60350"}],"wp:featuredmedia":[{"embeddable":true,"href":"https:\/\/poppers-online.ch\/it\/wp-json\/wp\/v2\/media\/60358"}],"wp:attachment":[{"href":"https:\/\/poppers-online.ch\/it\/wp-json\/wp\/v2\/media?parent=60350"}],"wp:term":[{"taxonomy":"product_brand","embeddable":true,"href":"https:\/\/poppers-online.ch\/it\/wp-json\/wp\/v2\/product_brand?post=60350"},{"taxonomy":"product_cat","embeddable":true,"href":"https:\/\/poppers-online.ch\/it\/wp-json\/wp\/v2\/product_cat?post=60350"},{"taxonomy":"product_tag","embeddable":true,"href":"https:\/\/poppers-online.ch\/it\/wp-json\/wp\/v2\/product_tag?post=60350"}],"curies":[{"name":"wp","href":"https:\/\/api.w.org\/{rel}","templated":true}]}}