{"id":59187,"date":"2023-06-24T21:19:06","date_gmt":"2023-06-24T19:19:06","guid":{"rendered":"https:\/\/poppers-online.ch\/?post_type=product&#038;p=59187"},"modified":"2026-04-02T20:47:35","modified_gmt":"2026-04-02T18:47:35","slug":"popper-inhaler-double-steel-titan-gold","status":"publish","type":"product","link":"https:\/\/poppers-online.ch\/it\/prodotto\/popper-inhaler-double-steel-titan-gold\/","title":{"rendered":"Popper Inhaler Double Steel Titan Gold"},"content":{"rendered":"","protected":false},"excerpt":{"rendered":"<p>Questo Popper Inhaler Double Steel Titan Gold con chiusura magnetica in design a presa \u00e8 rivestito in titanio. Entrambe le parti della custodia sono di alta qualit\u00e0 e accuratamente rivestite in titanio. La chiusura \u00e8 pratica perch\u00e9 magnetica. La fornitura comprende un inalatore e un pratico cinturino in pelle per poterlo portare al collo. Ecco come preparare l&#8217;inalatore per l&#8217;uso: Svitare i due perni metallici. Imbevete il cotone idrofilo o i due bastoncini di cotone idrofilo con un numero sufficiente di popper. Inserite il cotone idrofilo o i bastoncini di cotone idrofilo nei due perni metallici e riavvitate i perni metallici sull&#8217;inalatore. Ora siete pronti per l&#8217;uso del doppio popper del nostro inalatore doppio.<\/p>\n","protected":false},"featured_media":59191,"comment_status":"open","ping_status":"closed","template":"","meta":{"_acf_changed":false,"iawp_total_views":16,"_glsr_average":0,"_glsr_ranking":0,"_glsr_reviews":0},"product_brand":[],"product_cat":[151,1309],"product_tag":[],"class_list":{"0":"post-59187","1":"product","2":"type-product","3":"status-publish","4":"has-post-thumbnail","6":"product_cat-accessori-popper","7":"product_cat-inalatore","9":"first","10":"instock","11":"taxable","12":"shipping-taxable","13":"purchasable","14":"product-type-simple"},"acf":[],"_links":{"self":[{"href":"https:\/\/poppers-online.ch\/it\/wp-json\/wp\/v2\/product\/59187","targetHints":{"allow":["GET"]}}],"collection":[{"href":"https:\/\/poppers-online.ch\/it\/wp-json\/wp\/v2\/product"}],"about":[{"href":"https:\/\/poppers-online.ch\/it\/wp-json\/wp\/v2\/types\/product"}],"replies":[{"embeddable":true,"href":"https:\/\/poppers-online.ch\/it\/wp-json\/wp\/v2\/comments?post=59187"}],"wp:featuredmedia":[{"embeddable":true,"href":"https:\/\/poppers-online.ch\/it\/wp-json\/wp\/v2\/media\/59191"}],"wp:attachment":[{"href":"https:\/\/poppers-online.ch\/it\/wp-json\/wp\/v2\/media?parent=59187"}],"wp:term":[{"taxonomy":"product_brand","embeddable":true,"href":"https:\/\/poppers-online.ch\/it\/wp-json\/wp\/v2\/product_brand?post=59187"},{"taxonomy":"product_cat","embeddable":true,"href":"https:\/\/poppers-online.ch\/it\/wp-json\/wp\/v2\/product_cat?post=59187"},{"taxonomy":"product_tag","embeddable":true,"href":"https:\/\/poppers-online.ch\/it\/wp-json\/wp\/v2\/product_tag?post=59187"}],"curies":[{"name":"wp","href":"https:\/\/api.w.org\/{rel}","templated":true}]}}