{"id":57718,"date":"2023-06-05T13:58:09","date_gmt":"2023-06-05T11:58:09","guid":{"rendered":"https:\/\/poppers-online.ch\/?post_type=product&#038;p=57718"},"modified":"2025-10-23T13:44:58","modified_gmt":"2025-10-23T11:44:58","slug":"super-hero-combo-hulk-ultra-strong-black-tiger-gold-popper-3x-10ml","status":"publish","type":"product","link":"https:\/\/poppers-online.ch\/it\/prodotto\/super-hero-combo-hulk-ultra-strong-black-tiger-gold-popper-3x-10ml\/","title":{"rendered":"Popper Super Hero Combo Hulk Ultra Strong Black Tiger Gold 3x 10ml"},"content":{"rendered":"","protected":false},"excerpt":{"rendered":"<p>La confezione di <strong>Super Hero HAMMER<\/strong> \u00e8 composta da: Hero Poppers 10ml, Hulk Ultra Strong Poppers 10ml e Black Tiger Gold Poppers 10ml! Mega Combo ad un prezzo interessante \u00e8 l&#8217;ultima offerta per i vostri popper! I Popper Hulk Ultra Strong, i Popper Hero e i Popper Black Tiger Gold sono a base di nitrito di pentile e sono sicuri di deliziare voi e i vostri amici. Super Popper Heros!<\/p>\n<p>&nbsp;<\/p>\n<p><strong>Hulk Ultra Strong<\/strong> \u00e8 basato sul nitrito di pentile originale. Hulk Extra Strong non \u00e8 solo un&#8217;ottima aggiunta durante il sesso, ma fornisce anche una spinta in pi\u00f9 durante una festa, un club, un concerto o un festival. Sperimentate come i colori diventino per un attimo pi\u00f9 caldi e la musica vi pervada per un attimo. Con i Popper verdi Hulk Ultra Strong sorprenderete sicuramente i vostri amici. Se non sapete come sniffare i popper, leggete attentamente la sezione FAQ di questo sito. Non bevete popper!<\/p>\n<p>&nbsp;<\/p>\n<p>Il nostro Popper <strong>Black Tiger Gold 10ml<\/strong> \u00e8 basato sul nitrito di pentile originale. Risveglia la tigre che \u00e8 in te con i Popper Black Tiger e diventa il re della giungla. Non lasciate che la vostra preda scappi e dimostrate di essere il vero re della giungla. Vivete appieno il vostro lato animale con i Popper Black Tiger, ne sarete entusiasti anche voi. La Gold Edition \u00e8 pi\u00f9 intensa della Silver Edition di Popper Black Tiger e dura pi\u00f9 a lungo.<\/p>\n<p>&nbsp;<\/p>\n<p><strong>Popper HERO 24ml<\/strong> \u00e8 basato sul nitrito di pentile originale. Diventate un supereroe a letto e forti come una locomotiva. Sentitevi quasi invulnerabili con gli Popper Hero, volate come Superman e siate pi\u00f9 veloci di un proiettile.<\/p>\n","protected":false},"featured_media":57722,"comment_status":"open","ping_status":"closed","template":"","meta":{"_acf_changed":false,"iawp_total_views":20,"_glsr_average":0,"_glsr_ranking":0,"_glsr_reviews":0},"product_brand":[],"product_cat":[1047,104,112],"product_tag":[391,341,345,1878],"class_list":{"0":"post-57718","1":"product","2":"type-product","3":"status-publish","4":"has-post-thumbnail","6":"product_cat-popper","7":"product_cat-confezioni-value","8":"product_cat-boccette-piccole","9":"product_tag-black-tiger-gold-poppers-10ml-it","10":"product_tag-hero-poppers-10ml-it","11":"product_tag-hulk-ultra-strong-poppers-10ml-it","12":"product_tag-popper-di-supereroi","13":"pa_flaschenform-rotonda-piccola","14":"pa_gewindegroesse-piccola","15":"pa_inhalt-combo","16":"pa_inhalt-10ml","17":"pa_inhaltsstoffe-nitrito-di-pentile","18":"pa_staerke-103","20":"first","21":"instock","22":"sale","23":"taxable","24":"shipping-taxable","25":"purchasable","26":"product-type-simple"},"acf":[],"_links":{"self":[{"href":"https:\/\/poppers-online.ch\/it\/wp-json\/wp\/v2\/product\/57718","targetHints":{"allow":["GET"]}}],"collection":[{"href":"https:\/\/poppers-online.ch\/it\/wp-json\/wp\/v2\/product"}],"about":[{"href":"https:\/\/poppers-online.ch\/it\/wp-json\/wp\/v2\/types\/product"}],"replies":[{"embeddable":true,"href":"https:\/\/poppers-online.ch\/it\/wp-json\/wp\/v2\/comments?post=57718"}],"wp:featuredmedia":[{"embeddable":true,"href":"https:\/\/poppers-online.ch\/it\/wp-json\/wp\/v2\/media\/57722"}],"wp:attachment":[{"href":"https:\/\/poppers-online.ch\/it\/wp-json\/wp\/v2\/media?parent=57718"}],"wp:term":[{"taxonomy":"product_brand","embeddable":true,"href":"https:\/\/poppers-online.ch\/it\/wp-json\/wp\/v2\/product_brand?post=57718"},{"taxonomy":"product_cat","embeddable":true,"href":"https:\/\/poppers-online.ch\/it\/wp-json\/wp\/v2\/product_cat?post=57718"},{"taxonomy":"product_tag","embeddable":true,"href":"https:\/\/poppers-online.ch\/it\/wp-json\/wp\/v2\/product_tag?post=57718"}],"curies":[{"name":"wp","href":"https:\/\/api.w.org\/{rel}","templated":true}]}}