{"id":57113,"date":"2023-05-28T20:12:20","date_gmt":"2023-05-28T18:12:21","guid":{"rendered":"https:\/\/poppers-online.ch\/?post_type=product&#038;p=57113"},"modified":"2025-10-23T12:41:11","modified_gmt":"2025-10-23T10:41:11","slug":"poppers-booster-cap-xtrm-double-small-blue-leak-proof","status":"publish","type":"product","link":"https:\/\/poppers-online.ch\/it\/prodotto\/poppers-booster-cap-xtrm-double-small-blue-leak-proof\/","title":{"rendered":"Poppers Booster Cap XTRM Double Small Blue LEAK PROOF"},"content":{"rendered":"","protected":false},"excerpt":{"rendered":"<p>Quando l&#8217;azione si intensifica subito dopo l&#8217;inalazione del popper, \u00e8 frustrante trovarsi con la bottiglia rovesciata e il contenuto che cola. Il team di XTRM ha risolto questo problema con un innovativo tappo anti-perdite, semplice da utilizzare grazie a un pratico pulsante. Basta avvitare il tappo anti-perdite sulla bottiglia come di consueto. Premendo il pulsante sul lato del tappo, il popper esce dalla bottiglia attraverso un canale appositamente progettato. Rilasciando il pulsante, il tappo si richiude ermeticamente e il contenuto rimane al suo posto, anche se la bottiglia viene rovesciata accidentalmente. Realizzato con grande precisione in Austria, questo nuovo sistema di chiusura a pulsante garantisce una qualit\u00e0 superiore e un&#8217;elevata affidabilit\u00e0. Il piccolo tappo nero doppio LEAK PROOF si adatta perfettamente alle bottiglie da 10 e 30 ml di Lockerroom, Shelbora e Oxymoron. Goditi la praticit\u00e0 e la tranquillit\u00e0 quando utilizzi i popper, senza pi\u00f9 preoccuparti di rovesciare le bottiglie, grazie al tappo anti-perdite Poppers Booster. Suggerimento: per avvitare il tappo LEAK PROOF, tenere saldamente la parte inferiore, stringere con cura senza eccessiva forza.<\/p>\n","protected":false},"featured_media":58736,"comment_status":"open","ping_status":"closed","template":"","meta":{"_acf_changed":false,"iawp_total_views":6,"_glsr_average":0,"_glsr_ranking":0,"_glsr_reviews":0},"product_brand":[],"product_cat":[151,1304],"product_tag":[563],"class_list":{"0":"post-57113","1":"product","2":"type-product","3":"status-publish","4":"has-post-thumbnail","6":"product_cat-accessori-popper","7":"product_cat-booster-caps-it","8":"product_tag-poppers-booster-cap-xtrm-double-small-blue-leak-proof-it","9":"pa_booster-cap-gewindegroesse-per-filettatura-piccola","11":"first","12":"instock","13":"taxable","14":"shipping-taxable","15":"purchasable","16":"product-type-simple"},"acf":[],"_links":{"self":[{"href":"https:\/\/poppers-online.ch\/it\/wp-json\/wp\/v2\/product\/57113","targetHints":{"allow":["GET"]}}],"collection":[{"href":"https:\/\/poppers-online.ch\/it\/wp-json\/wp\/v2\/product"}],"about":[{"href":"https:\/\/poppers-online.ch\/it\/wp-json\/wp\/v2\/types\/product"}],"replies":[{"embeddable":true,"href":"https:\/\/poppers-online.ch\/it\/wp-json\/wp\/v2\/comments?post=57113"}],"wp:featuredmedia":[{"embeddable":true,"href":"https:\/\/poppers-online.ch\/it\/wp-json\/wp\/v2\/media\/58736"}],"wp:attachment":[{"href":"https:\/\/poppers-online.ch\/it\/wp-json\/wp\/v2\/media?parent=57113"}],"wp:term":[{"taxonomy":"product_brand","embeddable":true,"href":"https:\/\/poppers-online.ch\/it\/wp-json\/wp\/v2\/product_brand?post=57113"},{"taxonomy":"product_cat","embeddable":true,"href":"https:\/\/poppers-online.ch\/it\/wp-json\/wp\/v2\/product_cat?post=57113"},{"taxonomy":"product_tag","embeddable":true,"href":"https:\/\/poppers-online.ch\/it\/wp-json\/wp\/v2\/product_tag?post=57113"}],"curies":[{"name":"wp","href":"https:\/\/api.w.org\/{rel}","templated":true}]}}