{"id":51720,"date":"2023-03-27T11:28:58","date_gmt":"2023-03-27T09:28:58","guid":{"rendered":"https:\/\/poppers-online.ch\/?post_type=product&#038;p=51720"},"modified":"2024-10-16T00:20:37","modified_gmt":"2024-10-15T22:20:37","slug":"popper-topper-boneyard-poppers-booster-cap-2-pack","status":"publish","type":"product","link":"https:\/\/poppers-online.ch\/it\/prodotto\/popper-topper-boneyard-poppers-booster-cap-2-pack\/","title":{"rendered":"Popper Topper Boneyard Poppers Booster Cap 2 Pack"},"content":{"rendered":"<p>Il Popper Aroma Topper \u00e8 un tappo a ribalta in plastica ABS che consente di aprire e chiudere le bottiglie di aromi con una sola mano. \u00c8 disponibile in due misure, piccola e grande, e si adatta alla maggior parte dei popper in commercio.<\/p>\n<p>Il Popper Aroma Topper evita che la bottiglia venga aperta e chiusa con due mani e che si rovesci. Inoltre, elimina la necessit\u00e0 di cercare il tappo! Il tappo \u00e8 facile da aprire e chiudere con il pollice ed \u00e8 dotato di un cono nasale che lo rende facilmente adattabile alla narice. Un clic indica che il tappo \u00e8 chiuso. Con l&#8217;Aroma Topper si evitano fuoriuscite, odori e macchie.<\/p>\n<p>Si noti che gli aromi hanno una viscosit\u00e0 estremamente bassa e possono quindi fuoriuscire facilmente. L&#8217;Aroma Topper serve come supporto durante l&#8217;uso. Non \u00e8 inteso come tappo per la conservazione a lungo termine. Pertanto, tra un utilizzo e l&#8217;altro, rimontare l&#8217;Aroma Topper originale. Si noti inoltre che l&#8217;inclinazione degli aromi quando il coperchio \u00e8 aperto non impedisce la fuoriuscita.<\/p>\n<p>Applicazione degli aromi con una sola mano<br \/>\n&#8211; Inalatore a forma di cono<br \/>\n&#8211; 2 dimensioni<br \/>\n&#8211; Facile da usare, con coperchio a ribalta<\/p>\n","protected":false},"excerpt":{"rendered":"<p>Il <strong>Popper Aroma Topper<\/strong> \u00e8 un tappo a ribalta in plastica ABS che consente di aprire e chiudere le bottiglie di aromi con una sola mano. \u00c8 disponibile in due misure, piccola e grande, e si adatta alla maggior parte dei popper in commercio.<\/p>\n<p>Il <strong>Popper Aroma Topper<\/strong> evita che la bottiglia venga aperta e chiusa con due mani e che si rovesci. Inoltre, elimina la necessit\u00e0 di cercare il tappo! Il tappo \u00e8 facile da aprire e chiudere con il pollice ed \u00e8 dotato di un cono nasale che lo rende facilmente adattabile alla narice. Un clic indica che il tappo \u00e8 chiuso. Con l&#8217;Aroma Topper si evitano fuoriuscite, odori e macchie.<\/p>\n<p>Si noti che gli aromi hanno una viscosit\u00e0 estremamente bassa e possono quindi fuoriuscire facilmente. L&#8217;Aroma Topper serve come supporto durante l&#8217;uso. Non \u00e8 inteso come tappo per la conservazione a lungo termine. Pertanto, tra un utilizzo e l&#8217;altro, rimontare l&#8217;Aroma Topper originale. Si noti inoltre che l&#8217;inclinazione degli aromi quando il coperchio \u00e8 aperto non impedisce la fuoriuscita.<\/p>\n<p><strong>Applicazione degli aromi con una sola mano<\/strong><br \/>\n&#8211; Inalatore a forma di cono<br \/>\n&#8211; 2 dimensioni<br \/>\n&#8211; Facile da usare, con coperchio a ribalta<\/p>\n","protected":false},"featured_media":51724,"comment_status":"open","ping_status":"closed","template":"","meta":{"_acf_changed":false,"iawp_total_views":2,"_glsr_average":0,"_glsr_ranking":0,"_glsr_reviews":0},"product_brand":[],"product_cat":[151,1295],"product_tag":[],"class_list":{"0":"post-51720","1":"product","2":"type-product","3":"status-publish","4":"has-post-thumbnail","6":"product_cat-accessori-popper","7":"product_cat-aroma-topper-it","8":"pa_aroma-topper-gewindegroesse-per-filettatura-piccola","9":"pa_aroma-topper-gewindegroesse-per-filettatura-grande","11":"first","12":"outofstock","13":"taxable","14":"shipping-taxable","15":"purchasable","16":"product-type-simple"},"acf":[],"_links":{"self":[{"href":"https:\/\/poppers-online.ch\/it\/wp-json\/wp\/v2\/product\/51720","targetHints":{"allow":["GET"]}}],"collection":[{"href":"https:\/\/poppers-online.ch\/it\/wp-json\/wp\/v2\/product"}],"about":[{"href":"https:\/\/poppers-online.ch\/it\/wp-json\/wp\/v2\/types\/product"}],"replies":[{"embeddable":true,"href":"https:\/\/poppers-online.ch\/it\/wp-json\/wp\/v2\/comments?post=51720"}],"wp:featuredmedia":[{"embeddable":true,"href":"https:\/\/poppers-online.ch\/it\/wp-json\/wp\/v2\/media\/51724"}],"wp:attachment":[{"href":"https:\/\/poppers-online.ch\/it\/wp-json\/wp\/v2\/media?parent=51720"}],"wp:term":[{"taxonomy":"product_brand","embeddable":true,"href":"https:\/\/poppers-online.ch\/it\/wp-json\/wp\/v2\/product_brand?post=51720"},{"taxonomy":"product_cat","embeddable":true,"href":"https:\/\/poppers-online.ch\/it\/wp-json\/wp\/v2\/product_cat?post=51720"},{"taxonomy":"product_tag","embeddable":true,"href":"https:\/\/poppers-online.ch\/it\/wp-json\/wp\/v2\/product_tag?post=51720"}],"curies":[{"name":"wp","href":"https:\/\/api.w.org\/{rel}","templated":true}]}}