{"id":51040,"date":"2023-03-19T17:31:55","date_gmt":"2023-03-19T16:31:55","guid":{"rendered":"https:\/\/poppers-online.ch\/?post_type=product&#038;p=51040"},"modified":"2025-10-23T14:20:14","modified_gmt":"2025-10-23T12:20:14","slug":"berlin-kinky-sex-popper-combo","status":"publish","type":"product","link":"https:\/\/poppers-online.ch\/it\/prodotto\/berlin-kinky-sex-popper-combo\/","title":{"rendered":"Berlin Kinky Sex Poppers Combo"},"content":{"rendered":"","protected":false},"excerpt":{"rendered":"<p>Berlin Kinky Sex Combo \u00e8 composto da 2x popper da 25ml (1x Berlin Pentyl 25ml, 1x Berlin Fist Extreme Strong 25ml) + Berlin Ultra Strong 10ml.<\/p>\n<p><strong>BERLIN PENTYL Popper<\/strong> \u00e8, come suggerisce il nome, basato sul nitrito di pentile originale. Al Queer Capital BERLIN vi aspettano feste per ogni gusto e preferenza. Portate a casa vostra la lussuria sfrenata, lo stile di vita edonistico e la libert\u00e0 sessuale di Berlino con i Popper BERLIN PENTYL. Che si tratti di gay o di etero, di uomini o di donne, tutti amiamo i popper e tutti amiamo Berlino!<\/p>\n<p><strong>BERLIN FIST Extreme Strong Poppers<\/strong> \u00e8 uno dei popper pi\u00f9 forti sul mercato ed \u00e8 basato sul nitrito di pentile originale. Al Queer Capital BERLIN vi aspettano feste per ogni gusto e preferenza. Ci piacciono il Berghain, il Lab, il KitKat, i party di sneaker a Folsom e naturalmente i party di gomma a Berlino. BERLIN FIST Extreme Strong Popper riporta i pensieri e le esperienze di Berlino a casa nostra ancora e ancora e non dovrebbe essere perso durante una sessione di pugni estesa. I popper sono molto duraturi, forniscono il necessario calcio extra ed esperienze molto intense. Amiamo le Berlin Vibes at Home.<\/p>\n<p><strong>Berlin Ultra Strong Poppers<\/strong> 10ml \u00e8 in commercio in Svizzera dal 2022. Berlin Ultra Strong 10ml Poppers \u00e8 basato sul nitrito di pentile originale convenzionale. Questo popper ultra forte porta a casa vostra le possibilit\u00e0 calde ed esuberanti della capitale gay, tra cui Berghain Berlin e Kitkat, e permette a voi e ai vostri amici di sperimentare le folli vibrazioni di Berlino a casa vostra. Nel frattempo, Berlin Ultra Strong Poppers \u00e8 diventato un best seller in Svizzera.<\/p>\n","protected":false},"featured_media":55072,"comment_status":"open","ping_status":"closed","template":"","meta":{"_acf_changed":false,"iawp_total_views":19,"_glsr_average":0,"_glsr_ranking":0,"_glsr_reviews":0},"product_brand":[],"product_cat":[1047,104,109,112],"product_tag":[1868,1867,239,238,241,240],"class_list":{"0":"post-51040","1":"product","2":"type-product","3":"status-publish","4":"has-post-thumbnail","6":"product_cat-popper","7":"product_cat-confezioni-value","8":"product_cat-boccette-grandi","9":"product_cat-boccette-piccole","10":"product_tag-berlino-combo","11":"product_tag-combo-animali-4-bottiglie","12":"product_tag-eagle-10ml-it","13":"product_tag-iron-horse-25ml-it","14":"product_tag-pig-sweat-15ml-it","15":"product_tag-wings-brown-10ml-it","16":"pa_flaschenform-ovale-it","17":"pa_flaschenform-rotonda-piccola","18":"pa_gewindegroesse-piccola","19":"pa_inhalt-combo","20":"pa_inhalt-25ml","21":"pa_inhalt-10ml","22":"pa_inhaltsstoffe-nitrito-di-pentile","23":"pa_marke-berlin-popper","24":"pa_staerke-105","26":"first","27":"instock","28":"sale","29":"taxable","30":"shipping-taxable","31":"purchasable","32":"product-type-simple"},"acf":[],"_links":{"self":[{"href":"https:\/\/poppers-online.ch\/it\/wp-json\/wp\/v2\/product\/51040","targetHints":{"allow":["GET"]}}],"collection":[{"href":"https:\/\/poppers-online.ch\/it\/wp-json\/wp\/v2\/product"}],"about":[{"href":"https:\/\/poppers-online.ch\/it\/wp-json\/wp\/v2\/types\/product"}],"replies":[{"embeddable":true,"href":"https:\/\/poppers-online.ch\/it\/wp-json\/wp\/v2\/comments?post=51040"}],"wp:featuredmedia":[{"embeddable":true,"href":"https:\/\/poppers-online.ch\/it\/wp-json\/wp\/v2\/media\/55072"}],"wp:attachment":[{"href":"https:\/\/poppers-online.ch\/it\/wp-json\/wp\/v2\/media?parent=51040"}],"wp:term":[{"taxonomy":"product_brand","embeddable":true,"href":"https:\/\/poppers-online.ch\/it\/wp-json\/wp\/v2\/product_brand?post=51040"},{"taxonomy":"product_cat","embeddable":true,"href":"https:\/\/poppers-online.ch\/it\/wp-json\/wp\/v2\/product_cat?post=51040"},{"taxonomy":"product_tag","embeddable":true,"href":"https:\/\/poppers-online.ch\/it\/wp-json\/wp\/v2\/product_tag?post=51040"}],"curies":[{"name":"wp","href":"https:\/\/api.w.org\/{rel}","templated":true}]}}