{"id":45951,"date":"2023-01-19T20:56:10","date_gmt":"2023-01-19T19:56:10","guid":{"rendered":"https:\/\/poppers-online.ch\/?post_type=product&#038;p=45951"},"modified":"2024-10-16T00:26:00","modified_gmt":"2024-10-15T22:26:00","slug":"banger-station-xtrm-large-round-poppers-bottle","status":"publish","type":"product","link":"https:\/\/poppers-online.ch\/it\/prodotto\/banger-station-xtrm-large-round-poppers-bottle\/","title":{"rendered":"Banger Station XTRM &#8211; Large Round Poppers Bottle"},"content":{"rendered":"","protected":false},"excerpt":{"rendered":"<p>La Banger Station di XTRM porta la comodit\u00e0 del consumo di popper a un nuovo livello. Con questa innovativa invenzione, stupirete sicuramente i vostri amici. Grazie alla Banger Station, nessuno cercher\u00e0 la bottiglia di popper dopo che vi sarete divertiti e vorrete fare un altro tiro di popper. In ogni posizione immaginabile, voi e il vostro partner avete accesso ai popper grazie al tubo flessibile lungo 1 m, mentre la bottiglia rimane al sicuro nella stazione. Il doppio sniffer (12 cm) collegato al tubo \u00e8 molto comodo da tenere in mano. La stazione \u00e8 dotata di manopole sul fondo per renderla antiscivolo. Se si vuole andare sul sicuro, si pu\u00f2 anche avvitare la stazione attraverso gli appositi fori.<\/p>\n<p>&nbsp;<\/p>\n<p>Ecco come iniziare: aprire il coperchio della bottiglia di popper e posizionare la bottiglia nella Banger Station. Avvitare l&#8217;attacco della bottiglia sulla bottiglia e collegare il tubo flessibile in dotazione all&#8217;attacco. Infine, basta girare la rotella sull&#8217;accessorio e si \u00e8 pronti a partire. Al termine della sessione, \u00e8 necessario chiudere nuovamente la ruota. Se non si ha bisogno della Banger Station per pi\u00f9 di 24 ore, si consiglia di estrarre la bottiglia di popper dalla stazione e di chiuderla con il coperchio del produttore.<\/p>\n<p>&nbsp;<\/p>\n<p><strong>Accessorio 1<\/strong>: \u00e8 possibile acquistare singoli inserti rossi per le altre tre forme di bottiglie popper, in modo che tutte le bottiglie popper si adattino perfettamente alla Banger Station.<\/p>\n<p>&nbsp;<\/p>\n<p><strong>Accessorio 2<\/strong>: \u00e8 possibile collegare un secondo tubo alla Banger Station. \u00c8 possibile acquistarlo separatamente come accessorio. Finch\u00e9 il secondo tubo non \u00e8 inserito nella stazione, il collegamento rimane sigillato con un tappo di chiusura.<\/p>\n<p>&nbsp;<\/p>\n<p><strong>La consegna comprende:<\/strong> Banger Station, inserto rosso per il formato di bottiglia selezionato, attacco per la bottiglia con due connessioni, tappo di chiusura per la seconda connessione, tubo flessibile (1 m) con il Double Sniffer collegato in modo permanente.<\/p>\n<p>&nbsp;<\/p>\n<p>Secondo noi, la Banger Station di XTRM deve essere presente in ogni camera da letto, in ogni stanza dei giochi e in ogni cantina fetish. Niente pi\u00f9 bottiglie che perdono o si rovesciano! Puro comfort.<\/p>\n<p>&nbsp;<\/p>\n<p>Dimensioni delle bottiglie<br \/>\n-Popper piccoli: tutte le bottiglie rotonde da 10 ml<br \/>\n-Popper rotondi grandi: tutte le bottiglie rotonde da 30 ml di Lockerroom.<br \/>\n-Popper ovali: tutte le bottiglie ovali da Shelbora 24\/25\/30ml<br \/>\n-Popper quadrati grandi: tutte le bottiglie quadrate da Lockerroom 25ml (linea Retro).<\/p>\n<p>&nbsp;<\/p>\n","protected":false},"featured_media":45870,"comment_status":"open","ping_status":"closed","template":"","meta":{"_acf_changed":false,"iawp_total_views":5,"_glsr_average":0,"_glsr_ranking":0,"_glsr_reviews":0},"product_brand":[],"product_cat":[151,1301],"product_tag":[458,454,442,438],"class_list":{"0":"post-45951","1":"product","2":"type-product","3":"status-publish","4":"has-post-thumbnail","6":"product_cat-accessori-popper","7":"product_cat-stazioni-banger","8":"product_tag-banger-station-xtrm-large-round-poppers-bottle-it","9":"product_tag-banger-station-xtrm-small-poppers-it","10":"product_tag-poppers-booster-cap-xtrm-double-large-red-leak-proof-it","11":"product_tag-poppers-booster-cap-xtrm-double-small-black-leak-proof-it","12":"pa_banger-station-einsatzform-per-boccette-rotonde-grandi","14":"first","15":"instock","16":"taxable","17":"shipping-taxable","18":"purchasable","19":"product-type-simple"},"acf":[],"_links":{"self":[{"href":"https:\/\/poppers-online.ch\/it\/wp-json\/wp\/v2\/product\/45951","targetHints":{"allow":["GET"]}}],"collection":[{"href":"https:\/\/poppers-online.ch\/it\/wp-json\/wp\/v2\/product"}],"about":[{"href":"https:\/\/poppers-online.ch\/it\/wp-json\/wp\/v2\/types\/product"}],"replies":[{"embeddable":true,"href":"https:\/\/poppers-online.ch\/it\/wp-json\/wp\/v2\/comments?post=45951"}],"wp:featuredmedia":[{"embeddable":true,"href":"https:\/\/poppers-online.ch\/it\/wp-json\/wp\/v2\/media\/45870"}],"wp:attachment":[{"href":"https:\/\/poppers-online.ch\/it\/wp-json\/wp\/v2\/media?parent=45951"}],"wp:term":[{"taxonomy":"product_brand","embeddable":true,"href":"https:\/\/poppers-online.ch\/it\/wp-json\/wp\/v2\/product_brand?post=45951"},{"taxonomy":"product_cat","embeddable":true,"href":"https:\/\/poppers-online.ch\/it\/wp-json\/wp\/v2\/product_cat?post=45951"},{"taxonomy":"product_tag","embeddable":true,"href":"https:\/\/poppers-online.ch\/it\/wp-json\/wp\/v2\/product_tag?post=45951"}],"curies":[{"name":"wp","href":"https:\/\/api.w.org\/{rel}","templated":true}]}}