{"id":45486,"date":"2023-01-15T13:22:52","date_gmt":"2023-01-15T12:22:52","guid":{"rendered":"https:\/\/poppers-online.ch\/?post_type=product&#038;p=45486"},"modified":"2025-07-23T02:06:08","modified_gmt":"2025-07-23T00:06:08","slug":"doccia-anale-xtrm-o-clean-nera-con-getto-dacqua-laterale","status":"publish","type":"product","link":"https:\/\/poppers-online.ch\/it\/prodotto\/doccia-anale-xtrm-o-clean-nera-con-getto-dacqua-laterale\/","title":{"rendered":"Doccia anale XTRM O-Clean nera con getto d&#8217;acqua laterale"},"content":{"rendered":"","protected":false},"excerpt":{"rendered":"<p>La <strong>doccia anale XTRM O-Clean nera con getto d&#8217;acqua laterale<\/strong> risolve un problema ben noto della pulizia anale. Non dovrai pi\u00f9 preoccuparti che il getto d&#8217;acqua della tua doccia anale ti entri nell&#8217;ano. La doccia anale O-Clean di XTRM \u00e8 dotata di diversi fori laterali. Questi garantiscono un intenso getto d&#8217;acqua laterale.    Questo divide il getto d&#8217;acqua in modo che fuoriesca solo dal lato del retto, rendendo l&#8217;irrigazione anale molto pi\u00f9 confortevole per l&#8217;utente. Inoltre, l&#8217;interno della doccia \u00e8 progettato come una ciotola. Questo rende il risciacquo anale pi\u00f9 facile, veloce ed efficace. <\/p>\n<p>Puoi avvitare la doccia anale XTRM O-Clean nera con getto d&#8217;acqua laterale su qualsiasi tubo doccia disponibile in commercio (filettatura standard da \u00bd pollice). Assicurati che la temperatura dell&#8217;acqua per l&#8217;irrigazione anale non sia troppo calda. La lunghezza di inserimento della doccia anale O-Clean \u00e8 di 16,5 cm e il diametro di 2,5 cm. Formati un&#8217;opinione personale e sii entusiasta come gli oltre 200 tester che hanno valutato questo prodotto come molto buono nel 2022.   <\/p>\n","protected":false},"featured_media":45838,"comment_status":"open","ping_status":"closed","template":"","meta":{"_acf_changed":false,"iawp_total_views":1,"_glsr_average":0,"_glsr_ranking":0,"_glsr_reviews":0},"product_brand":[],"product_cat":[2065,168],"product_tag":[2135,2134],"class_list":{"0":"post-45486","1":"product","2":"type-product","3":"status-publish","4":"has-post-thumbnail","6":"product_cat-docce-anali","7":"product_cat-farmacia","8":"product_tag-doccia-anale-xtrm-o-clean-nera-con-getto-dacqua-laterale-it","9":"product_tag-doccia-anale-xtrm-o-clean-rossa-con-getto-dacqua-laterale-it","11":"first","12":"instock","13":"taxable","14":"shipping-taxable","15":"purchasable","16":"product-type-simple"},"acf":[],"_links":{"self":[{"href":"https:\/\/poppers-online.ch\/it\/wp-json\/wp\/v2\/product\/45486","targetHints":{"allow":["GET"]}}],"collection":[{"href":"https:\/\/poppers-online.ch\/it\/wp-json\/wp\/v2\/product"}],"about":[{"href":"https:\/\/poppers-online.ch\/it\/wp-json\/wp\/v2\/types\/product"}],"replies":[{"embeddable":true,"href":"https:\/\/poppers-online.ch\/it\/wp-json\/wp\/v2\/comments?post=45486"}],"wp:featuredmedia":[{"embeddable":true,"href":"https:\/\/poppers-online.ch\/it\/wp-json\/wp\/v2\/media\/45838"}],"wp:attachment":[{"href":"https:\/\/poppers-online.ch\/it\/wp-json\/wp\/v2\/media?parent=45486"}],"wp:term":[{"taxonomy":"product_brand","embeddable":true,"href":"https:\/\/poppers-online.ch\/it\/wp-json\/wp\/v2\/product_brand?post=45486"},{"taxonomy":"product_cat","embeddable":true,"href":"https:\/\/poppers-online.ch\/it\/wp-json\/wp\/v2\/product_cat?post=45486"},{"taxonomy":"product_tag","embeddable":true,"href":"https:\/\/poppers-online.ch\/it\/wp-json\/wp\/v2\/product_tag?post=45486"}],"curies":[{"name":"wp","href":"https:\/\/api.w.org\/{rel}","templated":true}]}}