{"id":45463,"date":"2023-01-15T10:53:23","date_gmt":"2023-01-15T09:53:23","guid":{"rendered":"https:\/\/poppers-online.ch\/?post_type=product&#038;p=45463"},"modified":"2026-04-02T20:47:39","modified_gmt":"2026-04-02T18:47:39","slug":"poppers-booster-cap-xtrm-double-small-black-leak-proof","status":"publish","type":"product","link":"https:\/\/poppers-online.ch\/it\/prodotto\/poppers-booster-cap-xtrm-double-small-black-leak-proof\/","title":{"rendered":"Poppers Booster Cap XTRM Double Small Black LEAK PROOF"},"content":{"rendered":"","protected":false},"excerpt":{"rendered":"<p>Quando le cose si scatenano subito dopo aver sniffato popper, capita di trovare la bottiglia di popper rovesciata e che perde successivamente. Il team XTRM ha sviluppato un ingegnoso tappo a prova di perdite e facile da usare con un pulsante. Si avvita il sniffer a prova di perdite sul flacone come di consueto. Solo quando si preme il pulsante sul lato del tappo, il popper fuoriesce dalla bottiglia attraverso il canale del calcio. Quando si rilascia il pulsante, lo Sniffer \u00e8 di nuovo chiuso al 100% e i popper rimangono nella bottiglia, anche se la bottiglia si rovescia perch\u00e9 \u00e8 calda. Questo nuovo sistema di chiusura con pulsante \u00e8 di alta qualit\u00e0, non \u00e8 prodotto in serie ed \u00e8 realizzato in Austria con grande impegno. Il tappo doppio piccolo nero LEAK PROOF si adatta a tutti i flaconi da 10 e 30 ml di Lockerroom e a tutti i flaconi di Shelbora e Oxymoron. Provate il calcio e il comfort extra quando tirate i popper. Niente pi\u00f9 bottiglie di poppers rovesciate, grazie al tappo LEAK PROOF Poppers Booster. Nota applicativa: per avvitare il LEAK PROOF, tenerlo saldamente nella parte inferiore, stringere con attenzione e non serrare eccessivamente la filettatura.<\/p>\n","protected":false},"featured_media":134409,"comment_status":"open","ping_status":"closed","template":"","meta":{"_acf_changed":false,"iawp_total_views":33,"_glsr_average":0,"_glsr_ranking":0,"_glsr_reviews":0},"product_brand":[],"product_cat":[151,1304],"product_tag":[438],"class_list":{"0":"post-45463","1":"product","2":"type-product","3":"status-publish","4":"has-post-thumbnail","6":"product_cat-accessori-popper","7":"product_cat-booster-caps-it","8":"product_tag-poppers-booster-cap-xtrm-double-small-black-leak-proof-it","9":"pa_booster-cap-gewindegroesse-per-filettatura-piccola","11":"first","12":"instock","13":"taxable","14":"shipping-taxable","15":"purchasable","16":"product-type-simple"},"acf":[],"_links":{"self":[{"href":"https:\/\/poppers-online.ch\/it\/wp-json\/wp\/v2\/product\/45463","targetHints":{"allow":["GET"]}}],"collection":[{"href":"https:\/\/poppers-online.ch\/it\/wp-json\/wp\/v2\/product"}],"about":[{"href":"https:\/\/poppers-online.ch\/it\/wp-json\/wp\/v2\/types\/product"}],"replies":[{"embeddable":true,"href":"https:\/\/poppers-online.ch\/it\/wp-json\/wp\/v2\/comments?post=45463"}],"wp:featuredmedia":[{"embeddable":true,"href":"https:\/\/poppers-online.ch\/it\/wp-json\/wp\/v2\/media\/134409"}],"wp:attachment":[{"href":"https:\/\/poppers-online.ch\/it\/wp-json\/wp\/v2\/media?parent=45463"}],"wp:term":[{"taxonomy":"product_brand","embeddable":true,"href":"https:\/\/poppers-online.ch\/it\/wp-json\/wp\/v2\/product_brand?post=45463"},{"taxonomy":"product_cat","embeddable":true,"href":"https:\/\/poppers-online.ch\/it\/wp-json\/wp\/v2\/product_cat?post=45463"},{"taxonomy":"product_tag","embeddable":true,"href":"https:\/\/poppers-online.ch\/it\/wp-json\/wp\/v2\/product_tag?post=45463"}],"curies":[{"name":"wp","href":"https:\/\/api.w.org\/{rel}","templated":true}]}}