{"id":40837,"date":"2022-11-24T16:07:14","date_gmt":"2022-11-24T15:07:14","guid":{"rendered":"https:\/\/poppers-online.ch\/?post_type=product&#038;p=40837"},"modified":"2024-10-16T00:26:07","modified_gmt":"2024-10-15T22:26:07","slug":"429-azz-poppers-30ml","status":"publish","type":"product","link":"https:\/\/poppers-online.ch\/it\/prodotto\/429-azz-poppers-30ml\/","title":{"rendered":"429 AZZ Popper 30ml"},"content":{"rendered":"<p><span style=\"font-weight: 400;\">Il 429 AZZ Popper 30ml \u00e8 basato sul nitrito di pentile originale. Il nome 429 AZZ \u00e8 molto misterioso. La prima parte del nome di questo popper 429 sta per GAY o gay. \u00c8 una novit\u00e0 anche per lei che 429 sta per GAY? Poi, per verificare, prendete il cellulare e andate sulla tastiera del telefono dove trovate le lettere. <\/span><span style=\"font-weight: 400;\">La G si trova sul numero 4, la A sul 2 e la Y sul 9. La seconda parte del nome AZZ sta per asso o culo. 429 AZZ \u00e8 probabilmente il nome di popper pi\u00f9 divertente che conosciamo. La trasmissione \u00e8 consentita. <\/span><\/p>\n","protected":false},"excerpt":{"rendered":"<p><span style=\"font-weight: 400;\">Il 429 AZZ Popper 30ml \u00e8 basato sul nitrito di pentile originale. Il nome 429 AZZ \u00e8 molto misterioso. La prima parte del nome di questo popper 429 sta per GAY o gay. \u00c8 una novit\u00e0 anche per lei che 429 sta per GAY? Poi, per verificare, prendete il cellulare e andate sulla tastiera del telefono dove trovate le lettere. <\/span><span style=\"font-weight: 400;\">La G si trova sul numero 4, la A sul 2 e la Y sul 9. La seconda parte del nome AZZ sta per asso o culo. 429 AZZ \u00e8 probabilmente il nome di popper pi\u00f9 divertente che conosciamo. La trasmissione \u00e8 consentita. <\/span><\/p>\n","protected":false},"featured_media":43081,"comment_status":"open","ping_status":"closed","template":"","meta":{"_acf_changed":false,"iawp_total_views":6,"_glsr_average":0,"_glsr_ranking":0,"_glsr_reviews":0},"product_brand":[],"product_cat":[109],"product_tag":[426],"class_list":{"0":"post-40837","1":"product","2":"type-product","3":"status-publish","4":"has-post-thumbnail","6":"product_cat-boccette-grandi","7":"product_tag-429-azz-poppers-30ml-it","8":"pa_flaschenform-ovale-it","9":"pa_gewindegroesse-piccola","10":"pa_inhalt-30ml","11":"pa_inhaltsstoffe-nitrito-di-pentile","12":"pa_staerke-106","14":"first","15":"instock","16":"taxable","17":"shipping-taxable","18":"purchasable","19":"product-type-simple"},"acf":[],"_links":{"self":[{"href":"https:\/\/poppers-online.ch\/it\/wp-json\/wp\/v2\/product\/40837","targetHints":{"allow":["GET"]}}],"collection":[{"href":"https:\/\/poppers-online.ch\/it\/wp-json\/wp\/v2\/product"}],"about":[{"href":"https:\/\/poppers-online.ch\/it\/wp-json\/wp\/v2\/types\/product"}],"replies":[{"embeddable":true,"href":"https:\/\/poppers-online.ch\/it\/wp-json\/wp\/v2\/comments?post=40837"}],"wp:featuredmedia":[{"embeddable":true,"href":"https:\/\/poppers-online.ch\/it\/wp-json\/wp\/v2\/media\/43081"}],"wp:attachment":[{"href":"https:\/\/poppers-online.ch\/it\/wp-json\/wp\/v2\/media?parent=40837"}],"wp:term":[{"taxonomy":"product_brand","embeddable":true,"href":"https:\/\/poppers-online.ch\/it\/wp-json\/wp\/v2\/product_brand?post=40837"},{"taxonomy":"product_cat","embeddable":true,"href":"https:\/\/poppers-online.ch\/it\/wp-json\/wp\/v2\/product_cat?post=40837"},{"taxonomy":"product_tag","embeddable":true,"href":"https:\/\/poppers-online.ch\/it\/wp-json\/wp\/v2\/product_tag?post=40837"}],"curies":[{"name":"wp","href":"https:\/\/api.w.org\/{rel}","templated":true}]}}