{"id":40799,"date":"2022-11-24T15:52:42","date_gmt":"2022-11-24T14:52:42","guid":{"rendered":"https:\/\/poppers-online.ch\/?post_type=product&#038;p=40799"},"modified":"2024-10-16T00:30:31","modified_gmt":"2024-10-15T22:30:31","slug":"black-tiger-gold-poppers-10ml","status":"publish","type":"product","link":"https:\/\/poppers-online.ch\/it\/prodotto\/black-tiger-gold-poppers-10ml\/","title":{"rendered":"Popper Black Tiger Gold 10ml"},"content":{"rendered":"<p>Il nostro Popper Black Tiger Gold 10ml \u00e8 basato sul nitrito di pentile originale. Risveglia la tigre che \u00e8 in te con i Popper Black Tiger Gold e diventa il re della giungla. Non lasciate che la vostra preda scappi e dimostrate di essere il vero re della giungla. Vivete appieno il vostro lato animale con i Popper Black Tiger Gold, ne sarete entusiasti anche voi. La Gold Edition \u00e8 pi\u00f9 intensa della Silver Edition di Popper Black Tiger e dura pi\u00f9 a lungo.<\/p>\n","protected":false},"excerpt":{"rendered":"<p>Il nostro Popper Black Tiger Gold 10ml \u00e8 basato sul nitrito di pentile originale. Risveglia la tigre che \u00e8 in te con i Popper Black Tiger Gold e diventa il re della giungla. Non lasciate che la vostra preda scappi e dimostrate di essere il vero re della giungla. Vivete appieno il vostro lato animale con i Popper Black Tiger, ne sarete entusiasti anche voi. La Gold Edition \u00e8 pi\u00f9 intensa della Silver Edition di Popper Black Tiger e dura pi\u00f9 a lungo.<\/p>\n","protected":false},"featured_media":43125,"comment_status":"open","ping_status":"closed","template":"","meta":{"_acf_changed":false,"iawp_total_views":2,"_glsr_average":0,"_glsr_ranking":0,"_glsr_reviews":0},"product_brand":[],"product_cat":[112],"product_tag":[391],"class_list":{"0":"post-40799","1":"product","2":"type-product","3":"status-publish","4":"has-post-thumbnail","6":"product_cat-boccette-piccole","7":"product_tag-black-tiger-gold-poppers-10ml-it","8":"pa_flaschenform-rotonda-piccola","9":"pa_gewindegroesse-piccola","10":"pa_inhalt-10ml","11":"pa_inhaltsstoffe-nitrito-di-pentile","12":"pa_staerke-103","14":"first","15":"instock","16":"taxable","17":"shipping-taxable","18":"purchasable","19":"product-type-simple"},"acf":[],"_links":{"self":[{"href":"https:\/\/poppers-online.ch\/it\/wp-json\/wp\/v2\/product\/40799","targetHints":{"allow":["GET"]}}],"collection":[{"href":"https:\/\/poppers-online.ch\/it\/wp-json\/wp\/v2\/product"}],"about":[{"href":"https:\/\/poppers-online.ch\/it\/wp-json\/wp\/v2\/types\/product"}],"replies":[{"embeddable":true,"href":"https:\/\/poppers-online.ch\/it\/wp-json\/wp\/v2\/comments?post=40799"}],"wp:featuredmedia":[{"embeddable":true,"href":"https:\/\/poppers-online.ch\/it\/wp-json\/wp\/v2\/media\/43125"}],"wp:attachment":[{"href":"https:\/\/poppers-online.ch\/it\/wp-json\/wp\/v2\/media?parent=40799"}],"wp:term":[{"taxonomy":"product_brand","embeddable":true,"href":"https:\/\/poppers-online.ch\/it\/wp-json\/wp\/v2\/product_brand?post=40799"},{"taxonomy":"product_cat","embeddable":true,"href":"https:\/\/poppers-online.ch\/it\/wp-json\/wp\/v2\/product_cat?post=40799"},{"taxonomy":"product_tag","embeddable":true,"href":"https:\/\/poppers-online.ch\/it\/wp-json\/wp\/v2\/product_tag?post=40799"}],"curies":[{"name":"wp","href":"https:\/\/api.w.org\/{rel}","templated":true}]}}