{"id":40795,"date":"2022-11-24T15:50:56","date_gmt":"2022-11-24T14:50:57","guid":{"rendered":"https:\/\/poppers-online.ch\/?post_type=product&#038;p=40795"},"modified":"2026-03-20T03:09:09","modified_gmt":"2026-03-20T02:09:09","slug":"black-tiger-gold-poppers-24ml","status":"publish","type":"product","link":"https:\/\/poppers-online.ch\/it\/prodotto\/black-tiger-gold-poppers-24ml\/","title":{"rendered":"Popper Black Tiger Gold 24ml"},"content":{"rendered":"<p>Il nostro Black Tiger Gold Poppers 24ml \u00e8 basato sul nitrito di pentile originale. Risveglia la tigre che \u00e8 in te con Black Tiger Poppers e diventa il re della giungla. Non lasciate che la vostra preda scappi e dimostrate di essere il vero re della giungla. Vivete il vostro lato animale al massimo con i Popper Black Tiger, anche voi ne sarete entusiasti. La Gold Edition \u00e8 pi\u00f9 intensa della Silver Edition di Black Tiger Poppers e dura pi\u00f9 a lungo.<\/p>\n","protected":false},"excerpt":{"rendered":"<p>Il nostro Popper Black Tiger Gold 24ml \u00e8 basato sul nitrito di pentile originale. Risveglia la tigre che \u00e8 in te con i Popper Black Tiger Gold e diventa il re della giungla. Non lasciate che la vostra preda scappi e dimostrate di essere il vero re della giungla. Vivete appieno il vostro lato animale con i Popper Black Tiger Gold, ne sarete entusiasti anche voi. La Gold Edition \u00e8 pi\u00f9 intensa della Silver Edition di Popper Black Tiger e dura pi\u00f9 a lungo.<\/p>\n","protected":false},"featured_media":43057,"comment_status":"open","ping_status":"closed","template":"","meta":{"_acf_changed":false,"iawp_total_views":1,"_glsr_average":0,"_glsr_ranking":0,"_glsr_reviews":0},"product_brand":[],"product_cat":[109],"product_tag":[1870],"class_list":{"0":"post-40795","1":"product","2":"type-product","3":"status-publish","4":"has-post-thumbnail","6":"product_cat-boccette-grandi","7":"product_tag-black-tiger-gold-poppers-24ml-it","8":"pa_flaschenform-ovale-it","9":"pa_gewindegroesse-piccola","10":"pa_inhalt-24ml","11":"pa_inhaltsstoffe-nitrito-di-pentile","12":"pa_staerke-103","14":"first","15":"instock","16":"sale","17":"taxable","18":"shipping-taxable","19":"purchasable","20":"product-type-simple"},"acf":[],"_links":{"self":[{"href":"https:\/\/poppers-online.ch\/it\/wp-json\/wp\/v2\/product\/40795","targetHints":{"allow":["GET"]}}],"collection":[{"href":"https:\/\/poppers-online.ch\/it\/wp-json\/wp\/v2\/product"}],"about":[{"href":"https:\/\/poppers-online.ch\/it\/wp-json\/wp\/v2\/types\/product"}],"replies":[{"embeddable":true,"href":"https:\/\/poppers-online.ch\/it\/wp-json\/wp\/v2\/comments?post=40795"}],"wp:featuredmedia":[{"embeddable":true,"href":"https:\/\/poppers-online.ch\/it\/wp-json\/wp\/v2\/media\/43057"}],"wp:attachment":[{"href":"https:\/\/poppers-online.ch\/it\/wp-json\/wp\/v2\/media?parent=40795"}],"wp:term":[{"taxonomy":"product_brand","embeddable":true,"href":"https:\/\/poppers-online.ch\/it\/wp-json\/wp\/v2\/product_brand?post=40795"},{"taxonomy":"product_cat","embeddable":true,"href":"https:\/\/poppers-online.ch\/it\/wp-json\/wp\/v2\/product_cat?post=40795"},{"taxonomy":"product_tag","embeddable":true,"href":"https:\/\/poppers-online.ch\/it\/wp-json\/wp\/v2\/product_tag?post=40795"}],"curies":[{"name":"wp","href":"https:\/\/api.w.org\/{rel}","templated":true}]}}