{"id":40775,"date":"2022-11-24T15:43:06","date_gmt":"2022-11-24T14:43:07","guid":{"rendered":"https:\/\/poppers-online.ch\/?post_type=product&#038;p=40775"},"modified":"2024-10-16T00:30:39","modified_gmt":"2024-10-15T22:30:39","slug":"fist-fuel-poppers-10ml","status":"publish","type":"product","link":"https:\/\/poppers-online.ch\/it\/prodotto\/fist-fuel-poppers-10ml\/","title":{"rendered":"Popper Fist Fuel 10ml"},"content":{"rendered":"<p><span style=\"font-weight: 400;\">Il nostro Popper Fist Fuel 10ml \u00e8 basato sul nitrito Pentyl originale ed \u00e8 il vostro carburante per le sessioni di FF folli. La versione Ultra Strong di Fist Fuel d\u00e0 libero sfogo a ogni pugno per un grande divertimento. A proposito, nel nostro negozio vendiamo anche Anal Fist Lube.  <\/span><\/p>\n","protected":false},"excerpt":{"rendered":"<p><span style=\"font-weight: 400;\">Il nostro Popper Fist Fuel 10ml \u00e8 basato sul nitrito Pentyl originale ed \u00e8 il vostro carburante per le sessioni di FF folli. La versione Ultra Strong di Fist Fuel d\u00e0 libero sfogo a ogni pugno per un grande divertimento. A proposito, nel nostro negozio vendiamo anche Anal Fist Lube.  <\/span><\/p>\n","protected":false},"featured_media":43141,"comment_status":"open","ping_status":"closed","template":"","meta":{"_acf_changed":false,"iawp_total_views":2,"_glsr_average":0,"_glsr_ranking":0,"_glsr_reviews":0},"product_brand":[],"product_cat":[112],"product_tag":[365],"class_list":{"0":"post-40775","1":"product","2":"type-product","3":"status-publish","4":"has-post-thumbnail","6":"product_cat-boccette-piccole","7":"product_tag-fist-fuel-poppers-10ml-it","8":"pa_flaschenform-rotonda-piccola","9":"pa_gewindegroesse-piccola","10":"pa_inhalt-10ml","11":"pa_inhaltsstoffe-nitrito-di-pentile","12":"pa_marke-fist-popper","13":"pa_staerke-103","15":"first","16":"instock","17":"taxable","18":"shipping-taxable","19":"purchasable","20":"product-type-simple"},"acf":[],"_links":{"self":[{"href":"https:\/\/poppers-online.ch\/it\/wp-json\/wp\/v2\/product\/40775","targetHints":{"allow":["GET"]}}],"collection":[{"href":"https:\/\/poppers-online.ch\/it\/wp-json\/wp\/v2\/product"}],"about":[{"href":"https:\/\/poppers-online.ch\/it\/wp-json\/wp\/v2\/types\/product"}],"replies":[{"embeddable":true,"href":"https:\/\/poppers-online.ch\/it\/wp-json\/wp\/v2\/comments?post=40775"}],"wp:featuredmedia":[{"embeddable":true,"href":"https:\/\/poppers-online.ch\/it\/wp-json\/wp\/v2\/media\/43141"}],"wp:attachment":[{"href":"https:\/\/poppers-online.ch\/it\/wp-json\/wp\/v2\/media?parent=40775"}],"wp:term":[{"taxonomy":"product_brand","embeddable":true,"href":"https:\/\/poppers-online.ch\/it\/wp-json\/wp\/v2\/product_brand?post=40775"},{"taxonomy":"product_cat","embeddable":true,"href":"https:\/\/poppers-online.ch\/it\/wp-json\/wp\/v2\/product_cat?post=40775"},{"taxonomy":"product_tag","embeddable":true,"href":"https:\/\/poppers-online.ch\/it\/wp-json\/wp\/v2\/product_tag?post=40775"}],"curies":[{"name":"wp","href":"https:\/\/api.w.org\/{rel}","templated":true}]}}