{"id":40767,"date":"2022-11-24T15:39:36","date_gmt":"2022-11-24T14:39:36","guid":{"rendered":"https:\/\/poppers-online.ch\/?post_type=product&#038;p=40767"},"modified":"2025-10-23T12:39:36","modified_gmt":"2025-10-23T10:39:36","slug":"rush-fire-popper-10ml","status":"publish","type":"product","link":"https:\/\/poppers-online.ch\/it\/prodotto\/rush-fire-popper-10ml\/","title":{"rendered":"Rush Fire Popper 10ml"},"content":{"rendered":"<p>Rush Fire Popper 10ml \u00e8 basato sul nitrito di pentile originale. \u00c8 pi\u00f9 forte di Rush Original, ma non quanto Rush Ultra Strong. Il marchio Rush \u00e8 il marchio di popper pi\u00f9 venduto al mondo. Risvegliate il vostro fuoco interiore con il Rush Fire Popper 10ml a lunga durata e vivete momenti intensi, potenti e infuocati.<\/p>\n","protected":false},"excerpt":{"rendered":"<p><span style=\"font-weight: 400;\">Rush Fire Popper 10ml \u00e8 basato sul nitrito di pentile originale. \u00c8 pi\u00f9 forte del Rush Original Popper, ma non quanto il Rush Ultra Strong. Il marchio Rush \u00e8 il marchio di Popper pi\u00f9 venduto al mondo. Risveglia il fuoco che \u00e8 in te con il Rush Fire Popper 10ml a lunga durata e vivi momenti intensi, potenti e infuocati.    <\/span><\/p>\n<p>Se ti piace Rush Fire, allora ti piacer\u00e0 anche <a href=\"https:\/\/poppers-online.ch\/it\/prodotto\/rush-black-fire-popper-25ml\/\">Rush Black Fire Popper 25ml<\/a>, che puoi ordinare da noi a un prezzo eccezionale.<\/p>\n<h1 class=\"product_title entry-title elementor-heading-title elementor-size-default\"><\/h1>\n","protected":false},"featured_media":43523,"comment_status":"open","ping_status":"closed","template":"","meta":{"_acf_changed":false,"iawp_total_views":16,"_glsr_average":0,"_glsr_ranking":0,"_glsr_reviews":0},"product_brand":[],"product_cat":[112],"product_tag":[361],"class_list":{"0":"post-40767","1":"product","2":"type-product","3":"status-publish","4":"has-post-thumbnail","6":"product_cat-boccette-piccole","7":"product_tag-rush-fire-poppers-10ml-it","8":"pa_flaschenform-rotonda-piccola","9":"pa_gewindegroesse-piccola","10":"pa_inhalt-10ml","11":"pa_inhaltsstoffe-nitrito-di-pentile","12":"pa_marke-rush-popper","13":"pa_staerke-111","15":"first","16":"instock","17":"taxable","18":"shipping-taxable","19":"purchasable","20":"product-type-simple"},"acf":[],"_links":{"self":[{"href":"https:\/\/poppers-online.ch\/it\/wp-json\/wp\/v2\/product\/40767","targetHints":{"allow":["GET"]}}],"collection":[{"href":"https:\/\/poppers-online.ch\/it\/wp-json\/wp\/v2\/product"}],"about":[{"href":"https:\/\/poppers-online.ch\/it\/wp-json\/wp\/v2\/types\/product"}],"replies":[{"embeddable":true,"href":"https:\/\/poppers-online.ch\/it\/wp-json\/wp\/v2\/comments?post=40767"}],"wp:featuredmedia":[{"embeddable":true,"href":"https:\/\/poppers-online.ch\/it\/wp-json\/wp\/v2\/media\/43523"}],"wp:attachment":[{"href":"https:\/\/poppers-online.ch\/it\/wp-json\/wp\/v2\/media?parent=40767"}],"wp:term":[{"taxonomy":"product_brand","embeddable":true,"href":"https:\/\/poppers-online.ch\/it\/wp-json\/wp\/v2\/product_brand?post=40767"},{"taxonomy":"product_cat","embeddable":true,"href":"https:\/\/poppers-online.ch\/it\/wp-json\/wp\/v2\/product_cat?post=40767"},{"taxonomy":"product_tag","embeddable":true,"href":"https:\/\/poppers-online.ch\/it\/wp-json\/wp\/v2\/product_tag?post=40767"}],"curies":[{"name":"wp","href":"https:\/\/api.w.org\/{rel}","templated":true}]}}