{"id":40737,"date":"2022-11-24T15:29:14","date_gmt":"2022-11-24T14:29:14","guid":{"rendered":"https:\/\/poppers-online.ch\/?post_type=product&#038;p=40737"},"modified":"2025-10-23T14:15:06","modified_gmt":"2025-10-23T12:15:06","slug":"berlin-fist-extreme-strong-poppers-25ml","status":"publish","type":"product","link":"https:\/\/poppers-online.ch\/it\/prodotto\/berlin-fist-extreme-strong-poppers-25ml\/","title":{"rendered":"BERLIN FIST Popper estremo forte 25ml"},"content":{"rendered":"<p><span style=\"font-weight: 400;\">BERLIN FIST Extreme Strong Popper \u00e8 uno dei popper pi\u00f9 forti sul mercato ed \u00e8 basato sul nitrito di pentile originale. Al Queer Capital BERLIN vi aspettano feste per ogni gusto e preferenza. Ci piacciono il Berghain, il Lab, il KitKat, i party di sneaker a Folsom e naturalmente i party di gomma a Berlino. BERLIN FIST Extreme Strong Popper riporta i pensieri e le esperienze di Berlino a casa nostra ancora e ancora e non dovrebbe essere perso durante una sessione di pugni estesa. I popper sono molto duraturi, forniscono il necessario calcio extra ed esperienze molto intense. Amiamo le Berlin Vibes at Home. <\/span><\/p>\n","protected":false},"excerpt":{"rendered":"<p><span style=\"font-weight: 400;\">BERLIN FIST Extreme Strong Popper \u00e8 uno dei popper pi\u00f9 forti sul mercato ed \u00e8 basato sul nitrito di pentile originale. Al Queer Capital BERLIN vi aspettano feste per ogni gusto e preferenza. Ci piacciono il Berghain, il Lab, il KitKat, i party di sneaker a Folsom e naturalmente i party di gomma a Berlino. BERLIN FIST Extreme Strong Popper riporta i pensieri e le esperienze di Berlino a casa nostra ancora e ancora e non dovrebbe essere perso durante una sessione di pugni estesa. I popper sono molto duraturi, forniscono il necessario calcio extra ed esperienze molto intense. Amiamo le Berlin Vibes at Home. <\/span><\/p>\n","protected":false},"featured_media":43049,"comment_status":"open","ping_status":"closed","template":"","meta":{"_acf_changed":false,"iawp_total_views":44,"_glsr_average":0,"_glsr_ranking":0,"_glsr_reviews":0},"product_brand":[],"product_cat":[109],"product_tag":[333],"class_list":{"0":"post-40737","1":"product","2":"type-product","3":"status-publish","4":"has-post-thumbnail","6":"product_cat-boccette-grandi","7":"product_tag-berlin-fist-extreme-strong-poppers-25ml-it","8":"pa_flaschenform-ovale-it","9":"pa_gewindegroesse-piccola","10":"pa_inhalt-25ml","11":"pa_inhaltsstoffe-nitrito-di-pentile","12":"pa_marke-berlin-popper","13":"pa_marke-fist-popper","14":"pa_staerke-105","16":"first","17":"instock","18":"taxable","19":"shipping-taxable","20":"purchasable","21":"product-type-simple"},"acf":[],"_links":{"self":[{"href":"https:\/\/poppers-online.ch\/it\/wp-json\/wp\/v2\/product\/40737","targetHints":{"allow":["GET"]}}],"collection":[{"href":"https:\/\/poppers-online.ch\/it\/wp-json\/wp\/v2\/product"}],"about":[{"href":"https:\/\/poppers-online.ch\/it\/wp-json\/wp\/v2\/types\/product"}],"replies":[{"embeddable":true,"href":"https:\/\/poppers-online.ch\/it\/wp-json\/wp\/v2\/comments?post=40737"}],"wp:featuredmedia":[{"embeddable":true,"href":"https:\/\/poppers-online.ch\/it\/wp-json\/wp\/v2\/media\/43049"}],"wp:attachment":[{"href":"https:\/\/poppers-online.ch\/it\/wp-json\/wp\/v2\/media?parent=40737"}],"wp:term":[{"taxonomy":"product_brand","embeddable":true,"href":"https:\/\/poppers-online.ch\/it\/wp-json\/wp\/v2\/product_brand?post=40737"},{"taxonomy":"product_cat","embeddable":true,"href":"https:\/\/poppers-online.ch\/it\/wp-json\/wp\/v2\/product_cat?post=40737"},{"taxonomy":"product_tag","embeddable":true,"href":"https:\/\/poppers-online.ch\/it\/wp-json\/wp\/v2\/product_tag?post=40737"}],"curies":[{"name":"wp","href":"https:\/\/api.w.org\/{rel}","templated":true}]}}