{"id":38997,"date":"2022-11-01T22:26:47","date_gmt":"2022-11-01T21:26:47","guid":{"rendered":"https:\/\/poppers-online.ch\/?post_type=product&#038;p=38997"},"modified":"2024-10-16T00:35:28","modified_gmt":"2024-10-15T22:35:28","slug":"slipn-slide-premium-jelly-lubricant-59ml","status":"publish","type":"product","link":"https:\/\/poppers-online.ch\/it\/prodotto\/slipn-slide-premium-jelly-lubricant-59ml\/","title":{"rendered":"Slip\u2019N Slide Premium Jelly Lubricant 59ml Swiss Navy"},"content":{"rendered":"<p><span style=\"font-weight: 400;\">Questo lubrificante della Swiss Navy \u00e8 uno dei migliori lubrificanti a base d&#8217;acqua presenti sul mercato. Slip&#8217;N Slide Premium Jelly \u00e8 molto denso e rimane in posizione anche dopo l&#8217;applicazione. Questo lubrificante di qualit\u00e0 superiore di Swiss Navy non si assorbe troppo rapidamente nella pelle come gli altri lubrificanti a base d&#8217;acqua, quindi non \u00e8 necessario riapplicarlo cos\u00ec spesso. Consigliamo il lubrificante a base d&#8217;acqua Slip&#8217;N Slide Premium Jelly soprattutto se siete allergici ai lubrificanti a base di silicone e se vi piace giocare con i sex toys. Se vi piacciono i lubrificanti a base d&#8217;acqua, allora dovete assolutamente provare questo prodotto jelly di qualit\u00e0 superiore di Swiss Navy.<\/span><\/p>\n","protected":false},"excerpt":{"rendered":"<p><span style=\"font-weight: 400;\">Questo lubrificante della Swiss Navy \u00e8 uno dei migliori lubrificanti a base d&#8217;acqua presenti sul mercato. Slip&#8217;N Slide Premium Jelly \u00e8 molto denso e rimane in posizione anche dopo l&#8217;applicazione. Questo lubrificante di qualit\u00e0 superiore di Swiss Navy non si assorbe troppo rapidamente nella pelle come gli altri lubrificanti a base d&#8217;acqua, quindi non \u00e8 necessario riapplicarlo cos\u00ec spesso. Consigliamo il lubrificante a base d&#8217;acqua Slip&#8217;N Slide Premium Jelly soprattutto se siete allergici ai lubrificanti a base di silicone e se vi piace giocare con i sex toys. Se vi piacciono i lubrificanti a base d&#8217;acqua, allora dovete assolutamente provare questo prodotto jelly di qualit\u00e0 superiore di Swiss Navy.<\/span><\/p>\n","protected":false},"featured_media":39711,"comment_status":"open","ping_status":"closed","template":"","meta":{"_acf_changed":false,"iawp_total_views":4,"_glsr_average":0,"_glsr_ranking":0,"_glsr_reviews":0},"product_brand":[],"product_cat":[2068,168],"product_tag":[312],"class_list":{"0":"post-38997","1":"product","2":"type-product","3":"status-publish","4":"has-post-thumbnail","6":"product_cat-lubrificanti","7":"product_cat-farmacia","8":"product_tag-slipn-slide-premium-jelly-lubricant-59ml-it","10":"first","11":"instock","12":"sale","13":"taxable","14":"shipping-taxable","15":"purchasable","16":"product-type-simple"},"acf":[],"_links":{"self":[{"href":"https:\/\/poppers-online.ch\/it\/wp-json\/wp\/v2\/product\/38997","targetHints":{"allow":["GET"]}}],"collection":[{"href":"https:\/\/poppers-online.ch\/it\/wp-json\/wp\/v2\/product"}],"about":[{"href":"https:\/\/poppers-online.ch\/it\/wp-json\/wp\/v2\/types\/product"}],"replies":[{"embeddable":true,"href":"https:\/\/poppers-online.ch\/it\/wp-json\/wp\/v2\/comments?post=38997"}],"wp:featuredmedia":[{"embeddable":true,"href":"https:\/\/poppers-online.ch\/it\/wp-json\/wp\/v2\/media\/39711"}],"wp:attachment":[{"href":"https:\/\/poppers-online.ch\/it\/wp-json\/wp\/v2\/media?parent=38997"}],"wp:term":[{"taxonomy":"product_brand","embeddable":true,"href":"https:\/\/poppers-online.ch\/it\/wp-json\/wp\/v2\/product_brand?post=38997"},{"taxonomy":"product_cat","embeddable":true,"href":"https:\/\/poppers-online.ch\/it\/wp-json\/wp\/v2\/product_cat?post=38997"},{"taxonomy":"product_tag","embeddable":true,"href":"https:\/\/poppers-online.ch\/it\/wp-json\/wp\/v2\/product_tag?post=38997"}],"curies":[{"name":"wp","href":"https:\/\/api.w.org\/{rel}","templated":true}]}}