{"id":38955,"date":"2022-11-01T21:49:42","date_gmt":"2022-11-01T20:49:42","guid":{"rendered":"https:\/\/poppers-online.ch\/?post_type=product&#038;p=38955"},"modified":"2024-10-16T00:35:37","modified_gmt":"2024-10-15T22:35:37","slug":"beffy-panni-per-leccare-inodore-confezione-da-4","status":"publish","type":"product","link":"https:\/\/poppers-online.ch\/it\/prodotto\/beffy-panni-per-leccare-inodore-confezione-da-4\/","title":{"rendered":"Beffy Panni per leccare inodore &#8211; Confezione da 4"},"content":{"rendered":"","protected":false},"excerpt":{"rendered":"<p><span style=\"font-weight: 400;\">Che cos&#8217;\u00e8 un panno per leccare? La maggior parte delle persone non lo sa ancora. Il cofferdam, o anche chiamato panno per leccare, \u00e8 un piccolo panno in lattice, insapore e molto sottile, che si pu\u00f2 mettere sull&#8217;ano mentre si lecca l&#8217;altra persona. Le malattie sessualmente trasmissibili come il virus HP, la gonorrea, l&#8217;herpes, ecc. e i batteri intestinali possono essere trasmessi durante il rimjob. Se volete proteggervi e non volete rinunciare al rimjob, mettete semplicemente un panno Beffy sul vostro ano. I lecca-lecca sono usati anche dalle donne che fanno sesso con le donne. Il panno Beffy lick \u00e8 rettangolare, ha le dimensioni di un foglio A5 ed \u00e8 particolarmente sottile. \u00c8 meglio usare un lubrificante a base d&#8217;acqua con il panno Beffy lick. Una confezione di Beffy contiene 2&#215;2 salviette. Beffy non \u00e8 un contraccettivo. Conservare in un luogo fresco e asciutto. Divertitevi con il rimjob<\/span><\/p>\n","protected":false},"featured_media":45886,"comment_status":"open","ping_status":"closed","template":"","meta":{"_acf_changed":false,"iawp_total_views":8,"_glsr_average":0,"_glsr_ranking":0,"_glsr_reviews":0},"product_brand":[],"product_cat":[2071,168],"product_tag":[],"class_list":{"0":"post-38955","1":"product","2":"type-product","3":"status-publish","4":"has-post-thumbnail","6":"product_cat-helpers","7":"product_cat-farmacia","9":"first","10":"instock","11":"taxable","12":"shipping-taxable","13":"purchasable","14":"product-type-simple"},"acf":[],"_links":{"self":[{"href":"https:\/\/poppers-online.ch\/it\/wp-json\/wp\/v2\/product\/38955","targetHints":{"allow":["GET"]}}],"collection":[{"href":"https:\/\/poppers-online.ch\/it\/wp-json\/wp\/v2\/product"}],"about":[{"href":"https:\/\/poppers-online.ch\/it\/wp-json\/wp\/v2\/types\/product"}],"replies":[{"embeddable":true,"href":"https:\/\/poppers-online.ch\/it\/wp-json\/wp\/v2\/comments?post=38955"}],"wp:featuredmedia":[{"embeddable":true,"href":"https:\/\/poppers-online.ch\/it\/wp-json\/wp\/v2\/media\/45886"}],"wp:attachment":[{"href":"https:\/\/poppers-online.ch\/it\/wp-json\/wp\/v2\/media?parent=38955"}],"wp:term":[{"taxonomy":"product_brand","embeddable":true,"href":"https:\/\/poppers-online.ch\/it\/wp-json\/wp\/v2\/product_brand?post=38955"},{"taxonomy":"product_cat","embeddable":true,"href":"https:\/\/poppers-online.ch\/it\/wp-json\/wp\/v2\/product_cat?post=38955"},{"taxonomy":"product_tag","embeddable":true,"href":"https:\/\/poppers-online.ch\/it\/wp-json\/wp\/v2\/product_tag?post=38955"}],"curies":[{"name":"wp","href":"https:\/\/api.w.org\/{rel}","templated":true}]}}