{"id":38883,"date":"2022-11-01T14:10:32","date_gmt":"2022-11-01T13:10:32","guid":{"rendered":"https:\/\/poppers-online.ch\/?post_type=product&#038;p=38883"},"modified":"2024-10-16T00:35:40","modified_gmt":"2024-10-15T22:35:40","slug":"lubrificante-anale-swiss-navy-premium-a-base-di-silicone-59ml","status":"publish","type":"product","link":"https:\/\/poppers-online.ch\/it\/prodotto\/lubrificante-anale-swiss-navy-premium-a-base-di-silicone-59ml\/","title":{"rendered":"Lubrificante anale Swiss Navy Premium a base di silicone 59ml"},"content":{"rendered":"<p><span style=\"font-weight: 400;\">Il lubrificante anale Swiss Navy Premium \u00e8 particolarmente apprezzato dai gay e sempre pi\u00f9 anche dagli uomini etero. Da un lato, perch\u00e9 il lubrificante anale Swiss Navy Premium \u00e8 a base di silicone. I lubrificanti a base di silicone sono un po&#8217; pi\u00f9 costosi di quelli a base d&#8217;acqua, ma le molecole di silicone rimangono pi\u00f9 a lungo sulla pelle e la lubrificazione viene quindi mantenuta pi\u00f9 a lungo. Inoltre, il lubrificante anale Swiss Navy Premium contiene olio di chiodi di garofano. L&#8217;olio di chiodi di garofano \u00e8 considerato un leggero antidolorifico, che rende il sesso anale ancora pi\u00f9 piacevole. In breve, il gel lubrificante anale Swiss Navy Premium offre la massima soddisfazione sessuale e aumenta il piacere durante il sesso anale. Il prodotto \u00e8 privo di profumo, morbido come la seta, di lunga durata e realizzato con ingredienti di altissima qualit\u00e0.<\/span><\/p>\n","protected":false},"excerpt":{"rendered":"<p><span style=\"font-weight: 400;\">Il lubrificante anale Swiss Navy Premium \u00e8 particolarmente apprezzato dai gay e sempre pi\u00f9 anche dagli uomini etero. Da un lato, perch\u00e9 il lubrificante anale Swiss Navy Premium \u00e8 a base di silicone. I lubrificanti a base di silicone sono un po&#8217; pi\u00f9 costosi di quelli a base d&#8217;acqua, ma le molecole di silicone rimangono pi\u00f9 a lungo sulla pelle e la lubrificazione viene quindi mantenuta pi\u00f9 a lungo. Inoltre, il lubrificante anale Swiss Navy Premium contiene olio di chiodi di garofano. L&#8217;olio di chiodi di garofano \u00e8 considerato un leggero antidolorifico, che rende il sesso anale ancora pi\u00f9 piacevole. In breve, il gel lubrificante anale Swiss Navy Premium offre la massima soddisfazione sessuale e aumenta il piacere durante il sesso anale. Il prodotto \u00e8 privo di profumo, morbido come la seta, di lunga durata e realizzato con ingredienti di altissima qualit\u00e0.<\/span><\/p>\n","protected":false},"featured_media":39647,"comment_status":"open","ping_status":"closed","template":"","meta":{"_acf_changed":false,"iawp_total_views":6,"_glsr_average":0,"_glsr_ranking":0,"_glsr_reviews":0},"product_brand":[],"product_cat":[2068,168],"product_tag":[],"class_list":{"0":"post-38883","1":"product","2":"type-product","3":"status-publish","4":"has-post-thumbnail","6":"product_cat-lubrificanti","7":"product_cat-farmacia","9":"first","10":"instock","11":"taxable","12":"shipping-taxable","13":"purchasable","14":"product-type-simple"},"acf":[],"_links":{"self":[{"href":"https:\/\/poppers-online.ch\/it\/wp-json\/wp\/v2\/product\/38883","targetHints":{"allow":["GET"]}}],"collection":[{"href":"https:\/\/poppers-online.ch\/it\/wp-json\/wp\/v2\/product"}],"about":[{"href":"https:\/\/poppers-online.ch\/it\/wp-json\/wp\/v2\/types\/product"}],"replies":[{"embeddable":true,"href":"https:\/\/poppers-online.ch\/it\/wp-json\/wp\/v2\/comments?post=38883"}],"wp:featuredmedia":[{"embeddable":true,"href":"https:\/\/poppers-online.ch\/it\/wp-json\/wp\/v2\/media\/39647"}],"wp:attachment":[{"href":"https:\/\/poppers-online.ch\/it\/wp-json\/wp\/v2\/media?parent=38883"}],"wp:term":[{"taxonomy":"product_brand","embeddable":true,"href":"https:\/\/poppers-online.ch\/it\/wp-json\/wp\/v2\/product_brand?post=38883"},{"taxonomy":"product_cat","embeddable":true,"href":"https:\/\/poppers-online.ch\/it\/wp-json\/wp\/v2\/product_cat?post=38883"},{"taxonomy":"product_tag","embeddable":true,"href":"https:\/\/poppers-online.ch\/it\/wp-json\/wp\/v2\/product_tag?post=38883"}],"curies":[{"name":"wp","href":"https:\/\/api.w.org\/{rel}","templated":true}]}}