{"id":38419,"date":"2022-10-25T15:06:15","date_gmt":"2022-10-25T13:06:16","guid":{"rendered":"https:\/\/poppers-online.ch\/?post_type=product&#038;p=38419"},"modified":"2025-04-24T12:40:51","modified_gmt":"2025-04-24T10:40:51","slug":"animal-combo-4-bottiglie","status":"publish","type":"product","link":"https:\/\/poppers-online.ch\/it\/prodotto\/animal-combo-4-bottiglie\/","title":{"rendered":"Combo animali 4 boccette"},"content":{"rendered":"<p><span style=\"font-weight: 400\">Il nostro Animal Combo \u00e8 composto da 4 boccette che offrono esperienze con gli animali. L&#8217;Iron Horse 25ml Popper \u00e8 un popper a forma di cavallo e risveglia lo stallone in voi o nel vostro partner. Il Popper Eagle da 10 ml \u00e8 sinonimo di forza e coraggio. Inoltre, confezioniamo i nostri Popper Wings Brown da 10 ml per garantirvi di volare in alto. Il Popper Pig Sweat 15ml non solo fa sudare i maiali, ma \u00e8 anche garantito per far sudare ogni uomo. Iniziamo con le esperienze con gli animali grazie al nostro Animal Combo.<\/span><\/p>\n","protected":false},"excerpt":{"rendered":"<p><span style=\"font-weight: 400\">Il nostro Animal Combo \u00e8 composto da 4 bottiglie che offrono esperienze con gli animali. L&#8217;Iron Horse 25ml Popper \u00e8 un popper a forma di cavallo e risveglia lo stallone in voi o nel vostro partner. Il Popper Eagle da 10 ml \u00e8 sinonimo di forza e coraggio. Inoltre, confezioniamo i nostri Popper Wings Brown da 10 ml per garantirvi di volare in alto. Il Popper Pig Sweat 15ml non solo fa sudare i maiali, ma \u00e8 anche garantito per far sudare ogni uomo. Iniziamo con le esperienze con gli animali grazie al nostro Animal Combo.<\/span><\/p>\n","protected":false},"featured_media":55079,"comment_status":"open","ping_status":"closed","template":"","meta":{"_acf_changed":false,"iawp_total_views":2,"_glsr_average":0,"_glsr_ranking":0,"_glsr_reviews":0},"product_brand":[],"product_cat":[1047,104,109,112],"product_tag":[1867,239,238,241,240],"class_list":{"0":"post-38419","1":"product","2":"type-product","3":"status-publish","4":"has-post-thumbnail","6":"product_cat-popper","7":"product_cat-confezioni-value","8":"product_cat-boccette-grandi","9":"product_cat-boccette-piccole","10":"product_tag-combo-animali-4-bottiglie","11":"product_tag-eagle-10ml-it","12":"product_tag-iron-horse-25ml-it","13":"product_tag-pig-sweat-15ml-it","14":"product_tag-wings-brown-10ml-it","15":"pa_flaschenform-angolare","16":"pa_flaschenform-rotonda-piccola","17":"pa_gewindegroesse-piccola","18":"pa_inhalt-combo","19":"pa_inhalt-25ml","20":"pa_inhalt-15ml","21":"pa_inhalt-10ml","22":"pa_inhaltsstoffe-formula-pentile-canadese","23":"pa_marke-lockerroom-popper","24":"pa_staerke-103","26":"first","27":"instock","28":"sale","29":"taxable","30":"shipping-taxable","31":"purchasable","32":"product-type-simple"},"acf":[],"_links":{"self":[{"href":"https:\/\/poppers-online.ch\/it\/wp-json\/wp\/v2\/product\/38419","targetHints":{"allow":["GET"]}}],"collection":[{"href":"https:\/\/poppers-online.ch\/it\/wp-json\/wp\/v2\/product"}],"about":[{"href":"https:\/\/poppers-online.ch\/it\/wp-json\/wp\/v2\/types\/product"}],"replies":[{"embeddable":true,"href":"https:\/\/poppers-online.ch\/it\/wp-json\/wp\/v2\/comments?post=38419"}],"wp:featuredmedia":[{"embeddable":true,"href":"https:\/\/poppers-online.ch\/it\/wp-json\/wp\/v2\/media\/55079"}],"wp:attachment":[{"href":"https:\/\/poppers-online.ch\/it\/wp-json\/wp\/v2\/media?parent=38419"}],"wp:term":[{"taxonomy":"product_brand","embeddable":true,"href":"https:\/\/poppers-online.ch\/it\/wp-json\/wp\/v2\/product_brand?post=38419"},{"taxonomy":"product_cat","embeddable":true,"href":"https:\/\/poppers-online.ch\/it\/wp-json\/wp\/v2\/product_cat?post=38419"},{"taxonomy":"product_tag","embeddable":true,"href":"https:\/\/poppers-online.ch\/it\/wp-json\/wp\/v2\/product_tag?post=38419"}],"curies":[{"name":"wp","href":"https:\/\/api.w.org\/{rel}","templated":true}]}}