{"id":37275,"date":"2022-10-08T19:27:45","date_gmt":"2022-10-08T17:27:45","guid":{"rendered":"https:\/\/poppers-online.ch\/?post_type=product&#038;p=37275"},"modified":"2025-10-23T12:33:19","modified_gmt":"2025-10-23T10:33:19","slug":"double-fist-extreme-popper-10ml","status":"publish","type":"product","link":"https:\/\/poppers-online.ch\/it\/prodotto\/double-fist-extreme-popper-10ml\/","title":{"rendered":"Popper estremo a doppio pugno 10ml"},"content":{"rendered":"<p><span style=\"font-weight: 400;\">Il Double Fist Extreme Popper 10ml \u00e8 una novit\u00e0 sul mercato svizzero dal 2022. Si basa sul nitrito di pentile originale. Questo Popper \u00e8 un must per tutti gli amanti dei pugni e per coloro che vorrebbero diventarlo.  <\/span><\/p>\n","protected":false},"excerpt":{"rendered":"<p><span style=\"font-weight: 400;\">Il Double Fist Extreme Popper 10ml \u00e8 una novit\u00e0 sul mercato svizzero dal 2022. Si basa sul nitrito di pentile originale. Questo Popper \u00e8 un must per tutti gli amanti dei pugni e per coloro che vorrebbero diventarlo. <\/span><\/p>\n","protected":false},"featured_media":37698,"comment_status":"open","ping_status":"closed","template":"","meta":{"_acf_changed":false,"iawp_total_views":6,"_glsr_average":0,"_glsr_ranking":0,"_glsr_reviews":0},"product_brand":[],"product_cat":[112],"product_tag":[2149,1443,2150],"class_list":{"0":"post-37275","1":"product","2":"type-product","3":"status-publish","4":"has-post-thumbnail","6":"product_cat-boccette-piccole","7":"product_tag-eagle-popper-10ml","8":"product_tag-popper","9":"product_tag-popper-estremo-a-doppio-pugno-10ml","10":"pa_flaschenform-rotonda-piccola","11":"pa_gewindegroesse-piccola","12":"pa_inhalt-10ml","13":"pa_inhaltsstoffe-nitrito-di-pentile","14":"pa_marke-fist-popper","15":"pa_marke-oxy-edition-it","16":"pa_staerke-103","18":"first","19":"instock","20":"taxable","21":"shipping-taxable","22":"purchasable","23":"product-type-simple"},"acf":[],"_links":{"self":[{"href":"https:\/\/poppers-online.ch\/it\/wp-json\/wp\/v2\/product\/37275","targetHints":{"allow":["GET"]}}],"collection":[{"href":"https:\/\/poppers-online.ch\/it\/wp-json\/wp\/v2\/product"}],"about":[{"href":"https:\/\/poppers-online.ch\/it\/wp-json\/wp\/v2\/types\/product"}],"replies":[{"embeddable":true,"href":"https:\/\/poppers-online.ch\/it\/wp-json\/wp\/v2\/comments?post=37275"}],"wp:featuredmedia":[{"embeddable":true,"href":"https:\/\/poppers-online.ch\/it\/wp-json\/wp\/v2\/media\/37698"}],"wp:attachment":[{"href":"https:\/\/poppers-online.ch\/it\/wp-json\/wp\/v2\/media?parent=37275"}],"wp:term":[{"taxonomy":"product_brand","embeddable":true,"href":"https:\/\/poppers-online.ch\/it\/wp-json\/wp\/v2\/product_brand?post=37275"},{"taxonomy":"product_cat","embeddable":true,"href":"https:\/\/poppers-online.ch\/it\/wp-json\/wp\/v2\/product_cat?post=37275"},{"taxonomy":"product_tag","embeddable":true,"href":"https:\/\/poppers-online.ch\/it\/wp-json\/wp\/v2\/product_tag?post=37275"}],"curies":[{"name":"wp","href":"https:\/\/api.w.org\/{rel}","templated":true}]}}