{"id":37272,"date":"2022-10-08T19:16:29","date_gmt":"2022-10-08T17:16:29","guid":{"rendered":"https:\/\/poppers-online.ch\/?post_type=product&#038;p=37272"},"modified":"2025-10-23T12:33:46","modified_gmt":"2025-10-23T10:33:46","slug":"super-extreme-slut-popper-10ml","status":"publish","type":"product","link":"https:\/\/poppers-online.ch\/it\/prodotto\/super-extreme-slut-popper-10ml\/","title":{"rendered":"Super Extreme Slut Popper 10ml"},"content":{"rendered":"<p><span style=\"font-weight: 400;\">Il Super Extreme Slut Popper 10ml \u00e8 una novit\u00e0 sul mercato svizzero dal 2022. Si basa sul nitrito di pentile originale. Questo Popper trasformer\u00e0 te o il tuo partner in una Super Puttana Estrema ancora pi\u00f9 vogliosa e senza tab\u00f9.<\/span><\/p>\n","protected":false},"excerpt":{"rendered":"<p><span style=\"font-weight: 400;\">Il Super Extreme Slut Popper 10ml \u00e8 una novit\u00e0 sul mercato svizzero dal 2022. Si basa sul nitrito di pentile originale. Questo Popper trasformer\u00e0 te o il tuo partner in una Super Puttana Estrema ancora pi\u00f9 vogliosa e senza tab\u00f9.<\/span><\/p>\n","protected":false},"featured_media":37738,"comment_status":"open","ping_status":"closed","template":"","meta":{"_acf_changed":false,"iawp_total_views":7,"_glsr_average":0,"_glsr_ranking":0,"_glsr_reviews":0},"product_brand":[],"product_cat":[112],"product_tag":[1443,2151],"class_list":{"0":"post-37272","1":"product","2":"type-product","3":"status-publish","4":"has-post-thumbnail","6":"product_cat-boccette-piccole","7":"product_tag-popper","8":"product_tag-super-extreme-slut-popper-10ml","9":"pa_flaschenform-rotonda-piccola","10":"pa_gewindegroesse-piccola","11":"pa_inhalt-10ml","12":"pa_inhaltsstoffe-nitrito-di-pentile","13":"pa_marke-oxy-edition-it","14":"pa_staerke-111","16":"first","17":"instock","18":"featured","19":"taxable","20":"shipping-taxable","21":"purchasable","22":"product-type-simple"},"acf":[],"_links":{"self":[{"href":"https:\/\/poppers-online.ch\/it\/wp-json\/wp\/v2\/product\/37272","targetHints":{"allow":["GET"]}}],"collection":[{"href":"https:\/\/poppers-online.ch\/it\/wp-json\/wp\/v2\/product"}],"about":[{"href":"https:\/\/poppers-online.ch\/it\/wp-json\/wp\/v2\/types\/product"}],"replies":[{"embeddable":true,"href":"https:\/\/poppers-online.ch\/it\/wp-json\/wp\/v2\/comments?post=37272"}],"wp:featuredmedia":[{"embeddable":true,"href":"https:\/\/poppers-online.ch\/it\/wp-json\/wp\/v2\/media\/37738"}],"wp:attachment":[{"href":"https:\/\/poppers-online.ch\/it\/wp-json\/wp\/v2\/media?parent=37272"}],"wp:term":[{"taxonomy":"product_brand","embeddable":true,"href":"https:\/\/poppers-online.ch\/it\/wp-json\/wp\/v2\/product_brand?post=37272"},{"taxonomy":"product_cat","embeddable":true,"href":"https:\/\/poppers-online.ch\/it\/wp-json\/wp\/v2\/product_cat?post=37272"},{"taxonomy":"product_tag","embeddable":true,"href":"https:\/\/poppers-online.ch\/it\/wp-json\/wp\/v2\/product_tag?post=37272"}],"curies":[{"name":"wp","href":"https:\/\/api.w.org\/{rel}","templated":true}]}}