{"id":3363,"date":"2021-06-23T16:08:03","date_gmt":"2021-06-23T14:08:03","guid":{"rendered":"https:\/\/poppers.novatask.biz\/produkt\/eagle-10ml\/"},"modified":"2025-08-29T00:19:38","modified_gmt":"2025-08-28T22:19:38","slug":"eagle-popper-10ml","status":"publish","type":"product","link":"https:\/\/poppers-online.ch\/it\/prodotto\/eagle-popper-10ml\/","title":{"rendered":"Eagle Popper 10ml"},"content":{"rendered":"<p>Eagle Popper 10ml \u00e8 un marchio di popper appena rilanciato dal produttore Lockerroom del Canada. Questo esisteva gi\u00e0 una volta negli anni &#8217;80, ora Eagle Popper \u00e8 di nuovo disponibile. Eagle Popper fornisce effetti di lunga durata. Prodotto a base di nitrito di pentile. Disponibile esclusivamente per la Svizzera su poppers-online.ch. Prova Eagle Popper e lascia una recensione del prodotto su questa pagina.<\/p>\n","protected":false},"excerpt":{"rendered":"<p>Eagle Popper 10ml \u00e8 un marchio di popper appena rilanciato dal produttore Lockerroom del Canada. Questo esisteva gi\u00e0 una volta negli anni &#8217;80, ora Eagle Popper \u00e8 di nuovo disponibile. Eagle Popper fornisce effetti di lunga durata. Prodotto a base di nitrito di pentile. Disponibile esclusivamente per la Svizzera su poppers-online.ch. Prova Eagle Popper e lascia una recensione del prodotto su questa pagina.<\/p>\n","protected":false},"featured_media":136920,"comment_status":"open","ping_status":"closed","template":"","meta":{"_acf_changed":false,"iawp_total_views":6,"_glsr_average":0,"_glsr_ranking":0,"_glsr_reviews":0},"product_brand":[],"product_cat":[112],"product_tag":[2149,1443],"class_list":{"0":"post-3363","1":"product","2":"type-product","3":"status-publish","4":"has-post-thumbnail","6":"product_cat-boccette-piccole","7":"product_tag-eagle-popper-10ml","8":"product_tag-popper","9":"pa_flaschenform-rotonda-piccola","10":"pa_gewindegroesse-piccola","11":"pa_inhalt-10ml","12":"pa_inhaltsstoffe-formula-pentile-canadese","13":"pa_marke-lockerroom-popper","14":"pa_staerke-111","16":"first","17":"instock","18":"taxable","19":"shipping-taxable","20":"purchasable","21":"product-type-simple"},"acf":[],"_links":{"self":[{"href":"https:\/\/poppers-online.ch\/it\/wp-json\/wp\/v2\/product\/3363","targetHints":{"allow":["GET"]}}],"collection":[{"href":"https:\/\/poppers-online.ch\/it\/wp-json\/wp\/v2\/product"}],"about":[{"href":"https:\/\/poppers-online.ch\/it\/wp-json\/wp\/v2\/types\/product"}],"replies":[{"embeddable":true,"href":"https:\/\/poppers-online.ch\/it\/wp-json\/wp\/v2\/comments?post=3363"}],"wp:featuredmedia":[{"embeddable":true,"href":"https:\/\/poppers-online.ch\/it\/wp-json\/wp\/v2\/media\/136920"}],"wp:attachment":[{"href":"https:\/\/poppers-online.ch\/it\/wp-json\/wp\/v2\/media?parent=3363"}],"wp:term":[{"taxonomy":"product_brand","embeddable":true,"href":"https:\/\/poppers-online.ch\/it\/wp-json\/wp\/v2\/product_brand?post=3363"},{"taxonomy":"product_cat","embeddable":true,"href":"https:\/\/poppers-online.ch\/it\/wp-json\/wp\/v2\/product_cat?post=3363"},{"taxonomy":"product_tag","embeddable":true,"href":"https:\/\/poppers-online.ch\/it\/wp-json\/wp\/v2\/product_tag?post=3363"}],"curies":[{"name":"wp","href":"https:\/\/api.w.org\/{rel}","templated":true}]}}