{"id":31174,"date":"2022-07-10T20:51:50","date_gmt":"2022-07-10T18:51:50","guid":{"rendered":"https:\/\/poppers-online.ch\/?post_type=product&#038;p=31174"},"modified":"2026-02-04T19:09:28","modified_gmt":"2026-02-04T18:09:28","slug":"double-rush-extra-strong-30ml","status":"publish","type":"product","link":"https:\/\/poppers-online.ch\/it\/prodotto\/double-rush-extra-strong-30ml\/","title":{"rendered":"Double Rush Extra Strong 30ml"},"content":{"rendered":"<p>&nbsp;<\/p>\n<div id=\"a36bb854c610d44-autofill-overlay-host\" class=\"a36bb854c610d44-autofill-overlay-host\" style=\"position: absolute;z-index: 10;top: 0px;left: 0px;width: 0\">\n<div><\/div>\n<\/div>\n<div id=\"a36bb854c610d44-autofill-overlay-host\" class=\"a36bb854c610d44-autofill-overlay-host\" style=\"position: absolute;z-index: 10;top: 0px;left: 0px;width: 0\">\n<div><\/div>\n<\/div>\n","protected":false},"excerpt":{"rendered":"<p>Il Rush Extra Strong Popper \u00e8 tornato nell&#8217;inconfondibile boccetta gialla da 30 ml. \u00c8 stato copiato molte volte in Europa. Il Popper Rush Extra Strong \u00e8 fino a 3 volte pi\u00f9 forte del Rush normale. I Rush Popper sono tra i pi\u00f9 venduti in tutto il mondo e anche in Svizzera. Prova Rush Extra Strong Popper da solo o insieme ai tuoi amici e lasciaci una recensione sul prodotto.<\/p>\n","protected":false},"featured_media":31156,"comment_status":"open","ping_status":"closed","template":"","meta":{"_acf_changed":false,"iawp_total_views":18,"_glsr_average":0,"_glsr_ranking":0,"_glsr_reviews":0},"product_brand":[],"product_cat":[1047,104,109],"product_tag":[434],"class_list":{"0":"post-31174","1":"product","2":"type-product","3":"status-publish","4":"has-post-thumbnail","6":"product_cat-popper","7":"product_cat-confezioni-value","8":"product_cat-boccette-grandi","9":"product_tag-rush-it","10":"pa_flaschenform-rotonda-grande","11":"pa_gewindegroesse-piccola","12":"pa_inhalt-combo","13":"pa_inhalt-30ml","14":"pa_inhaltsstoffe-nitrito-esile","15":"pa_marke-lockerroom-popper","16":"pa_marke-rush-popper","17":"pa_staerke-105","19":"first","20":"instock","21":"sale","22":"taxable","23":"shipping-taxable","24":"purchasable","25":"product-type-simple"},"acf":[],"_links":{"self":[{"href":"https:\/\/poppers-online.ch\/it\/wp-json\/wp\/v2\/product\/31174","targetHints":{"allow":["GET"]}}],"collection":[{"href":"https:\/\/poppers-online.ch\/it\/wp-json\/wp\/v2\/product"}],"about":[{"href":"https:\/\/poppers-online.ch\/it\/wp-json\/wp\/v2\/types\/product"}],"replies":[{"embeddable":true,"href":"https:\/\/poppers-online.ch\/it\/wp-json\/wp\/v2\/comments?post=31174"}],"wp:featuredmedia":[{"embeddable":true,"href":"https:\/\/poppers-online.ch\/it\/wp-json\/wp\/v2\/media\/31156"}],"wp:attachment":[{"href":"https:\/\/poppers-online.ch\/it\/wp-json\/wp\/v2\/media?parent=31174"}],"wp:term":[{"taxonomy":"product_brand","embeddable":true,"href":"https:\/\/poppers-online.ch\/it\/wp-json\/wp\/v2\/product_brand?post=31174"},{"taxonomy":"product_cat","embeddable":true,"href":"https:\/\/poppers-online.ch\/it\/wp-json\/wp\/v2\/product_cat?post=31174"},{"taxonomy":"product_tag","embeddable":true,"href":"https:\/\/poppers-online.ch\/it\/wp-json\/wp\/v2\/product_tag?post=31174"}],"curies":[{"name":"wp","href":"https:\/\/api.w.org\/{rel}","templated":true}]}}