{"id":30651,"date":"2022-07-08T00:09:32","date_gmt":"2022-07-07T22:09:32","guid":{"rendered":"https:\/\/poppers-online.ch\/?post_type=product&#038;p=30651"},"modified":"2026-04-06T09:16:01","modified_gmt":"2026-04-06T07:16:01","slug":"rush-extra-strong-30ml","status":"publish","type":"product","link":"https:\/\/poppers-online.ch\/it\/prodotto\/rush-extra-strong-30ml\/","title":{"rendered":"Rush Extra Forte 30ml"},"content":{"rendered":"<p>&nbsp;<\/p>\n<div id=\"a36bb854c610d44-autofill-overlay-host\" class=\"a36bb854c610d44-autofill-overlay-host\" style=\"position: absolute;z-index: 10;top: 0px;left: 0px;width: 0\">\n<div><\/div>\n<\/div>\n<div id=\"a36bb854c610d44-autofill-overlay-host\" class=\"a36bb854c610d44-autofill-overlay-host\" style=\"position: absolute;z-index: 10;top: 0px;left: 0px;width: 0\">\n<div><\/div>\n<\/div>\n","protected":false},"excerpt":{"rendered":"<p><span data-sheets-value=\"{\"1\":2,\"2\":\"Das Rush Extra Strong Poppers ist zur\u00fcck in der unverkennbaren gelben 30ml Flasche. Es wurde in Europa x mal kopiert. Rush Extra Strong Poppers ist bis zu 3x st\u00e4rker als das normale Rush. Rush Poppers geh\u00f6ren zu den meisteverkauften Poppers weltweit und auch in der Schweiz. Probiere Rush Extra Strong Poppers alleine oder zusammen mit deinen Freunden aus und hinterlasse uns eine Produktbewertung. \"}\" data-sheets-userformat=\"{\"2\":515,\"3\":{\"1\":0},\"4\":{\"1\":3,\"3\":2},\"12\":0}\">Il Rush Extra Strong 30ml Popper \u00e8 tornato nell&#8217;inconfondibile boccetta gialla da 30ml. \u00c8 stato copiato pi\u00f9 volte in Europa. Il Rush Extra Strong Popper \u00e8 fino a tre volte pi\u00f9 forte del Rush normale. I Rush Popper sono tra i pi\u00f9 venduti in tutto il mondo e anche in Svizzera. Prova il Rush Extra Strong Popper da solo o con i tuoi amici e lasciaci una recensione sul prodotto.<br \/>\n<\/span><\/p>\n<div id=\"a36bb854c610d44-autofill-overlay-host\" class=\"a36bb854c610d44-autofill-overlay-host\" style=\"position: absolute;z-index: 10;top: 0px;left: 0px;width: 0\">\n<div><\/div>\n<\/div>\n<div id=\"a36bb854c610d44-autofill-overlay-host\" class=\"a36bb854c610d44-autofill-overlay-host\" style=\"position: absolute;z-index: 10;top: 0px;left: 0px;width: 0\">\n<div><\/div>\n<\/div>\n","protected":false},"featured_media":103412,"comment_status":"open","ping_status":"closed","template":"","meta":{"_acf_changed":false,"iawp_total_views":29,"_glsr_average":0,"_glsr_ranking":0,"_glsr_reviews":0},"product_brand":[],"product_cat":[109],"product_tag":[],"class_list":{"0":"post-30651","1":"product","2":"type-product","3":"status-publish","4":"has-post-thumbnail","6":"product_cat-boccette-grandi","7":"pa_flaschenform-rotonda-grande","8":"pa_gewindegroesse-piccola","9":"pa_inhalt-30ml","10":"pa_inhaltsstoffe-nitrito-esile","11":"pa_marke-rush-popper","12":"pa_staerke-105","14":"first","15":"instock","16":"taxable","17":"shipping-taxable","18":"purchasable","19":"product-type-simple"},"acf":[],"_links":{"self":[{"href":"https:\/\/poppers-online.ch\/it\/wp-json\/wp\/v2\/product\/30651","targetHints":{"allow":["GET"]}}],"collection":[{"href":"https:\/\/poppers-online.ch\/it\/wp-json\/wp\/v2\/product"}],"about":[{"href":"https:\/\/poppers-online.ch\/it\/wp-json\/wp\/v2\/types\/product"}],"replies":[{"embeddable":true,"href":"https:\/\/poppers-online.ch\/it\/wp-json\/wp\/v2\/comments?post=30651"}],"wp:featuredmedia":[{"embeddable":true,"href":"https:\/\/poppers-online.ch\/it\/wp-json\/wp\/v2\/media\/103412"}],"wp:attachment":[{"href":"https:\/\/poppers-online.ch\/it\/wp-json\/wp\/v2\/media?parent=30651"}],"wp:term":[{"taxonomy":"product_brand","embeddable":true,"href":"https:\/\/poppers-online.ch\/it\/wp-json\/wp\/v2\/product_brand?post=30651"},{"taxonomy":"product_cat","embeddable":true,"href":"https:\/\/poppers-online.ch\/it\/wp-json\/wp\/v2\/product_cat?post=30651"},{"taxonomy":"product_tag","embeddable":true,"href":"https:\/\/poppers-online.ch\/it\/wp-json\/wp\/v2\/product_tag?post=30651"}],"curies":[{"name":"wp","href":"https:\/\/api.w.org\/{rel}","templated":true}]}}