{"id":30647,"date":"2022-07-08T00:00:36","date_gmt":"2022-07-07T22:00:36","guid":{"rendered":"https:\/\/poppers-online.ch\/?post_type=product&#038;p=30647"},"modified":"2025-10-23T12:59:46","modified_gmt":"2025-10-23T10:59:46","slug":"mega-rush-30ml","status":"publish","type":"product","link":"https:\/\/poppers-online.ch\/it\/prodotto\/mega-rush-30ml\/","title":{"rendered":"Mega Rush 30ml"},"content":{"rendered":"<p><span data-sheets-value=\"{\"1\":2,\"2\":\"Rush 30ml. Rush ist das meistverkaufte Poppers weltweit, in Europa und auch in der Schweiz. Mega Rush ist hergestellt auf Basis Hexylnitrit und wird auch dich und deine Freunde begeistern.\"}\" data-sheets-userformat=\"{\"2\":1391105,\"3\":{\"1\":0},\"12\":0,\"14\":{\"1\":2,\"2\":0},\"15\":\"Poppins, sans-serif\",\"16\":10,\"19\":0,\"21\":0,\"23\":1}\"> <\/span><\/p>\n<div id=\"a36bb854c610d44-autofill-overlay-host\" class=\"a36bb854c610d44-autofill-overlay-host\" style=\"position: absolute;z-index: 10;top: 0px;left: 0px;width: 0\">\n<div><\/div>\n<\/div>\n<div id=\"a36bb854c610d44-autofill-overlay-host\" class=\"a36bb854c610d44-autofill-overlay-host\" style=\"position: absolute;z-index: 10;top: 0px;left: 0px;width: 0\">\n<div><\/div>\n<\/div>\n","protected":false},"excerpt":{"rendered":"<p><span data-sheets-value=\"{\"1\":2,\"2\":\"Rush 30ml. Rush ist das meistverkaufte Poppers weltweit, in Europa und auch in der Schweiz. Mega Rush ist hergestellt auf Basis Hexylnitrit und wird auch dich und deine Freunde begeistern.\"}\" data-sheets-userformat=\"{\"2\":1391105,\"3\":{\"1\":0},\"12\":0,\"14\":{\"1\":2,\"2\":0},\"15\":\"Poppins, sans-serif\",\"16\":10,\"19\":0,\"21\":0,\"23\":1}\">Mega Rush 30ml: Rush \u00e8 il Popper pi\u00f9 venduto in tutto il mondo, in Europa e anche in Svizzera. Mega Rush \u00e8 realizzato a base di nitrito di esile e sapr\u00e0 entusiasmare te e i tuoi amici. La nostra boccetta pi\u00f9 grande per un divertimento di lunga durata. Ordina il classico ora, fino a esaurimento scorte.<br \/>\n<\/span><\/p>\n<div id=\"a36bb854c610d44-autofill-overlay-host\" class=\"a36bb854c610d44-autofill-overlay-host\" style=\"position: absolute;z-index: 10;top: 0px;left: 0px;width: 0\">\n<div><\/div>\n<\/div>\n<div id=\"a36bb854c610d44-autofill-overlay-host\" class=\"a36bb854c610d44-autofill-overlay-host\" style=\"position: absolute;z-index: 10;top: 0px;left: 0px;width: 0\">\n<div><\/div>\n<\/div>\n","protected":false},"featured_media":103416,"comment_status":"open","ping_status":"closed","template":"","meta":{"_acf_changed":false,"iawp_total_views":9,"_glsr_average":0,"_glsr_ranking":0,"_glsr_reviews":0},"product_brand":[],"product_cat":[1047,109],"product_tag":[],"class_list":{"0":"post-30647","1":"product","2":"type-product","3":"status-publish","4":"has-post-thumbnail","6":"product_cat-popper","7":"product_cat-boccette-grandi","8":"pa_flaschenform-rotonda-grande","9":"pa_gewindegroesse-piccola","10":"pa_inhalt-30ml","11":"pa_inhaltsstoffe-nitrito-esile","12":"pa_marke-rush-popper","13":"pa_staerke-106","15":"first","16":"instock","17":"sale","18":"taxable","19":"shipping-taxable","20":"purchasable","21":"product-type-simple"},"acf":[],"_links":{"self":[{"href":"https:\/\/poppers-online.ch\/it\/wp-json\/wp\/v2\/product\/30647","targetHints":{"allow":["GET"]}}],"collection":[{"href":"https:\/\/poppers-online.ch\/it\/wp-json\/wp\/v2\/product"}],"about":[{"href":"https:\/\/poppers-online.ch\/it\/wp-json\/wp\/v2\/types\/product"}],"replies":[{"embeddable":true,"href":"https:\/\/poppers-online.ch\/it\/wp-json\/wp\/v2\/comments?post=30647"}],"wp:featuredmedia":[{"embeddable":true,"href":"https:\/\/poppers-online.ch\/it\/wp-json\/wp\/v2\/media\/103416"}],"wp:attachment":[{"href":"https:\/\/poppers-online.ch\/it\/wp-json\/wp\/v2\/media?parent=30647"}],"wp:term":[{"taxonomy":"product_brand","embeddable":true,"href":"https:\/\/poppers-online.ch\/it\/wp-json\/wp\/v2\/product_brand?post=30647"},{"taxonomy":"product_cat","embeddable":true,"href":"https:\/\/poppers-online.ch\/it\/wp-json\/wp\/v2\/product_cat?post=30647"},{"taxonomy":"product_tag","embeddable":true,"href":"https:\/\/poppers-online.ch\/it\/wp-json\/wp\/v2\/product_tag?post=30647"}],"curies":[{"name":"wp","href":"https:\/\/api.w.org\/{rel}","templated":true}]}}