{"id":26800,"date":"2022-05-02T18:17:46","date_gmt":"2022-05-02T16:17:46","guid":{"rendered":"https:\/\/poppers-online.ch\/?post_type=product&#038;p=26800"},"modified":"2025-10-23T12:49:45","modified_gmt":"2025-10-23T10:49:45","slug":"colt-popper-25ml","status":"publish","type":"product","link":"https:\/\/poppers-online.ch\/it\/prodotto\/colt-popper-25ml\/","title":{"rendered":"Popper Colt 25ml"},"content":{"rendered":"<p><span data-sheets-value=\"{&quot;1&quot;:2,&quot;2&quot;:&quot;Colt 25ml Poppers del produttore Lockerroom dal Canada. Formula potente basata sulla Canadian Pentyl Formula.&quot;}\" data-sheets-userformat=\"{&quot;2&quot;:515,&quot;3&quot;:{&quot;1&quot;:0},&quot;4&quot;:{&quot;1&quot;:2,&quot;2&quot;:16750848},&quot;12&quot;:0}\">Colt 25ml Popper del produttore Lockerroom dal Canada. Formula potente basata sulla Canadian Pentyl Formula.<\/span><\/p>\n","protected":false},"excerpt":{"rendered":"<p><span data-sheets-value=\"{\" data-sheets-userformat=\"{\">Popper Colt 25ml del produttore Lockerroom dal Canada. Anche la bottiglia, con il suo look angolare e retr\u00f2, vi ispirer\u00e0. La maggior parte delle persone conosce Colt come produttore di giocattoli di alta qualit\u00e0. Fin dagli anni &#8217;80 Popper Colt ha goduto di una reputazione leggendaria che dura tuttora. Formula potente basata sulla formula canadese Pentyl.<br \/>\n<\/span><\/p>\n","protected":false},"featured_media":30956,"comment_status":"open","ping_status":"closed","template":"","meta":{"_acf_changed":false,"iawp_total_views":6,"_glsr_average":0,"_glsr_ranking":0,"_glsr_reviews":0},"product_brand":[],"product_cat":[109],"product_tag":[],"class_list":{"0":"post-26800","1":"product","2":"type-product","3":"status-publish","4":"has-post-thumbnail","6":"product_cat-boccette-grandi","7":"pa_flaschenform-angolare","8":"pa_gewindegroesse-grande","9":"pa_inhalt-25ml","10":"pa_inhaltsstoffe-formula-pentile-canadese","11":"pa_staerke-106","13":"first","14":"instock","15":"taxable","16":"shipping-taxable","17":"purchasable","18":"product-type-simple"},"acf":[],"_links":{"self":[{"href":"https:\/\/poppers-online.ch\/it\/wp-json\/wp\/v2\/product\/26800","targetHints":{"allow":["GET"]}}],"collection":[{"href":"https:\/\/poppers-online.ch\/it\/wp-json\/wp\/v2\/product"}],"about":[{"href":"https:\/\/poppers-online.ch\/it\/wp-json\/wp\/v2\/types\/product"}],"replies":[{"embeddable":true,"href":"https:\/\/poppers-online.ch\/it\/wp-json\/wp\/v2\/comments?post=26800"}],"wp:featuredmedia":[{"embeddable":true,"href":"https:\/\/poppers-online.ch\/it\/wp-json\/wp\/v2\/media\/30956"}],"wp:attachment":[{"href":"https:\/\/poppers-online.ch\/it\/wp-json\/wp\/v2\/media?parent=26800"}],"wp:term":[{"taxonomy":"product_brand","embeddable":true,"href":"https:\/\/poppers-online.ch\/it\/wp-json\/wp\/v2\/product_brand?post=26800"},{"taxonomy":"product_cat","embeddable":true,"href":"https:\/\/poppers-online.ch\/it\/wp-json\/wp\/v2\/product_cat?post=26800"},{"taxonomy":"product_tag","embeddable":true,"href":"https:\/\/poppers-online.ch\/it\/wp-json\/wp\/v2\/product_tag?post=26800"}],"curies":[{"name":"wp","href":"https:\/\/api.w.org\/{rel}","templated":true}]}}