{"id":26780,"date":"2022-05-02T15:54:46","date_gmt":"2022-05-02T13:54:46","guid":{"rendered":"https:\/\/poppers-online.ch\/?post_type=product&#038;p=26780"},"modified":"2025-10-23T12:39:42","modified_gmt":"2025-10-23T10:39:42","slug":"rush-ultra-strong-popper-10ml","status":"publish","type":"product","link":"https:\/\/poppers-online.ch\/it\/prodotto\/rush-ultra-strong-popper-10ml\/","title":{"rendered":"Rush Ultra Strong Popper 10ml"},"content":{"rendered":"<p><span data-sheets-value=\"{\"1\":2,\"2\":\"Das Wings Black Poppers 10ml ist zur\u00fcck in einer Limited Edition. Urspr\u00fcnglich geht der Name auf das Wings Magazin von Mister B zur\u00fcck. Wings Poppers verleiht Dir nicht nur Fl\u00fcgel, sondern regelrechte H\u00f6henfl\u00fcge. Daf\u00fcr sorgt die Basis der Canadian Pentyl Formula vom Hersteller Lockerroom aus Canada.\"}\" data-sheets-userformat=\"{\"2\":515,\"3\":{\"1\":0},\"4\":{\"1\":2,\"2\":65535},\"12\":0}\">Il Wings Black Popper 10ml \u00e8 tornato in edizione limitata. Il nome originario si rif\u00e0 alla rivista Wings di Mister B. Wings Popper non ti mette solo le ali, ma ti fa fare dei veri e propri voli di fantasia. A garantirlo \u00e8 la base canadese Pentyl Formula del produttore canadese Lockerroom.   <\/span><\/p>\n","protected":false},"excerpt":{"rendered":"<p><span data-sheets-value=\"{\"1\":2,\"2\":\"Das Wings Black Poppers 10ml ist zur\u00fcck in einer Limited Edition. Urspr\u00fcnglich geht der Name auf das Wings Magazin von Mister B zur\u00fcck. Wings Poppers verleiht Dir nicht nur Fl\u00fcgel, sondern regelrechte H\u00f6henfl\u00fcge. Daf\u00fcr sorgt die Basis der Canadian Pentyl Formula vom Hersteller Lockerroom aus Canada.\"}\" data-sheets-userformat=\"{\"2\":515,\"3\":{\"1\":0},\"4\":{\"1\":2,\"2\":65535},\"12\":0}\">Il Wings Black Popper 10ml \u00e8 tornato in edizione limitata. Il nome originario si rif\u00e0 alla rivista Wings di Mister B. Wings Popper non ti mette solo le ali, ma ti fa fare dei veri e propri voli di fantasia. A garantirlo \u00e8 la base canadese Pentyl Formula del produttore canadese Lockerroom.   <\/span><\/p>\n","protected":false},"featured_media":27347,"comment_status":"open","ping_status":"closed","template":"","meta":{"_acf_changed":false,"iawp_total_views":25,"_glsr_average":0,"_glsr_ranking":0,"_glsr_reviews":0},"product_brand":[],"product_cat":[112],"product_tag":[],"class_list":{"0":"post-26780","1":"product","2":"type-product","3":"status-publish","4":"has-post-thumbnail","6":"product_cat-boccette-piccole","7":"pa_flaschenform-rotonda-piccola","8":"pa_gewindegroesse-piccola","9":"pa_inhalt-10ml","10":"pa_inhaltsstoffe-formula-pentile-canadese","11":"pa_marke-lockerroom-popper","12":"pa_marke-rush-popper","13":"pa_staerke-105","15":"first","16":"instock","17":"taxable","18":"shipping-taxable","19":"purchasable","20":"product-type-simple"},"acf":[],"_links":{"self":[{"href":"https:\/\/poppers-online.ch\/it\/wp-json\/wp\/v2\/product\/26780","targetHints":{"allow":["GET"]}}],"collection":[{"href":"https:\/\/poppers-online.ch\/it\/wp-json\/wp\/v2\/product"}],"about":[{"href":"https:\/\/poppers-online.ch\/it\/wp-json\/wp\/v2\/types\/product"}],"replies":[{"embeddable":true,"href":"https:\/\/poppers-online.ch\/it\/wp-json\/wp\/v2\/comments?post=26780"}],"wp:featuredmedia":[{"embeddable":true,"href":"https:\/\/poppers-online.ch\/it\/wp-json\/wp\/v2\/media\/27347"}],"wp:attachment":[{"href":"https:\/\/poppers-online.ch\/it\/wp-json\/wp\/v2\/media?parent=26780"}],"wp:term":[{"taxonomy":"product_brand","embeddable":true,"href":"https:\/\/poppers-online.ch\/it\/wp-json\/wp\/v2\/product_brand?post=26780"},{"taxonomy":"product_cat","embeddable":true,"href":"https:\/\/poppers-online.ch\/it\/wp-json\/wp\/v2\/product_cat?post=26780"},{"taxonomy":"product_tag","embeddable":true,"href":"https:\/\/poppers-online.ch\/it\/wp-json\/wp\/v2\/product_tag?post=26780"}],"curies":[{"name":"wp","href":"https:\/\/api.w.org\/{rel}","templated":true}]}}