{"id":26765,"date":"2022-05-02T13:58:14","date_gmt":"2022-05-02T11:58:14","guid":{"rendered":"https:\/\/poppers-online.ch\/?post_type=product&#038;p=26765"},"modified":"2025-08-18T18:41:47","modified_gmt":"2025-08-18T16:41:47","slug":"amster-damit-poppers-boxed-30ml","status":"publish","type":"product","link":"https:\/\/poppers-online.ch\/it\/prodotto\/amster-damit-poppers-boxed-30ml\/","title":{"rendered":"AMSTER DAMIT Popper in confezione da 30ml"},"content":{"rendered":"<p><span data-sheets-value=\"{&quot;1&quot;:2,&quot;2&quot;:&quot;AMSTER DAMIT Poppers \u00e8 un'innovazione del 2022 della Lockerroom in Canada. Invece di chiamare di nuovo un nuovo popper canadese come la citt\u00e0 in Olanda, la nuova Amsterdam dal Canada si chiama AMSTER DAMIT. La nuova etichetta nera \u00e8 extra forte, unica e quindi la pi\u00f9 forte Amsterdam. AMSTER DAMIT \u00e8 basato sulla collaudata formula canadese Pentyl e delizier\u00e0 ogni amico di popper che porta il nome della citt\u00e0 in Olanda.&quot;}\" data-sheets-userformat=\"{&quot;2&quot;:515,&quot;3&quot;:{&quot;1&quot;:0},&quot;4&quot;:{&quot;1&quot;:2,&quot;2&quot;:16711935},&quot;12&quot;:0}\">AMSTER DAMIT Popper \u00e8 un&#8217;innovazione del 2022 della Lockerroom in Canada. Invece di chiamare di nuovo un nuovo popper canadese come la citt\u00e0 in Olanda, la nuova Amsterdam dal Canada si chiama AMSTER DAMIT. La nuova etichetta nera \u00e8 extra forte, unica e quindi la pi\u00f9 forte Amsterdam. AMSTER DAMIT \u00e8 basato sulla collaudata formula canadese Pentyl e delizier\u00e0 ogni amico di popper che porta il nome della citt\u00e0 in Olanda.<\/span><\/p>\n","protected":false},"excerpt":{"rendered":"<p>AMSTER DAMIT Popper in confezione da 30ml \u00e8 un&#8217;innovazione del 2022 della casa Lockerroom in Canada. Invece di chiamare di nuovo un nuovo popper canadese come la citt\u00e0 in Olanda, la nuova Amsterdam dal Canada si chiama AMSTER DAMIT. La nuova etichetta nera \u00e8 extra intensa, unica e quindi la pi\u00f9 intensa Amsterdam. AMSTER DAMIT \u00e8 basato sulla collaudata formula canadese Pentyl e entusiasma ogni amante dei popper che porta il nome della citt\u00e0 in Olanda.<\/p>\n<p>Questo prodotto viene sostituito durante la spedizione in Svizzera con un prodotto della stessa intensit\u00e0 per motivi normativi. Se vivi in Svizzera e desideri comunque questo prodotto, scrivi nel campo commenti dell&#8217;ordine &#8220;Si prega di spedire dall&#8217;estero&#8221;.<\/p>\n","protected":false},"featured_media":30942,"comment_status":"open","ping_status":"closed","template":"","meta":{"_acf_changed":false,"iawp_total_views":1,"_glsr_average":0,"_glsr_ranking":0,"_glsr_reviews":0},"product_brand":[],"product_cat":[109],"product_tag":[],"class_list":{"0":"post-26765","1":"product","2":"type-product","3":"status-publish","4":"has-post-thumbnail","6":"product_cat-boccette-grandi","8":"first","9":"instock","10":"taxable","11":"shipping-taxable","12":"purchasable","13":"product-type-simple"},"acf":[],"_links":{"self":[{"href":"https:\/\/poppers-online.ch\/it\/wp-json\/wp\/v2\/product\/26765","targetHints":{"allow":["GET"]}}],"collection":[{"href":"https:\/\/poppers-online.ch\/it\/wp-json\/wp\/v2\/product"}],"about":[{"href":"https:\/\/poppers-online.ch\/it\/wp-json\/wp\/v2\/types\/product"}],"replies":[{"embeddable":true,"href":"https:\/\/poppers-online.ch\/it\/wp-json\/wp\/v2\/comments?post=26765"}],"wp:featuredmedia":[{"embeddable":true,"href":"https:\/\/poppers-online.ch\/it\/wp-json\/wp\/v2\/media\/30942"}],"wp:attachment":[{"href":"https:\/\/poppers-online.ch\/it\/wp-json\/wp\/v2\/media?parent=26765"}],"wp:term":[{"taxonomy":"product_brand","embeddable":true,"href":"https:\/\/poppers-online.ch\/it\/wp-json\/wp\/v2\/product_brand?post=26765"},{"taxonomy":"product_cat","embeddable":true,"href":"https:\/\/poppers-online.ch\/it\/wp-json\/wp\/v2\/product_cat?post=26765"},{"taxonomy":"product_tag","embeddable":true,"href":"https:\/\/poppers-online.ch\/it\/wp-json\/wp\/v2\/product_tag?post=26765"}],"curies":[{"name":"wp","href":"https:\/\/api.w.org\/{rel}","templated":true}]}}