{"id":156614,"date":"2026-05-07T14:55:51","date_gmt":"2026-05-07T12:55:51","guid":{"rendered":"https:\/\/poppers-online.ch\/produkt\/anal-popper-ultimate-extra-strong-25ml\/"},"modified":"2026-05-07T15:15:28","modified_gmt":"2026-05-07T13:15:28","slug":"anal-popper-ultimate-extra-strong-25ml","status":"publish","type":"product","link":"https:\/\/poppers-online.ch\/it\/prodotto\/anal-popper-ultimate-extra-strong-25ml\/","title":{"rendered":"ANAL Popper Ultimate Extra Strong 25ml"},"content":{"rendered":"","protected":false},"excerpt":{"rendered":"<p data-start=\"73\" data-end=\"257\"><strong data-start=\"73\" data-end=\"116\">ANAL Popper Ultimate Extra Strong 25ml<\/strong> \u00e8 stato progettato per i top e i bottom che conoscono gi\u00e0 il piacere anale e vogliono pi\u00f9 calore, pi\u00f9 controllo e un tipo di piacere pi\u00f9 duro.<\/p>\n<p data-start=\"259\" data-end=\"296\"><strong data-start=\"259\" data-end=\"296\">Intensit\u00e0 6 per una sessione pi\u00f9 dura<\/strong><\/p>\n<p data-start=\"298\" data-end=\"478\">Con la sua formula a base di nitrito di pentile, il flacone quadrato in vetro e un&#8217;intensit\u00e0 di 6 su 6, <strong data-start=\"390\" data-end=\"433\">ANAL Popper Ultimate Extra Strong 25ml<\/strong> \u00e8 stato sviluppato appositamente per il gioco anale con esperienza.<\/p>\n<p data-start=\"480\" data-end=\"765\">Il punto di partenza era semplice: una formula pi\u00f9 intensa per ottenere pi\u00f9 calore e meno inibizione, progettata per un&#8217;esperienza pi\u00f9 euforica, disinibita e fisica durante la penetrazione, sia con un grosso cazzo, un dildo di grandi dimensioni, un plug spesso o altri sex toys.<\/p>\n<p data-start=\"767\" data-end=\"921\"><strong data-start=\"767\" data-end=\"810\">ANAL Popper Ultimate Extra Strong 25ml<\/strong> appartiene proprio a questo momento in cui il corpo \u00e8 pronto, il ritmo \u00e8 impostato e il desiderio prende completamente il sopravvento.<\/p>\n<p data-start=\"923\" data-end=\"962\"><strong data-start=\"923\" data-end=\"962\">Per top arrapati e fondi affamati<\/strong><\/p>\n<p data-start=\"964\" data-end=\"1162\">Per i top, fornisce pi\u00f9 calore e controllo. Per gli uomini, favorisce una pi\u00f9 profonda dedizione al piacere e rende la sessione pi\u00f9 intensa, pi\u00f9 dura e pi\u00f9 fisica. Concentrazione totale sul piacere anale.  <\/p>\n<p data-start=\"1164\" data-end=\"1204\"><strong data-start=\"1164\" data-end=\"1204\">Dal riscaldamento alla Ultimate Extra Strong<\/strong><\/p>\n<p data-start=\"1206\" data-end=\"1339\">Si tratta dell&#8217;esperienza ANAL popper pi\u00f9 intensa della gamma, pensata per gli utenti esperti che desiderano un&#8217;esperienza intensa con il popper.<\/p>\n<p data-start=\"1341\" data-end=\"1515\">Per un inizio pi\u00f9 delicato, scegli ANAL Popper per principianti. Per la parte pi\u00f9 calda, dura e intensa della sessione, usa <strong data-start=\"1471\" data-end=\"1514\">ANAL Popper Ultimate Extra Strong 25ml.<\/strong> <\/p>\n","protected":false},"featured_media":156612,"comment_status":"open","ping_status":"closed","template":"","meta":{"_acf_changed":false,"iawp_total_views":0,"_glsr_average":0,"_glsr_ranking":0,"_glsr_reviews":0},"product_brand":[],"product_cat":[1047,109],"product_tag":[],"class_list":{"0":"post-156614","1":"product","2":"type-product","3":"status-publish","4":"has-post-thumbnail","6":"product_cat-popper","7":"product_cat-boccette-grandi","8":"pa_flaschenform-angolare","9":"pa_gewindegroesse-grande","10":"pa_inhalt-25ml","11":"pa_inhaltsstoffe-nitrito-di-pentile","12":"pa_staerke-105","14":"first","15":"instock","16":"taxable","17":"shipping-taxable","18":"purchasable","19":"product-type-simple"},"acf":[],"_links":{"self":[{"href":"https:\/\/poppers-online.ch\/it\/wp-json\/wp\/v2\/product\/156614","targetHints":{"allow":["GET"]}}],"collection":[{"href":"https:\/\/poppers-online.ch\/it\/wp-json\/wp\/v2\/product"}],"about":[{"href":"https:\/\/poppers-online.ch\/it\/wp-json\/wp\/v2\/types\/product"}],"replies":[{"embeddable":true,"href":"https:\/\/poppers-online.ch\/it\/wp-json\/wp\/v2\/comments?post=156614"}],"wp:featuredmedia":[{"embeddable":true,"href":"https:\/\/poppers-online.ch\/it\/wp-json\/wp\/v2\/media\/156612"}],"wp:attachment":[{"href":"https:\/\/poppers-online.ch\/it\/wp-json\/wp\/v2\/media?parent=156614"}],"wp:term":[{"taxonomy":"product_brand","embeddable":true,"href":"https:\/\/poppers-online.ch\/it\/wp-json\/wp\/v2\/product_brand?post=156614"},{"taxonomy":"product_cat","embeddable":true,"href":"https:\/\/poppers-online.ch\/it\/wp-json\/wp\/v2\/product_cat?post=156614"},{"taxonomy":"product_tag","embeddable":true,"href":"https:\/\/poppers-online.ch\/it\/wp-json\/wp\/v2\/product_tag?post=156614"}],"curies":[{"name":"wp","href":"https:\/\/api.w.org\/{rel}","templated":true}]}}