{"id":156558,"date":"2026-05-07T12:07:07","date_gmt":"2026-05-07T10:07:07","guid":{"rendered":"https:\/\/poppers-online.ch\/produkt\/fuck-rabbit-extra-strong-popper-25ml\/"},"modified":"2026-05-07T14:41:21","modified_gmt":"2026-05-07T12:41:21","slug":"fuck-rabbit-extra-strong-popper-25ml","status":"publish","type":"product","link":"https:\/\/poppers-online.ch\/it\/prodotto\/fuck-rabbit-extra-strong-popper-25ml\/","title":{"rendered":"Fuck Rabbit Extra Strong Popper 25ml"},"content":{"rendered":"","protected":false},"excerpt":{"rendered":"<p data-start=\"123\" data-end=\"535\">Diventa un Fuck Rabbit e mostra il tuo lato instancabile: con <strong>Fuck Rabbit Extra Strong Popper 25ml<\/strong> diventerai un Fuck Rabbit tutto d&#8217;un pezzo. Pieno di energia, salterai da un tipo all&#8217;altro per tutta la notte. Non ti basta mai, perch\u00e9 un buco \u00e8 un buco! Sempre al tuo fianco, il popper Fuck Rabbit Extra Strong 25ml supporta le tue pulsioni pi\u00f9 profonde.   <\/p>\n<p data-start=\"537\" data-end=\"603\">Riempito in un flacone di vetro quadrato da 25 ml con filettatura L. Contiene nitrito di pentile intensit\u00e0 5.<\/p>\n","protected":false},"featured_media":156554,"comment_status":"open","ping_status":"closed","template":"","meta":{"_acf_changed":false,"iawp_total_views":1,"_glsr_average":0,"_glsr_ranking":0,"_glsr_reviews":0},"product_brand":[],"product_cat":[1047,109],"product_tag":[],"class_list":{"0":"post-156558","1":"product","2":"type-product","3":"status-publish","4":"has-post-thumbnail","6":"product_cat-popper","7":"product_cat-boccette-grandi","8":"pa_flaschenform-angolare","9":"pa_gewindegroesse-grande","10":"pa_inhalt-25ml","11":"pa_inhaltsstoffe-nitrito-di-pentile","12":"pa_staerke-103","14":"first","15":"instock","16":"taxable","17":"shipping-taxable","18":"purchasable","19":"product-type-simple"},"acf":[],"_links":{"self":[{"href":"https:\/\/poppers-online.ch\/it\/wp-json\/wp\/v2\/product\/156558","targetHints":{"allow":["GET"]}}],"collection":[{"href":"https:\/\/poppers-online.ch\/it\/wp-json\/wp\/v2\/product"}],"about":[{"href":"https:\/\/poppers-online.ch\/it\/wp-json\/wp\/v2\/types\/product"}],"replies":[{"embeddable":true,"href":"https:\/\/poppers-online.ch\/it\/wp-json\/wp\/v2\/comments?post=156558"}],"wp:featuredmedia":[{"embeddable":true,"href":"https:\/\/poppers-online.ch\/it\/wp-json\/wp\/v2\/media\/156554"}],"wp:attachment":[{"href":"https:\/\/poppers-online.ch\/it\/wp-json\/wp\/v2\/media?parent=156558"}],"wp:term":[{"taxonomy":"product_brand","embeddable":true,"href":"https:\/\/poppers-online.ch\/it\/wp-json\/wp\/v2\/product_brand?post=156558"},{"taxonomy":"product_cat","embeddable":true,"href":"https:\/\/poppers-online.ch\/it\/wp-json\/wp\/v2\/product_cat?post=156558"},{"taxonomy":"product_tag","embeddable":true,"href":"https:\/\/poppers-online.ch\/it\/wp-json\/wp\/v2\/product_tag?post=156558"}],"curies":[{"name":"wp","href":"https:\/\/api.w.org\/{rel}","templated":true}]}}