{"id":156542,"date":"2026-05-07T10:48:24","date_gmt":"2026-05-07T08:48:24","guid":{"rendered":"https:\/\/poppers-online.ch\/produkt\/affenarsch-mega-strong-popper-25ml\/"},"modified":"2026-05-07T14:32:26","modified_gmt":"2026-05-07T12:32:26","slug":"affenarsch-mega-strong-popper-25ml","status":"publish","type":"product","link":"https:\/\/poppers-online.ch\/it\/prodotto\/affenarsch-mega-strong-popper-25ml\/","title":{"rendered":"Affenarsch Mega Strong Popper 25ml"},"content":{"rendered":"","protected":false},"excerpt":{"rendered":"<p data-start=\"58\" data-end=\"224\">Affenarsch significa esattamente quello che sembra: volgare, sciocco, diretto e completamente spudorato. Ed \u00e8 proprio per questo che il nome si adatta perfettamente a questa boccetta di Popper da 25 ml. <\/p>\n<p data-start=\"226\" data-end=\"583\">La lingua tedesca \u00e8 spietatamente onesta. Una sola parola, senza giri di parole. <strong data-start=\"298\" data-end=\"337\">Affenarsch Mega Strong Popper 25ml<\/strong> suona come un insulto, un brutto scherzo sessuale e un rumore della giungla allo stesso tempo. Non c&#8217;\u00e8 nulla di elegante, ed \u00e8 proprio questo il punto. Si rivolge alla parte di te che ha smesso di pensare e vuole solo di pi\u00f9.   <\/p>\n<p data-start=\"585\" data-end=\"810\">Non si tratta di stile o di moderazione. Questo \u00e8 il linguaggio di Bator, il linguaggio dei Gooner, il puro linguaggio del corpo. Ripetizione, avidit\u00e0, istinto. Un po&#8217; primitivo, completamente ridicolo per alcuni, ma senza compromessi e guidato dalla lussuria.   <\/p>\n<p data-start=\"812\" data-end=\"1207\">E siamo onesti: se avessi il culo di scimmia pi\u00f9 sexy di tutta la giungla, cosa faresti? Certamente cercheresti i cazzi pi\u00f9 grossi, pronti ad accettare qualsiasi cosa. Diretto, disinibito e senza alcun freno. \u00c8 proprio da qui che nasce <strong data-start=\"1065\" data-end=\"1104\">Affenarsch Mega Strong Popper 25ml<\/strong>: questo popper cattura il momento in cui la lussuria diventa troppo forte, troppo fisica e completamente animalesca.   <\/p>\n<p data-start=\"1209\" data-end=\"1424\">Con la sua formula a base di nitrito di pentile, il flacone quadrato in vetro e un&#8217;intensit\u00e0 di 6 su 6, <strong data-start=\"1301\" data-end=\"1340\">Affenarsch Mega Strong Popper 25ml<\/strong> \u00e8 stato creato per una sola cosa: pi\u00f9 arrapamento, pi\u00f9 intensit\u00e0 e decisamente meno pudore.<\/p>\n<p data-start=\"1426\" data-end=\"1514\">La sua personalit\u00e0 \u00e8 sfrontata, animalesca, volenterosa &#8211; ed \u00e8 proprio cos\u00ec che si sente.<\/p>\n<p data-start=\"1516\" data-end=\"1576\"><strong data-start=\"1516\" data-end=\"1576\">Per chi \u00e8 stato creato Affenarsch Mega Strong Popper 25ml?<\/strong><\/p>\n<p data-start=\"1578\" data-end=\"1870\"><strong data-start=\"1578\" data-end=\"1617\">Monkey Ass Mega Strong Popper 25ml<\/strong> entra subito in modalit\u00e0 giungla: spudorata, affamata di cazzo e pronta a dare sfogo alla sua forza animale. Questo Popper \u00e8 pensato per tutti coloro che vogliono liberarsi delle inibizioni e delle buone maniere, sia davanti alla telecamera, che con un partner o in mezzo al club. <\/p>\n<p data-start=\"1872\" data-end=\"1943\">Allora, cosa stai aspettando? Trasformati in una scimmia arrapata. <\/p>\n","protected":false},"featured_media":156540,"comment_status":"open","ping_status":"closed","template":"","meta":{"_acf_changed":false,"iawp_total_views":0,"_glsr_average":0,"_glsr_ranking":0,"_glsr_reviews":0},"product_brand":[],"product_cat":[1047,109],"product_tag":[],"class_list":{"0":"post-156542","1":"product","2":"type-product","3":"status-publish","4":"has-post-thumbnail","6":"product_cat-popper","7":"product_cat-boccette-grandi","8":"pa_flaschenform-angolare","9":"pa_gewindegroesse-grande","10":"pa_inhalt-25ml","11":"pa_inhaltsstoffe-nitrito-di-pentile","12":"pa_staerke-105","14":"first","15":"instock","16":"taxable","17":"shipping-taxable","18":"purchasable","19":"product-type-simple"},"acf":[],"_links":{"self":[{"href":"https:\/\/poppers-online.ch\/it\/wp-json\/wp\/v2\/product\/156542","targetHints":{"allow":["GET"]}}],"collection":[{"href":"https:\/\/poppers-online.ch\/it\/wp-json\/wp\/v2\/product"}],"about":[{"href":"https:\/\/poppers-online.ch\/it\/wp-json\/wp\/v2\/types\/product"}],"replies":[{"embeddable":true,"href":"https:\/\/poppers-online.ch\/it\/wp-json\/wp\/v2\/comments?post=156542"}],"wp:featuredmedia":[{"embeddable":true,"href":"https:\/\/poppers-online.ch\/it\/wp-json\/wp\/v2\/media\/156540"}],"wp:attachment":[{"href":"https:\/\/poppers-online.ch\/it\/wp-json\/wp\/v2\/media?parent=156542"}],"wp:term":[{"taxonomy":"product_brand","embeddable":true,"href":"https:\/\/poppers-online.ch\/it\/wp-json\/wp\/v2\/product_brand?post=156542"},{"taxonomy":"product_cat","embeddable":true,"href":"https:\/\/poppers-online.ch\/it\/wp-json\/wp\/v2\/product_cat?post=156542"},{"taxonomy":"product_tag","embeddable":true,"href":"https:\/\/poppers-online.ch\/it\/wp-json\/wp\/v2\/product_tag?post=156542"}],"curies":[{"name":"wp","href":"https:\/\/api.w.org\/{rel}","templated":true}]}}