{"id":151947,"date":"2026-03-26T10:59:30","date_gmt":"2026-03-26T09:59:30","guid":{"rendered":"https:\/\/poppers-online.ch\/produkt\/combo-per-la-giornata-internazionale-del-popper\/"},"modified":"2026-04-04T18:27:50","modified_gmt":"2026-04-04T16:27:50","slug":"combo-per-la-giornata-internazionale-del-popper","status":"publish","type":"product","link":"https:\/\/poppers-online.ch\/it\/prodotto\/combo-per-la-giornata-internazionale-del-popper\/","title":{"rendered":"Combo per la Giornata internazionale del Popper"},"content":{"rendered":"","protected":false},"excerpt":{"rendered":"<p data-start=\"70\" data-end=\"342\">Il 5 aprile \u00e8 la Giornata Internazionale del Popper, il giorno dedicato a tutti gli appassionati di popper e ai gooners. E noi non festeggiamo in silenzio, ma in grande stile. Solo fino al 6 aprile 2026, con ogni ordine di almeno 10 franchi svizzeri, potrai aggiungere gratuitamente al tuo carrello questa esclusiva combinazione.  <\/p>\n<p data-start=\"344\" data-end=\"527\">Questa combinazione limitata \u00e8 una vera meraviglia di potenza. Il Popper Bate Ultra Strong \u00e8 stato sviluppato appositamente per le lunghe sessioni e con lo Snffr abbinato avrai il massimo della potenza. <\/p>\n<p data-start=\"529\" data-end=\"556\"><strong data-start=\"529\" data-end=\"556\">Lo ricevi gratuitamente:<\/strong><\/p>\n<p data-start=\"558\" data-end=\"860\"><strong data-start=\"558\" data-end=\"599\">Popper Bate Ultra Strong Popper 10ml<\/strong><br data-start=\"599\" data-end=\"602\">Realizzato per tutti coloro che non vogliono fare le cose a met\u00e0 quando fanno bating. L&#8217;intensa formula a base di nitrito di pentile ti attira immediatamente ed \u00e8 ideale per sessioni lunghe e mirate. Diretto, intenso ed esattamente ci\u00f2 di cui hai bisogno quando vuoi lasciare consapevolmente il controllo.  <\/p>\n<p data-start=\"862\" data-end=\"1139\"><strong data-start=\"862\" data-end=\"895\">Popper Bate Ultra Strong 10ml<\/strong> \u00e8 una delle variet\u00e0 pi\u00f9 intense e fornisce la giusta quantit\u00e0 di potenza quando le cose si fanno davvero calde. Il flacone compatto in vetro da 10 ml con filettatura S pu\u00f2 essere perfettamente abbinato agli accessori corrispondenti, per un controllo ancora maggiore e un effetto ancora pi\u00f9 intenso. <\/p>\n<p data-start=\"1141\" data-end=\"1542\"><strong data-start=\"1141\" data-end=\"1195\">Popper Booster Cap XTRM SNFFR Solo Small di XTRM<\/strong><br data-start=\"1195\" data-end=\"1198\">Applicazione di livello superiore. Basta svitare il tappo originale, mettere il tappo booster e noterai subito la differenza. Pi\u00f9 intenso, pi\u00f9 mirato, pi\u00f9 efficiente. Allo stesso tempo, il tappo protegge la tua pelle dal contatto diretto e da possibili irritazioni.<br data-start=\"1440\" data-end=\"1443\">Importante: riavvita sempre il tappo originale dopo l&#8217;uso per evitare perdite.   <\/p>\n","protected":false},"featured_media":151944,"comment_status":"open","ping_status":"closed","template":"","meta":{"_acf_changed":false,"iawp_total_views":3,"_glsr_average":0,"_glsr_ranking":0,"_glsr_reviews":0},"product_brand":[],"product_cat":[104],"product_tag":[],"class_list":{"0":"post-151947","1":"product","2":"type-product","3":"status-publish","4":"has-post-thumbnail","6":"product_cat-confezioni-value","7":"pa_booster-cap-gewindegroesse-per-filettatura-piccola","8":"pa_flaschenform-rotonda-piccola","9":"pa_gewindegroesse-piccola","10":"pa_inhalt-combo","11":"pa_inhalt-10ml","12":"pa_inhaltsstoffe-nitrito-di-pentile","13":"pa_staerke-103","15":"first","16":"instock","17":"sale","18":"sold-individually","19":"taxable","20":"shipping-taxable","21":"purchasable","22":"product-type-simple"},"acf":[],"_links":{"self":[{"href":"https:\/\/poppers-online.ch\/it\/wp-json\/wp\/v2\/product\/151947","targetHints":{"allow":["GET"]}}],"collection":[{"href":"https:\/\/poppers-online.ch\/it\/wp-json\/wp\/v2\/product"}],"about":[{"href":"https:\/\/poppers-online.ch\/it\/wp-json\/wp\/v2\/types\/product"}],"replies":[{"embeddable":true,"href":"https:\/\/poppers-online.ch\/it\/wp-json\/wp\/v2\/comments?post=151947"}],"wp:featuredmedia":[{"embeddable":true,"href":"https:\/\/poppers-online.ch\/it\/wp-json\/wp\/v2\/media\/151944"}],"wp:attachment":[{"href":"https:\/\/poppers-online.ch\/it\/wp-json\/wp\/v2\/media?parent=151947"}],"wp:term":[{"taxonomy":"product_brand","embeddable":true,"href":"https:\/\/poppers-online.ch\/it\/wp-json\/wp\/v2\/product_brand?post=151947"},{"taxonomy":"product_cat","embeddable":true,"href":"https:\/\/poppers-online.ch\/it\/wp-json\/wp\/v2\/product_cat?post=151947"},{"taxonomy":"product_tag","embeddable":true,"href":"https:\/\/poppers-online.ch\/it\/wp-json\/wp\/v2\/product_tag?post=151947"}],"curies":[{"name":"wp","href":"https:\/\/api.w.org\/{rel}","templated":true}]}}