{"id":151215,"date":"2026-03-19T11:20:19","date_gmt":"2026-03-19T10:20:19","guid":{"rendered":"https:\/\/poppers-online.ch\/produkt\/combo-di-carichi-extra\/"},"modified":"2026-03-19T14:49:03","modified_gmt":"2026-03-19T13:49:03","slug":"combo-di-carichi-extra","status":"publish","type":"product","link":"https:\/\/poppers-online.ch\/it\/prodotto\/combo-di-carichi-extra\/","title":{"rendered":"Combo di carichi extra"},"content":{"rendered":"","protected":false},"excerpt":{"rendered":"<p data-start=\"101\" data-end=\"369\">L&#8217;<strong data-start=\"105\" data-end=\"126\">Extra Loads Combo<\/strong> \u00e8 il livello successivo della mentalit\u00e0 &#8220;senza carichi rifiutati&#8221;: il setup completo per chi vuole di pi\u00f9. Pi\u00f9 intensit\u00e0. Pi\u00f9 controllo. Pi\u00f9 flusso. Sviluppato per ottenere il massimo effetto, una gestione pulita e sessioni prolungate senza interruzioni.    <\/p>\n<p data-start=\"371\" data-end=\"828\">Al centro c&#8217;\u00e8 il <strong data-start=\"392\" data-end=\"435\">Kinky Monster Ultra Strong Popper 24ml<\/strong>: un popper di estrema intensit\u00e0 per utenti esperti. Con un nitrito di pentile particolarmente puro e ad alta percentuale, offre un effetto intenso e duraturo. Nella gamma Kinky Monster, l&#8217;Ultra Strong appartiene al top assoluto (intensit\u00e0 6+) ed \u00e8 fatto per sessioni che richiedono profondit\u00e0, resistenza e massima intensit\u00e0 &#8211; che si tratti di pugni, gomma, scarpe da ginnastica, sox, cuccioli o SM.  <\/p>\n<p data-start=\"830\" data-end=\"1165\">Il tutto \u00e8 completato dal <strong data-start=\"863\" data-end=\"901\">tappo Beakr Popper Spill Proof Cap Pink<\/strong>, il tappo di aggiornamento intelligente per una gestione pulita, veloce e senza complicazioni. Una volta avvitato, sostituisce completamente il tappo originale e rimane sulla boccetta in modo permanente. Non c&#8217;\u00e8 bisogno di riposizionarlo, non c&#8217;\u00e8 bisogno di armeggiare, non c&#8217;\u00e8 rischio. Rimuovi la boccetta, gira la leva e il gioco \u00e8 fatto.   <\/p>\n<p data-start=\"1167\" data-end=\"1399\">Il meccanismo a prova di fuoriuscita assicura che non ci siano perdite e che tutto sia subito pronto per l&#8217;uso: perfetto per i viaggi o per le sessioni intensive senza pause.<br data-start=\"1323\" data-end=\"1326\">Funzionamento? Semplice:<br data-start=\"1345\" data-end=\"1348\">leva superiore = chiuso.<br data-start=\"1373\" data-end=\"1376\">leva laterale = aperto. <\/p>\n<p data-start=\"1401\" data-end=\"1790\"><strong data-start=\"1446\" data-end=\"1475\">S8 Hybrid Cum Glide 125ml<\/strong> fa la differenza: un lubrificante ibrido che combina una consistenza realistica con il massimo comfort. \u00c8 privo di oli e grassi, \u00e8 piacevole sulla pelle ed \u00e8 stato appositamente sviluppato per garantire prestazioni costanti anche durante le sessioni pi\u00f9 lunghe. La formula \u00e8 delicata sulla pelle e sulle mucose ed \u00e8 quindi adatta anche agli utenti sensibili.  <\/p>\n<p data-start=\"1792\" data-end=\"1939\">Il lubrificante \u00e8 compatibile con i preservativi, \u00e8 facile da lavare e non lascia residui: pulito, efficiente ed esattamente come dovrebbe essere.<\/p>\n<p data-start=\"1941\" data-end=\"2268\"><strong data-start=\"1941\" data-end=\"1953\">Nota:<\/strong> non \u00e8 un emolliente e non protegge dalle infezioni.<br data-start=\"2009\" data-end=\"2012\"><strong data-start=\"2012\" data-end=\"2023\">Contenuto:<\/strong> 125 ml<br data-start=\"2030\" data-end=\"2033\"><strong data-start=\"2033\" data-end=\"2051\">Ingredienti:<\/strong> ACQUA, GLICERINA, GLICOLE PROPILENICO, CICLOMETICONE, ACRILATO DI SODIO\/ACRILILDIMETIL TAURATO, DIMETICONOLO, ISOESADECANO, POLSISORBATO 80, IDROSSIETILCELLULOSA, FENOSSIETANOLO, ETILESILGLICERINA, CI77897, CI19140.<\/p>\n<p data-start=\"2270\" data-end=\"2393\">La Extra Loads Combo combina una potenza estrema con il massimo comfort, per sessioni pi\u00f9 lunghe, intense e senza compromessi.<\/p>\n","protected":false},"featured_media":151211,"comment_status":"open","ping_status":"closed","template":"","meta":{"_acf_changed":false,"iawp_total_views":6,"_glsr_average":0,"_glsr_ranking":0,"_glsr_reviews":0},"product_brand":[],"product_cat":[1047,104],"product_tag":[],"class_list":{"0":"post-151215","1":"product","2":"type-product","3":"status-publish","4":"has-post-thumbnail","6":"product_cat-popper","7":"product_cat-confezioni-value","8":"pa_booster-cap-gewindegroesse-per-filettatura-piccola","9":"pa_gewindegroesse-piccola","10":"pa_inhalt-combo","11":"pa_inhalt-24ml","12":"pa_inhaltsstoffe-nitrito-di-pentile","13":"pa_marke-kinky-monster-popper","14":"pa_staerke-105","16":"first","17":"instock","18":"sale","19":"taxable","20":"shipping-taxable","21":"purchasable","22":"product-type-simple"},"acf":[],"_links":{"self":[{"href":"https:\/\/poppers-online.ch\/it\/wp-json\/wp\/v2\/product\/151215","targetHints":{"allow":["GET"]}}],"collection":[{"href":"https:\/\/poppers-online.ch\/it\/wp-json\/wp\/v2\/product"}],"about":[{"href":"https:\/\/poppers-online.ch\/it\/wp-json\/wp\/v2\/types\/product"}],"replies":[{"embeddable":true,"href":"https:\/\/poppers-online.ch\/it\/wp-json\/wp\/v2\/comments?post=151215"}],"wp:featuredmedia":[{"embeddable":true,"href":"https:\/\/poppers-online.ch\/it\/wp-json\/wp\/v2\/media\/151211"}],"wp:attachment":[{"href":"https:\/\/poppers-online.ch\/it\/wp-json\/wp\/v2\/media?parent=151215"}],"wp:term":[{"taxonomy":"product_brand","embeddable":true,"href":"https:\/\/poppers-online.ch\/it\/wp-json\/wp\/v2\/product_brand?post=151215"},{"taxonomy":"product_cat","embeddable":true,"href":"https:\/\/poppers-online.ch\/it\/wp-json\/wp\/v2\/product_cat?post=151215"},{"taxonomy":"product_tag","embeddable":true,"href":"https:\/\/poppers-online.ch\/it\/wp-json\/wp\/v2\/product_tag?post=151215"}],"curies":[{"name":"wp","href":"https:\/\/api.w.org\/{rel}","templated":true}]}}