{"id":150677,"date":"2026-03-12T13:12:46","date_gmt":"2026-03-12T12:12:46","guid":{"rendered":"https:\/\/poppers-online.ch\/produkt\/rosebud-combo\/"},"modified":"2026-03-12T20:48:07","modified_gmt":"2026-03-12T19:48:07","slug":"rosebud-combo","status":"publish","type":"product","link":"https:\/\/poppers-online.ch\/it\/prodotto\/rosebud-combo\/","title":{"rendered":"Rosebud Combo"},"content":{"rendered":"","protected":false},"excerpt":{"rendered":"<p data-start=\"13\" data-end=\"426\">Il <strong data-start=\"17\" data-end=\"34\">Rosebud Combo<\/strong> \u00e8 stato sviluppato per gli amanti dei Popper che cercano intensit\u00e0, relax e controllo in un&#8217;unica combinazione. Questo set si rivolge a utenti esperti ed \u00e8 stato progettato appositamente per sessioni kink in cui la profondit\u00e0 e la resistenza sono l&#8217;obiettivo principale e i Popper devono essere pronti immediatamente. Grazie all&#8217;intensit\u00e0 dei Popper e all&#8217;utile Beakr, nulla ostacola l&#8217;azione immediata.  <\/p>\n<p data-start=\"428\" data-end=\"1056\"><strong data-start=\"428\" data-end=\"463\">Kinky Monster Fire Popper 24ml<\/strong><br data-start=\"463\" data-end=\"466\">Kinky Monster Fire Popper 24ml \u00e8 rivolto a tutti i kinksters e rappresenta un popper di intensit\u00e0 e durata ancora maggiore. Le boccette di Kinky Monster Popper contengono anche nitrito di pentile particolarmente puro e ad alta percentuale. I Kinky Monster Popper sono disponibili in 8 gusti diversi. Kinky Monster Fire \u00e8 uno dei Popper pi\u00f9 intensi. Abbiamo sviluppato questo Popper di intensit\u00e0 elevata per tutti gli amanti del pugno e per tutti coloro che vogliono diventarlo. Se sei alla ricerca di un popper che ti aiuti ad avere una sessione di pugni ancora pi\u00f9 rilassata e ancora pi\u00f9 calda, allora ti consigliamo il Popper Kinky Monster Fire.     <\/p>\n<p data-start=\"1058\" data-end=\"1478\"><strong data-start=\"1058\" data-end=\"1095\">Beakr Popper Spill Proof Cap Red<\/strong><br data-start=\"1095\" data-end=\"1098\">Beakr Popper Spill Proof Cap Red \u00e8 il tappo di potenziamento intelligente per i tuoi popper: pratico, sicuro e sempre pronto all&#8217;uso. Il grande vantaggio \u00e8 che puoi lasciare il tappo booster sulla boccetta in modo permanente.  Non si deve svitare, non si deve ricollegare, non si deve armeggiare con le singole parti come avviene con i tappi sniffer tradizionali. Questo tappo sostituisce completamente il tappo originale del produttore.<\/p>\n<p data-start=\"1480\" data-end=\"1708\">Ideale per i viaggi e per un uso rapido: tira fuori la boccetta dalla borsa, gira la leva e il gioco \u00e8 fatto. Nessun coperchio in mano, nessuna fuoriuscita. Il meccanismo a prova di fuoriuscita garantisce un trasporto pulito e un utilizzo immediato.  <\/p>\n<p data-start=\"1710\" data-end=\"1807\">Il funzionamento \u00e8 semplice e intuitivo.<br data-start=\"1748\" data-end=\"1751\">Leva in alto = chiuso.<br data-start=\"1781\" data-end=\"1784\">Leva di lato = aperto.<\/p>\n<p data-start=\"1809\" data-end=\"1998\" data-is-last-node=\"\" data-is-only-node=\"\">Il tappo a prova di fuoriuscita di Beakr Popper Red \u00e8 compatibile con le boccette con filettatura piccola e rende la tua esperienza con i popper pi\u00f9 comoda, sicura ed efficiente: una volta montato, \u00e8 sempre pronto.<\/p>\n","protected":false},"featured_media":150676,"comment_status":"open","ping_status":"closed","template":"","meta":{"_acf_changed":false,"iawp_total_views":1,"_glsr_average":0,"_glsr_ranking":0,"_glsr_reviews":0},"product_brand":[],"product_cat":[1047,104],"product_tag":[],"class_list":{"0":"post-150677","1":"product","2":"type-product","3":"status-publish","4":"has-post-thumbnail","6":"product_cat-popper","7":"product_cat-confezioni-value","8":"pa_booster-cap-gewindegroesse-per-filettatura-piccola","9":"pa_flaschenform-ovale-it","10":"pa_gewindegroesse-piccola","11":"pa_inhalt-combo","12":"pa_inhalt-24ml","13":"pa_inhaltsstoffe-nitrito-di-pentile","14":"pa_marke-kinky-monster-popper","15":"pa_staerke-105","17":"first","18":"instock","19":"sale","20":"taxable","21":"shipping-taxable","22":"purchasable","23":"product-type-simple"},"acf":[],"_links":{"self":[{"href":"https:\/\/poppers-online.ch\/it\/wp-json\/wp\/v2\/product\/150677","targetHints":{"allow":["GET"]}}],"collection":[{"href":"https:\/\/poppers-online.ch\/it\/wp-json\/wp\/v2\/product"}],"about":[{"href":"https:\/\/poppers-online.ch\/it\/wp-json\/wp\/v2\/types\/product"}],"replies":[{"embeddable":true,"href":"https:\/\/poppers-online.ch\/it\/wp-json\/wp\/v2\/comments?post=150677"}],"wp:featuredmedia":[{"embeddable":true,"href":"https:\/\/poppers-online.ch\/it\/wp-json\/wp\/v2\/media\/150676"}],"wp:attachment":[{"href":"https:\/\/poppers-online.ch\/it\/wp-json\/wp\/v2\/media?parent=150677"}],"wp:term":[{"taxonomy":"product_brand","embeddable":true,"href":"https:\/\/poppers-online.ch\/it\/wp-json\/wp\/v2\/product_brand?post=150677"},{"taxonomy":"product_cat","embeddable":true,"href":"https:\/\/poppers-online.ch\/it\/wp-json\/wp\/v2\/product_cat?post=150677"},{"taxonomy":"product_tag","embeddable":true,"href":"https:\/\/poppers-online.ch\/it\/wp-json\/wp\/v2\/product_tag?post=150677"}],"curies":[{"name":"wp","href":"https:\/\/api.w.org\/{rel}","templated":true}]}}