{"id":150666,"date":"2026-03-12T12:15:54","date_gmt":"2026-03-12T11:15:54","guid":{"rendered":"https:\/\/poppers-online.ch\/produkt\/mister-rush-combo\/"},"modified":"2026-03-26T17:00:12","modified_gmt":"2026-03-26T16:00:12","slug":"mister-rush-combo","status":"publish","type":"product","link":"https:\/\/poppers-online.ch\/it\/prodotto\/mister-rush-combo\/","title":{"rendered":"Mister Rush Combo"},"content":{"rendered":"","protected":false},"excerpt":{"rendered":"<p data-start=\"13\" data-end=\"396\">La <strong data-start=\"17\" data-end=\"38\">combo Mister Rush<\/strong> \u00e8 pensata per tutti i veri fan dei Rush. <strong data-start=\"78\" data-end=\"138\">Nessun marchio \u00e8 cos\u00ec iconico nel mondo dei Popper come Rush<\/strong>: per decenni il nome \u00e8 stato sinonimo di un calcio leggendario, di uno status di culto e di una comunit\u00e0 che sa esattamente cosa vuole. Questa combinazione combina la classica esperienza Rush con accessori alla moda per tutti coloro che vogliono mostrare il loro entusiasmo al mondo esterno. <\/p>\n<p data-start=\"398\" data-end=\"688\"><strong data-start=\"398\" data-end=\"439\">Rush Original Special EU Formula 10ml<\/strong><br data-start=\"439\" data-end=\"442\">Rush Original Special EU Formula 10ml del produttore Lockerroom dal Canada. Il Popper pi\u00f9 venduto in tutto il mondo, in Europa e anche in Svizzera, basato sulla formula canadese Pentyl. L&#8217;iconica bottiglia di vetro \u00e8 dotata di un filetto di dimensioni ridotte.  <\/p>\n<p data-start=\"690\" data-end=\"1038\"><strong data-start=\"690\" data-end=\"719\">Cappellino da baseball Rush Popper<\/strong><br data-start=\"719\" data-end=\"722\">Con il cappellino da baseball Rush Popper puoi mostrare efficacemente la tua passione per il popper al mondo esterno. Rush \u00e8 il Popper pi\u00f9 venduto al mondo. Solo le persone che conoscono il significato del logo Rush sul tuo berretto da baseball giallo capiranno il significato del berretto da baseball Rush Popper.  <\/p>\n<p data-start=\"1040\" data-end=\"1308\"><strong data-start=\"1040\" data-end=\"1052\">Spilla Rush<\/strong><br data-start=\"1052\" data-end=\"1055\">La spilla Rush \u00e8 l&#8217;accessorio perfetto per tutti coloro che desiderano migliorare il proprio look con un elemento iconico e audace. Piccola, accattivante e assolutamente iconica, questa spilla porta la leggendaria atmosfera dei Rush direttamente sulla tua giacca, sulla tua borsa o sul tuo berretto. <\/p>\n<p data-start=\"1310\" data-end=\"1547\">Realizzata in metallo di alta qualit\u00e0 con una finitura smaltata, la spilla \u00e8 ben salda e mostra chiaramente ci\u00f2 che rappresenti: audace, giocoso, iconico.<br data-start=\"1453\" data-end=\"1456\">Sia in discoteca, che agli eventi o nella vita di tutti i giorni, la spilla Rush \u00e8 una dichiarazione che tutti riconosceranno.<\/p>\n<p data-start=\"1549\" data-end=\"1640\">Il Mister Rush Combo \u00e8 ideale per i fan, i collezionisti e tutti coloro che vogliono portare sempre con s\u00e9 un pezzo del feeling dei Rush.<\/p>\n","protected":false},"featured_media":150665,"comment_status":"open","ping_status":"closed","template":"","meta":{"_acf_changed":false,"iawp_total_views":14,"_glsr_average":0,"_glsr_ranking":0,"_glsr_reviews":0},"product_brand":[],"product_cat":[1047,104],"product_tag":[],"class_list":{"0":"post-150666","1":"product","2":"type-product","3":"status-publish","4":"has-post-thumbnail","6":"product_cat-popper","7":"product_cat-confezioni-value","8":"pa_flaschenform-rotonda-piccola","9":"pa_gewindegroesse-piccola","10":"pa_inhalt-combo","11":"pa_inhalt-10ml","12":"pa_inhaltsstoffe-formula-pentile-canadese","13":"pa_marke-lockerroom-popper","14":"pa_marke-rush-popper","15":"pa_staerke-106","17":"first","18":"instock","19":"sale","20":"taxable","21":"shipping-taxable","22":"purchasable","23":"product-type-simple"},"acf":[],"_links":{"self":[{"href":"https:\/\/poppers-online.ch\/it\/wp-json\/wp\/v2\/product\/150666","targetHints":{"allow":["GET"]}}],"collection":[{"href":"https:\/\/poppers-online.ch\/it\/wp-json\/wp\/v2\/product"}],"about":[{"href":"https:\/\/poppers-online.ch\/it\/wp-json\/wp\/v2\/types\/product"}],"replies":[{"embeddable":true,"href":"https:\/\/poppers-online.ch\/it\/wp-json\/wp\/v2\/comments?post=150666"}],"wp:featuredmedia":[{"embeddable":true,"href":"https:\/\/poppers-online.ch\/it\/wp-json\/wp\/v2\/media\/150665"}],"wp:attachment":[{"href":"https:\/\/poppers-online.ch\/it\/wp-json\/wp\/v2\/media?parent=150666"}],"wp:term":[{"taxonomy":"product_brand","embeddable":true,"href":"https:\/\/poppers-online.ch\/it\/wp-json\/wp\/v2\/product_brand?post=150666"},{"taxonomy":"product_cat","embeddable":true,"href":"https:\/\/poppers-online.ch\/it\/wp-json\/wp\/v2\/product_cat?post=150666"},{"taxonomy":"product_tag","embeddable":true,"href":"https:\/\/poppers-online.ch\/it\/wp-json\/wp\/v2\/product_tag?post=150666"}],"curies":[{"name":"wp","href":"https:\/\/api.w.org\/{rel}","templated":true}]}}