{"id":150646,"date":"2026-03-12T11:10:47","date_gmt":"2026-03-12T10:10:47","guid":{"rendered":"https:\/\/poppers-online.ch\/produkt\/combo-di-popper-dadspopperpig\/"},"modified":"2026-03-12T20:36:52","modified_gmt":"2026-03-12T19:36:52","slug":"combo-di-popper-dadspopperpig","status":"publish","type":"product","link":"https:\/\/poppers-online.ch\/it\/prodotto\/combo-di-popper-dadspopperpig\/","title":{"rendered":"Combo di Popper DadsPopperPig"},"content":{"rendered":"","protected":false},"excerpt":{"rendered":"<p data-start=\"13\" data-end=\"367\"><strong data-start=\"13\" data-end=\"30\">DadsPopperPig<\/strong> \u00e8 uno dei pi\u00f9 noti Popper bators su Twitter. Ha testato innumerevoli tipi di popper nel corso degli anni e sa esattamente quali sono i popper che spaccano meglio. In questa <strong>Combo di Popper di DadsPopperPig<\/strong> ha messo insieme alcuni dei suoi preferiti, perfetti per chi vuole affidarsi ai consigli di un vero conoscitore della scena.  <\/p>\n<p data-start=\"369\" data-end=\"972\"><strong data-start=\"369\" data-end=\"407\">Kinky Monster Extreme Popper 10ml<\/strong><br data-start=\"407\" data-end=\"410\">Kinky Monster Extreme Popper 10ml \u00e8 rivolto a tutti i kinksters ed \u00e8 sinonimo di popper ancora pi\u00f9 intensi e duraturi. Le boccette di Kinky Monster Popper contengono anche nitrito di pentile particolarmente puro e ad alta percentuale. I Kinky Monster Popper sono disponibili in 8 gusti diversi. Kinky Monster Extreme \u00e8 uno dei Popper pi\u00f9 intensi. Abbiamo sviluppato questi Popper per tutti gli appassionati di sneakers e sox.     Anche tu ami le tute Adidas, le scarpe da ginnastica o gli Speedo attillati? Questi Popper sono un must per la tua prossima sessione di sneakers, tute e sox. <\/p>\n<p data-start=\"974\" data-end=\"1520\"><strong data-start=\"974\" data-end=\"997\">Zurich Popper 24ml<\/strong><br data-start=\"997\" data-end=\"1000\">Zurich Popper 24ml contiene l&#8217;ex nitrito di pentile genuino. Dopo Amsterdam Popper e Berlin Popper, finalmente arriva Zurich Popper.  Zurigo non \u00e8 solo sinonimo di Zwingli, Pestalozzi, Sechsel\u00e4uten e Knabenschiessen. Zurigo \u00e8 la metropoli gay della Svizzera ed \u00e8 considerata la citt\u00e0 pi\u00f9 gay-friendly della Svizzera. Ecco perch\u00e9 abbiamo dedicato i Popper di Zurigo con intensit\u00e0 6 a questa citt\u00e0 che amiamo cos\u00ec tanto. Zurigo, continua ad essere cos\u00ec aperta a tutti noi.<\/p>\n<p data-start=\"1522\" data-end=\"1802\"><strong data-start=\"1522\" data-end=\"1557\">Super Extreme Slut Popper 24ml<\/strong><br data-start=\"1557\" data-end=\"1560\">Sei pronto per il prossimo livello? Super Extreme Slut Popper 24ml \u00e8 tornato: pi\u00f9 intenso, pi\u00f9 forte e pi\u00f9 senza compromessi che mai. La nuova versione \u00e8 disponibile in una pratica boccetta da 24 ml ed \u00e8 a base di nitrito di pentile ad alta purezza per il massimo effetto.  <\/p>\n<p data-start=\"1804\" data-end=\"2066\">Questo Popper \u00e8 fatto per sessioni senza vergogna, senza inibizioni e per chiunque voglia trasformare se stesso o il proprio partner in una troia super estrema senza tab\u00f9. Ideale per giochi di ruolo estremi, dominazioni intense o semplicemente quando non ci sono limiti. <\/p>\n<p data-start=\"2068\" data-end=\"2743\"><strong data-start=\"2068\" data-end=\"2125\">Tappo Popper Booster XTRM SNFFR Double Small Dark Blue<\/strong><br data-start=\"2125\" data-end=\"2128\">Il tappo Popper Booster XTRM SNFFR Double Small Dark Blue di XTRM porta l&#8217;uso del popper a un nuovo livello. Si svita il tappo originale del produttore e si avvita il tappo booster sulla boccetta.  Sentirete rapidamente la differenza. Un altro vantaggio del tappo booster \u00e8 che protegge la pelle da irritazioni e bruciature, poich\u00e9 non c&#8217;\u00e8 contatto diretto con i Popper. Dopo l&#8217;uso, \u00e8 obbligatorio sostituire il tappo originale del produttore per evitare perdite. Prova il Booster Cap e scrivi una recensione del prodotto su questa pagina.<\/p>\n<p data-start=\"2745\" data-end=\"2836\" data-is-last-node=\"\" data-is-only-node=\"\">Il berretto Popper XTRM SNFFR Double Small Dark Blue di XTRM ha una dimensione di filetto S.<\/p>\n<p data-start=\"2745\" data-end=\"2836\" data-is-last-node=\"\" data-is-only-node=\"\">Prendi i suoi preferiti con il DadsPopperPig Popper Combo.<\/p>\n","protected":false},"featured_media":150644,"comment_status":"open","ping_status":"closed","template":"","meta":{"_acf_changed":false,"iawp_total_views":3,"_glsr_average":0,"_glsr_ranking":0,"_glsr_reviews":0},"product_brand":[],"product_cat":[1047,104],"product_tag":[],"class_list":{"0":"post-150646","1":"product","2":"type-product","3":"status-publish","4":"has-post-thumbnail","6":"product_cat-popper","7":"product_cat-confezioni-value","8":"pa_booster-cap-gewindegroesse-per-filettatura-piccola","9":"pa_flaschenform-ovale-it","10":"pa_flaschenform-rotonda-piccola","11":"pa_gewindegroesse-piccola","12":"pa_inhalt-combo","13":"pa_inhalt-24ml","14":"pa_inhalt-10ml","15":"pa_inhaltsstoffe-nitrito-di-pentile","16":"pa_staerke-103","18":"first","19":"instock","20":"sale","21":"taxable","22":"shipping-taxable","23":"purchasable","24":"product-type-simple"},"acf":[],"_links":{"self":[{"href":"https:\/\/poppers-online.ch\/it\/wp-json\/wp\/v2\/product\/150646","targetHints":{"allow":["GET"]}}],"collection":[{"href":"https:\/\/poppers-online.ch\/it\/wp-json\/wp\/v2\/product"}],"about":[{"href":"https:\/\/poppers-online.ch\/it\/wp-json\/wp\/v2\/types\/product"}],"replies":[{"embeddable":true,"href":"https:\/\/poppers-online.ch\/it\/wp-json\/wp\/v2\/comments?post=150646"}],"wp:featuredmedia":[{"embeddable":true,"href":"https:\/\/poppers-online.ch\/it\/wp-json\/wp\/v2\/media\/150644"}],"wp:attachment":[{"href":"https:\/\/poppers-online.ch\/it\/wp-json\/wp\/v2\/media?parent=150646"}],"wp:term":[{"taxonomy":"product_brand","embeddable":true,"href":"https:\/\/poppers-online.ch\/it\/wp-json\/wp\/v2\/product_brand?post=150646"},{"taxonomy":"product_cat","embeddable":true,"href":"https:\/\/poppers-online.ch\/it\/wp-json\/wp\/v2\/product_cat?post=150646"},{"taxonomy":"product_tag","embeddable":true,"href":"https:\/\/poppers-online.ch\/it\/wp-json\/wp\/v2\/product_tag?post=150646"}],"curies":[{"name":"wp","href":"https:\/\/api.w.org\/{rel}","templated":true}]}}