{"id":149931,"date":"2026-03-05T12:28:44","date_gmt":"2026-03-05T11:28:44","guid":{"rendered":"https:\/\/poppers-online.ch\/produkt\/highrise-original-popper-combo\/"},"modified":"2026-03-11T13:34:06","modified_gmt":"2026-03-11T12:34:06","slug":"highrise-original-popper-combo","status":"publish","type":"product","link":"https:\/\/poppers-online.ch\/it\/prodotto\/highrise-original-popper-combo\/","title":{"rendered":"Highrise Original Popper Combo"},"content":{"rendered":"","protected":false},"excerpt":{"rendered":"<p data-start=\"17\" data-end=\"195\">Con l&#8217;<strong data-start=\"25\" data-end=\"60\">Highrise Original Popper Combo<\/strong> ottieni il pacchetto completo di High Rise Popper a un prezzo speciale: tre varianti del marchio originale del produttore Lockerroom in Canada.<\/p>\n<p data-start=\"197\" data-end=\"488\">Due boccette grandi e sottili che da molti anni convincono i clienti con la comprovata qualit\u00e0 della formulazione ad alta intensit\u00e0 basata sulla formula canadese Pentyl. C&#8217;\u00e8 anche un flacone di High Rise da 30 ml nella classica boccetta con scatola blu e la collaudata formulazione a base di nitrito di esile. <\/p>\n<p data-start=\"490\" data-end=\"581\">Da molti anni offriamo questi Popper originali ai veri intenditori.<\/p>\n","protected":false},"featured_media":149930,"comment_status":"open","ping_status":"closed","template":"","meta":{"_acf_changed":false,"iawp_total_views":12,"_glsr_average":0,"_glsr_ranking":0,"_glsr_reviews":0},"product_brand":[],"product_cat":[1047,104],"product_tag":[],"class_list":{"0":"post-149931","1":"product","2":"type-product","3":"status-publish","4":"has-post-thumbnail","6":"product_cat-popper","7":"product_cat-confezioni-value","8":"pa_flaschenform-rotonda-grande","9":"pa_flaschenform-rotonda-tall","10":"pa_gewindegroesse-piccola","11":"pa_inhalt-combo","12":"pa_inhalt-30ml","13":"pa_inhaltsstoffe-formula-pentile-canadese","14":"pa_marke-highrise-popper","15":"pa_marke-lockerroom-popper","16":"pa_staerke-105","18":"first","19":"instock","20":"sale","21":"taxable","22":"shipping-taxable","23":"purchasable","24":"product-type-simple"},"acf":[],"_links":{"self":[{"href":"https:\/\/poppers-online.ch\/it\/wp-json\/wp\/v2\/product\/149931","targetHints":{"allow":["GET"]}}],"collection":[{"href":"https:\/\/poppers-online.ch\/it\/wp-json\/wp\/v2\/product"}],"about":[{"href":"https:\/\/poppers-online.ch\/it\/wp-json\/wp\/v2\/types\/product"}],"replies":[{"embeddable":true,"href":"https:\/\/poppers-online.ch\/it\/wp-json\/wp\/v2\/comments?post=149931"}],"wp:featuredmedia":[{"embeddable":true,"href":"https:\/\/poppers-online.ch\/it\/wp-json\/wp\/v2\/media\/149930"}],"wp:attachment":[{"href":"https:\/\/poppers-online.ch\/it\/wp-json\/wp\/v2\/media?parent=149931"}],"wp:term":[{"taxonomy":"product_brand","embeddable":true,"href":"https:\/\/poppers-online.ch\/it\/wp-json\/wp\/v2\/product_brand?post=149931"},{"taxonomy":"product_cat","embeddable":true,"href":"https:\/\/poppers-online.ch\/it\/wp-json\/wp\/v2\/product_cat?post=149931"},{"taxonomy":"product_tag","embeddable":true,"href":"https:\/\/poppers-online.ch\/it\/wp-json\/wp\/v2\/product_tag?post=149931"}],"curies":[{"name":"wp","href":"https:\/\/api.w.org\/{rel}","templated":true}]}}