{"id":149903,"date":"2026-03-05T10:41:27","date_gmt":"2026-03-05T09:41:27","guid":{"rendered":"https:\/\/poppers-online.ch\/produkt\/highrise-ultra-strong-original-popper-combo\/"},"modified":"2026-03-26T16:35:25","modified_gmt":"2026-03-26T15:35:25","slug":"highrise-ultra-strong-original-popper-combo","status":"publish","type":"product","link":"https:\/\/poppers-online.ch\/it\/prodotto\/highrise-ultra-strong-original-popper-combo\/","title":{"rendered":"Highrise Ultra Strong Original Popper Combo"},"content":{"rendered":"","protected":false},"excerpt":{"rendered":"<p data-start=\"17\" data-end=\"523\">Con il <strong data-start=\"25\" data-end=\"73\">Combo<\/strong> di <strong data-start=\"25\" data-end=\"73\">Popper Highrise Ultra Strong Original<\/strong>, ottieni due dei leggendari Popper High Rise Ultra Strong Tall a un prezzo speciale. Questo prodotto originale del produttore canadese Lockerroom \u00e8 extra forte e da molti anni impressiona i clienti per la qualit\u00e0 comprovata della sua formulazione intensa basata sulla formula canadese Pentyl. Questo Popper \u00e8 ultra forte, pi\u00f9 intenso del normale Highrise Tall nella boccetta blu, ed \u00e8 disponibile da noi per i veri intenditori da molti anni.  <\/p>\n","protected":false},"featured_media":149933,"comment_status":"open","ping_status":"closed","template":"","meta":{"_acf_changed":false,"iawp_total_views":9,"_glsr_average":0,"_glsr_ranking":0,"_glsr_reviews":0},"product_brand":[],"product_cat":[1047,104],"product_tag":[],"class_list":{"0":"post-149903","1":"product","2":"type-product","3":"status-publish","4":"has-post-thumbnail","6":"product_cat-popper","7":"product_cat-confezioni-value","8":"pa_flaschenform-rotonda-tall","9":"pa_gewindegroesse-piccola","10":"pa_inhalt-combo","11":"pa_inhalt-30ml","12":"pa_inhaltsstoffe-formula-pentile-canadese","13":"pa_marke-highrise-popper","14":"pa_marke-lockerroom-popper","15":"pa_staerke-105","17":"first","18":"instock","19":"sale","20":"taxable","21":"shipping-taxable","22":"purchasable","23":"product-type-simple"},"acf":[],"_links":{"self":[{"href":"https:\/\/poppers-online.ch\/it\/wp-json\/wp\/v2\/product\/149903","targetHints":{"allow":["GET"]}}],"collection":[{"href":"https:\/\/poppers-online.ch\/it\/wp-json\/wp\/v2\/product"}],"about":[{"href":"https:\/\/poppers-online.ch\/it\/wp-json\/wp\/v2\/types\/product"}],"replies":[{"embeddable":true,"href":"https:\/\/poppers-online.ch\/it\/wp-json\/wp\/v2\/comments?post=149903"}],"wp:featuredmedia":[{"embeddable":true,"href":"https:\/\/poppers-online.ch\/it\/wp-json\/wp\/v2\/media\/149933"}],"wp:attachment":[{"href":"https:\/\/poppers-online.ch\/it\/wp-json\/wp\/v2\/media?parent=149903"}],"wp:term":[{"taxonomy":"product_brand","embeddable":true,"href":"https:\/\/poppers-online.ch\/it\/wp-json\/wp\/v2\/product_brand?post=149903"},{"taxonomy":"product_cat","embeddable":true,"href":"https:\/\/poppers-online.ch\/it\/wp-json\/wp\/v2\/product_cat?post=149903"},{"taxonomy":"product_tag","embeddable":true,"href":"https:\/\/poppers-online.ch\/it\/wp-json\/wp\/v2\/product_tag?post=149903"}],"curies":[{"name":"wp","href":"https:\/\/api.w.org\/{rel}","templated":true}]}}