{"id":149174,"date":"2026-02-26T17:46:40","date_gmt":"2026-02-26T16:46:40","guid":{"rendered":"https:\/\/poppers-online.ch\/produkt\/smooth-start-popper-combo\/"},"modified":"2026-02-26T18:23:33","modified_gmt":"2026-02-26T17:23:33","slug":"smooth-start-popper-combo","status":"publish","type":"product","link":"https:\/\/poppers-online.ch\/it\/prodotto\/smooth-start-popper-combo\/","title":{"rendered":"Smooth Start Popper Combo"},"content":{"rendered":"","protected":false},"excerpt":{"rendered":"<p data-start=\"32\" data-end=\"435\">Il <strong>Combo Smooth Start Popper<\/strong> \u00e8 l&#8217;<strong>introduzione<\/strong> ideale <strong>al mondo dei popper<\/strong>. Questo set \u00e8 volutamente rivolto ai <strong>principianti, ai curiosi<\/strong> e a tutti coloro che <strong>amano un&#8217;intensit\u00e0 minore e pi\u00f9 controllata<\/strong>. Invece della massima durezza, avrai due formulazioni pi\u00f9 blande e piacevolmente dosate che ti permetteranno di scoprire come reagisce il tuo corpo e qual \u00e8 l&#8217;intensit\u00e0 giusta per te.  <\/p>\n<p data-start=\"437\" data-end=\"639\">Perfetto per la <strong>tua prima esperienza<\/strong>, per sessioni rilassate o se preferisci un effetto pi\u00f9 leggero. Iniziare senza problemi, familiarizzare con l&#8217;effetto e acquisire sicurezza: questa combinazione \u00e8 fatta apposta per questo. <\/p>\n<p data-start=\"641\" data-end=\"667\"><strong data-start=\"641\" data-end=\"667\">POP ME UP Popper 10ml<\/strong><\/p>\n<p data-start=\"669\" data-end=\"1134\">POP ME UP Popper 10ml \u00e8 sul mercato dal 2023 e contiene l&#8217;ex nitrito di pentile. Questo Popper ha origine in Francia e non dovrebbe mancare alla tua prossima sessione di pop. Il termine &#8220;pop me up&#8221; significa &#8220;chiamami&#8221;, ma pu\u00f2 anche essere inteso come un invito scherzoso. Con un&#8217;intensit\u00e0 di 3, POP ME UP \u00e8 una delle variet\u00e0 pi\u00f9 moderate ed \u00e8 ideale per i principianti o per chi preferisce un effetto meno intenso.   <\/p>\n<p data-start=\"1136\" data-end=\"1178\"><strong data-start=\"1136\" data-end=\"1178\">BASIC BITCH FOR BEGINNERS Popper 10ml<\/strong><\/p>\n<p data-start=\"1180\" data-end=\"1563\">Anche il BASIC BITCH FOR BEGINNERS Popper 10ml \u00e8 sul mercato dal 2023 e contiene l&#8217;ex nitrito di pentile genuino. Questo popper \u00e8 rivolto a uomini e donne che vogliono familiarizzare lentamente con il mondo del popper. La formula \u00e8 stata studiata per ridurre le inibizioni e offrire un&#8217;introduzione semplice e rilassata, a letto o a una festa.  <\/p>\n<p data-start=\"1565\" data-end=\"1725\" data-is-last-node=\"\" data-is-only-node=\"\">Se non hai mai usato i Popper prima d&#8217;ora, consulta le istruzioni nella <a href=\"https:\/\/poppers-online.ch\/it\/domande-frequenti-sui-popper\/ingredienti-per-i-popper\/\">sezione FAQ<\/a> di questo sito per avere informazioni sull&#8217;uso e sulla sicurezza.<\/p>\n","protected":false},"featured_media":149173,"comment_status":"open","ping_status":"closed","template":"","meta":{"_acf_changed":false,"iawp_total_views":14,"_glsr_average":0,"_glsr_ranking":0,"_glsr_reviews":0},"product_brand":[],"product_cat":[1047,104],"product_tag":[],"class_list":{"0":"post-149174","1":"product","2":"type-product","3":"status-publish","4":"has-post-thumbnail","6":"product_cat-popper","7":"product_cat-confezioni-value","8":"pa_flaschenform-rotonda-piccola","9":"pa_gewindegroesse-piccola","10":"pa_inhalt-combo","11":"pa_inhalt-10ml","12":"pa_inhaltsstoffe-nitrito-di-pentile","13":"pa_staerke-106","15":"first","16":"instock","17":"sale","18":"taxable","19":"shipping-taxable","20":"purchasable","21":"product-type-simple"},"acf":[],"_links":{"self":[{"href":"https:\/\/poppers-online.ch\/it\/wp-json\/wp\/v2\/product\/149174","targetHints":{"allow":["GET"]}}],"collection":[{"href":"https:\/\/poppers-online.ch\/it\/wp-json\/wp\/v2\/product"}],"about":[{"href":"https:\/\/poppers-online.ch\/it\/wp-json\/wp\/v2\/types\/product"}],"replies":[{"embeddable":true,"href":"https:\/\/poppers-online.ch\/it\/wp-json\/wp\/v2\/comments?post=149174"}],"wp:featuredmedia":[{"embeddable":true,"href":"https:\/\/poppers-online.ch\/it\/wp-json\/wp\/v2\/media\/149173"}],"wp:attachment":[{"href":"https:\/\/poppers-online.ch\/it\/wp-json\/wp\/v2\/media?parent=149174"}],"wp:term":[{"taxonomy":"product_brand","embeddable":true,"href":"https:\/\/poppers-online.ch\/it\/wp-json\/wp\/v2\/product_brand?post=149174"},{"taxonomy":"product_cat","embeddable":true,"href":"https:\/\/poppers-online.ch\/it\/wp-json\/wp\/v2\/product_cat?post=149174"},{"taxonomy":"product_tag","embeddable":true,"href":"https:\/\/poppers-online.ch\/it\/wp-json\/wp\/v2\/product_tag?post=149174"}],"curies":[{"name":"wp","href":"https:\/\/api.w.org\/{rel}","templated":true}]}}