{"id":149160,"date":"2026-02-26T16:31:53","date_gmt":"2026-02-26T15:31:53","guid":{"rendered":"https:\/\/poppers-online.ch\/produkt\/popper-2go-combo\/"},"modified":"2026-02-26T18:08:33","modified_gmt":"2026-02-26T17:08:33","slug":"popper-2go-combo","status":"publish","type":"product","link":"https:\/\/poppers-online.ch\/it\/prodotto\/popper-2go-combo\/","title":{"rendered":"Popper 2GO Combo"},"content":{"rendered":"","protected":false},"excerpt":{"rendered":"<p data-start=\"23\" data-end=\"314\">Il <strong>Popper 2GO Combo<\/strong> \u00e8 il tuo <strong>pacchetto compatto e spensierato per gli appuntamenti di sesso spontaneo<\/strong>. Contiene tutto ci\u00f2 di cui hai bisogno: preparazione, intensit\u00e0 e conservazione sicura. Che si tratti di un hotel, di un after-party o di una visita veloce nel mezzo: Con questo combo sei pronto, pulito e discreto anche in viaggio.  <\/p>\n<p data-start=\"316\" data-end=\"646\">La doccia anale XTRM 2GO Red assicura una preparazione rapida e senza complicazioni. Il Double Fist Extreme Popper 10ml ti fornisce l&#8217;intensit\u00e0 necessaria per la tua sessione. E con il Popper Keeper Small puoi trasportare i tuoi popper in modo sicuro e discreto. Tre elementi essenziali. Un&#8217;unica missione: essere pronti a partire in qualsiasi momento.    <\/p>\n<p data-start=\"648\" data-end=\"684\"><strong data-start=\"648\" data-end=\"684\">Popper estremo a doppio pugno 10ml<\/strong><\/p>\n<p data-start=\"686\" data-end=\"997\">Double Fist Extreme Popper 10ml \u00e8 sul mercato dal 2022 ed \u00e8 basato sul nitrito di pentile originale e convenzionale. \u00c8 un must-have per tutti gli amanti dei pugni e per chiunque voglia diventarlo. Compatto nella boccetta da 10 ml, ma dall&#8217;effetto intenso: perfetto per i viaggi o gli incontri spontanei.  <\/p>\n<p data-start=\"999\" data-end=\"1023\"><strong data-start=\"999\" data-end=\"1023\">Popper Keeper Piccolo<\/strong><\/p>\n<p data-start=\"1025\" data-end=\"1486\">Il Popper Keeper Small per popper da 10 ml \u00e8 un contenitore robusto che funge da <strong>coperchio protettivo per tutte le boccette di Popper da 10 ml<\/strong>. Offre una maggiore discrezione quando si viaggia, ad esempio quando si portano i Popper nello zaino o nella borsa sportiva. Il Popper Keeper ha resistito con successo a diversi test di rottura e calore, rendendolo ideale per il trasporto durante i mesi estivi. A casa, garantisce una conservazione sicura e molto discreta.   <\/p>\n<p data-start=\"1488\" data-end=\"1783\">Materiale: PLA (plastica biodegradabile) ecologico<br data-start=\"1555\" data-end=\"1558\">Dimensioni: 45 mm di diametro, 61 mm di altezza (dimensioni perfette per bottiglie da 10 ml)<br data-start=\"1630\" data-end=\"1633\">Colore: Nero<br data-start=\"1647\" data-end=\"1650\">Compatibilit\u00e0: Per boccette in vetro Popper da 10 ml (ad esempio Lockerroom o Oxymoron)<br data-start=\"1732\" data-end=\"1735\">Protezione: Contro gocce, perdite e vapori<\/p>\n<p data-start=\"1785\" data-end=\"1812\"><strong data-start=\"1785\" data-end=\"1812\">XTRM anal douche 2GO rosso<\/strong><\/p>\n<p data-start=\"1814\" data-end=\"2090\">La doccia anale XTRM 2GO Red \u00e8 <strong>fatta per viaggiare<\/strong>: diretta, pulita e sempre pronta all&#8217;uso. Si <strong>avvita semplicemente su una boccetta PET standard<\/strong>, senza bisogno di un adattatore. Perfetto se vuoi essere sempre in movimento e vuoi comunque avere il pieno controllo della tua preparazione.  <\/p>\n<p data-start=\"2092\" data-end=\"2385\">Il beccuccio liscio in ABS delicato sulla pelle con sistema di equalizzazione della pressione integrato garantisce un getto d&#8217;acqua uniforme e piacevole senza perdite. Piccolo, robusto, discreto e adatto a qualsiasi borsa, il 2GO \u00e8 ideale per una pulizia veloce in hotel, prima di un appuntamento o in viaggio. <\/p>\n<p data-start=\"2387\" data-end=\"2515\" data-is-last-node=\"\" data-is-only-node=\"\">Riempi la boccetta, avvita, spremi e il gioco \u00e8 fatto. Il colore rosso \u00e8 una chiara dichiarazione: funzionale, diretta e senza compromessi. <\/p>\n","protected":false},"featured_media":149157,"comment_status":"open","ping_status":"closed","template":"","meta":{"_acf_changed":false,"iawp_total_views":7,"_glsr_average":0,"_glsr_ranking":0,"_glsr_reviews":0},"product_brand":[],"product_cat":[1047,104],"product_tag":[],"class_list":{"0":"post-149160","1":"product","2":"type-product","3":"status-publish","4":"has-post-thumbnail","6":"product_cat-popper","7":"product_cat-confezioni-value","8":"pa_flaschenform-rotonda-piccola","9":"pa_gewindegroesse-piccola","10":"pa_inhalt-combo","11":"pa_inhalt-10ml","12":"pa_inhaltsstoffe-nitrito-di-pentile","13":"pa_staerke-103","15":"first","16":"instock","17":"sale","18":"taxable","19":"shipping-taxable","20":"purchasable","21":"product-type-simple"},"acf":[],"_links":{"self":[{"href":"https:\/\/poppers-online.ch\/it\/wp-json\/wp\/v2\/product\/149160","targetHints":{"allow":["GET"]}}],"collection":[{"href":"https:\/\/poppers-online.ch\/it\/wp-json\/wp\/v2\/product"}],"about":[{"href":"https:\/\/poppers-online.ch\/it\/wp-json\/wp\/v2\/types\/product"}],"replies":[{"embeddable":true,"href":"https:\/\/poppers-online.ch\/it\/wp-json\/wp\/v2\/comments?post=149160"}],"wp:featuredmedia":[{"embeddable":true,"href":"https:\/\/poppers-online.ch\/it\/wp-json\/wp\/v2\/media\/149157"}],"wp:attachment":[{"href":"https:\/\/poppers-online.ch\/it\/wp-json\/wp\/v2\/media?parent=149160"}],"wp:term":[{"taxonomy":"product_brand","embeddable":true,"href":"https:\/\/poppers-online.ch\/it\/wp-json\/wp\/v2\/product_brand?post=149160"},{"taxonomy":"product_cat","embeddable":true,"href":"https:\/\/poppers-online.ch\/it\/wp-json\/wp\/v2\/product_cat?post=149160"},{"taxonomy":"product_tag","embeddable":true,"href":"https:\/\/poppers-online.ch\/it\/wp-json\/wp\/v2\/product_tag?post=149160"}],"curies":[{"name":"wp","href":"https:\/\/api.w.org\/{rel}","templated":true}]}}