{"id":149140,"date":"2026-02-26T15:10:36","date_gmt":"2026-02-26T14:10:36","guid":{"rendered":"https:\/\/poppers-online.ch\/produkt\/power-formulas-popper-combo\/"},"modified":"2026-02-26T17:58:31","modified_gmt":"2026-02-26T16:58:31","slug":"power-formulas-popper-combo","status":"publish","type":"product","link":"https:\/\/poppers-online.ch\/it\/prodotto\/power-formulas-popper-combo\/","title":{"rendered":"Power Formulas Popper Combo"},"content":{"rendered":"","protected":false},"excerpt":{"rendered":"<p data-start=\"39\" data-end=\"571\">Il <strong>Power Formulas Popper Combo<\/strong> \u00e8 il <strong>pacchetto di prova<\/strong> perfetto <strong>per ottenere la massima intensit\u00e0 ed effetti personalizzati<\/strong>. Invece di impegnarti con una sola formula, avrai a disposizione tre delle formulazioni pi\u00f9 popolari in un unico set, ognuna con il proprio carattere, intensit\u00e0 e dinamica. Questo ti permette di scoprire quale formula funziona meglio per te e quale effetto ti convince di pi\u00f9. Che sia profondo, duro o duraturo, con questa combinazione puoi testare le opzioni di potenza reale e trovare la tua preferita.   <\/p>\n<p data-start=\"573\" data-end=\"611\"><strong data-start=\"573\" data-end=\"611\">Your Bitch XXX Strong Formula 30ml<\/strong><\/p>\n<p data-start=\"613\" data-end=\"986\">Con Your Bitch XXX Strong Formula 30ml, puoi portare il tuo partner esattamente dove vuoi tu: sottomesso, pronto e disponibile. Questa formula extra-intensa a base di <strong>nitrito di esile<\/strong> ha un effetto profondo e duraturo, perfetto per sessioni intense con il massimo controllo.<br data-start=\"901\" data-end=\"904\">Your Bitch XXX Strong Formula \u00e8 disponibile in una boccetta da 30ml con un filo piccolo. <\/p>\n<p data-start=\"988\" data-end=\"1015\"><strong data-start=\"988\" data-end=\"1015\">Popper BDSM ULTRA 24ml<\/strong><\/p>\n<p data-start=\"1017\" data-end=\"1444\">BDSM ULTRA Popper 24ml \u00e8 sul mercato dal 2023 e contiene l&#8217;ex <strong>nitrito di pentile<\/strong> genuino. Questo popper per utenti esperti \u00e8 un must per la tua prossima sessione BDSM. Grazie all&#8217;intensit\u00e0 6 di questa boccetta, tu e ogni schiavo sottomesso avrete il massimo. Il BDSM ULTRA Popper \u00e8 ultra duro, ultra intenso e di lunghissima durata e si presenta in una boccetta da 24 ml con un filo di dimensioni ridotte.<\/p>\n<p data-start=\"1446\" data-end=\"1476\"><strong data-start=\"1446\" data-end=\"1476\">HARD FCK Extra Forte 30ml<\/strong><\/p>\n<p data-start=\"1478\" data-end=\"1929\">HARD FCK Extra Strong 30ml Popper \u00e8 una novit\u00e0 mondiale di Royal Hexagon. Finalmente la famigerata <strong>formula canadese del pentile<\/strong> \u00e8 disponibile in un&#8217;elegante e indistruttibile bottiglia di alluminio. E per permetterti di annusare la boccetta ancora pi\u00f9 a lungo, Royal Hexagon ha riempito la boccetta di alluminio HARD FCK Extra Strong con ben 30 ml di nitrito di pentile di estrema intensit\u00e0. HARD FCK Popper \u00e8 per tutti coloro che amano le sessioni di svapo duro.   <\/p>\n<p data-start=\"1931\" data-end=\"2246\">Quando richiudi questa boccetta, assicurati di non stringere troppo il tappo. Premi il tappo nero contro la boccetta e chiudilo con attenzione. La dimensione della filettatura di questa bottiglia in alluminio da 30 ml \u00e8 XL. Usa l&#8217;attacco XL corrispondente per i tappi Popper Booster.   <\/p>\n","protected":false},"featured_media":149138,"comment_status":"open","ping_status":"closed","template":"","meta":{"_acf_changed":false,"iawp_total_views":1,"_glsr_average":0,"_glsr_ranking":0,"_glsr_reviews":0},"product_brand":[],"product_cat":[1047,104],"product_tag":[],"class_list":{"0":"post-149140","1":"product","2":"type-product","3":"status-publish","4":"has-post-thumbnail","6":"product_cat-popper","7":"product_cat-confezioni-value","8":"pa_flaschenform-ovale-it","9":"pa_flaschenform-rotonda-grande","10":"pa_gewindegroesse-xl-it","11":"pa_gewindegroesse-piccola","12":"pa_inhalt-combo","13":"pa_inhalt-30ml","14":"pa_inhalt-24ml","15":"pa_inhaltsstoffe-formula-pentile-canadese","16":"pa_staerke-105","18":"first","19":"instock","20":"sale","21":"taxable","22":"shipping-taxable","23":"purchasable","24":"product-type-simple"},"acf":[],"_links":{"self":[{"href":"https:\/\/poppers-online.ch\/it\/wp-json\/wp\/v2\/product\/149140","targetHints":{"allow":["GET"]}}],"collection":[{"href":"https:\/\/poppers-online.ch\/it\/wp-json\/wp\/v2\/product"}],"about":[{"href":"https:\/\/poppers-online.ch\/it\/wp-json\/wp\/v2\/types\/product"}],"replies":[{"embeddable":true,"href":"https:\/\/poppers-online.ch\/it\/wp-json\/wp\/v2\/comments?post=149140"}],"wp:featuredmedia":[{"embeddable":true,"href":"https:\/\/poppers-online.ch\/it\/wp-json\/wp\/v2\/media\/149138"}],"wp:attachment":[{"href":"https:\/\/poppers-online.ch\/it\/wp-json\/wp\/v2\/media?parent=149140"}],"wp:term":[{"taxonomy":"product_brand","embeddable":true,"href":"https:\/\/poppers-online.ch\/it\/wp-json\/wp\/v2\/product_brand?post=149140"},{"taxonomy":"product_cat","embeddable":true,"href":"https:\/\/poppers-online.ch\/it\/wp-json\/wp\/v2\/product_cat?post=149140"},{"taxonomy":"product_tag","embeddable":true,"href":"https:\/\/poppers-online.ch\/it\/wp-json\/wp\/v2\/product_tag?post=149140"}],"curies":[{"name":"wp","href":"https:\/\/api.w.org\/{rel}","templated":true}]}}