{"id":149127,"date":"2026-02-26T13:17:50","date_gmt":"2026-02-26T12:17:50","guid":{"rendered":"https:\/\/poppers-online.ch\/produkt\/eros-aqua-lubrificante-a-base-dacqua-pride-fun-300-ml\/"},"modified":"2026-02-26T13:21:26","modified_gmt":"2026-02-26T12:21:26","slug":"eros-aqua-lubrificante-a-base-dacqua-pride-fun-300-ml","status":"publish","type":"product","link":"https:\/\/poppers-online.ch\/it\/prodotto\/eros-aqua-lubrificante-a-base-dacqua-pride-fun-300-ml\/","title":{"rendered":"Eros Aqua &#8211; Lubrificante a base d&#8217;acqua Pride Fun 300 ml"},"content":{"rendered":"","protected":false},"excerpt":{"rendered":"<p data-start=\"13\" data-end=\"145\">Prendi la nuova boccetta a forma di dildo di <strong data-start=\"51\" data-end=\"69\">Eros Pride Fun<\/strong> con 300 ml di lubrificante a base d&#8217;acqua e divertiti di pi\u00f9 con le tue azioni!<\/p>\n<p data-start=\"147\" data-end=\"480\">La formula speciale \u00e8 stata sviluppata in modo che il gel rimanga scivoloso ancora pi\u00f9 a lungo. \u00c8 incolore, insapore, pu\u00f2 essere usato con parsimonia per aumentare il piacere durante il rapporto sessuale ed \u00e8 facile da lavare via con acqua calda. <strong data-start=\"392\" data-end=\"410\">Eros Pride Fun<\/strong> garantisce una lubrificazione di lunga durata e una pulizia semplice. <\/p>\n<p data-start=\"482\" data-end=\"573\">La boccetta a forma di pene pu\u00f2 essere inserita ed \u00e8 compatibile con tutti i preservativi in lattice.<\/p>\n<p data-start=\"575\" data-end=\"758\">Dettagli del prodotto:<br data-start=\"590\" data-end=\"593\">\u2713 Alta qualit\u00e0 made in Germany<br data-start=\"631\" data-end=\"634\">\u2713 La boccetta pu\u00f2 essere utilizzata come dildo<br data-start=\"664\" data-end=\"667\">\u2713 Incredibili propriet\u00e0 di scorrimento<br data-start=\"700\" data-end=\"703\">\u2713 Incolore e insapore<br data-start=\"734\" data-end=\"737\">\u2713 Facile da lavare via<\/p>\n<p data-start=\"760\" data-end=\"795\">Produttore: Eros<br data-start=\"776\" data-end=\"779\">Contenuto: 300 ml<\/p>\n<p data-start=\"797\" data-end=\"932\">Lunghezza totale: circa 23,5 cm<br data-start=\"821\" data-end=\"824\">Lunghezza inseribile: circa 20 cm<br data-start=\"852\" data-end=\"855\">Diametro inseribile: circa 5 cm<br data-start=\"889\" data-end=\"892\">Materiale: PVC<br data-start=\"905\" data-end=\"908\">Colore: pelle chiara<\/p>\n","protected":false},"featured_media":149125,"comment_status":"open","ping_status":"closed","template":"","meta":{"_acf_changed":false,"iawp_total_views":0,"_glsr_average":0,"_glsr_ranking":0,"_glsr_reviews":0},"product_brand":[],"product_cat":[2068,168],"product_tag":[],"class_list":{"0":"post-149127","1":"product","2":"type-product","3":"status-publish","4":"has-post-thumbnail","6":"product_cat-lubrificanti","7":"product_cat-farmacia","9":"first","10":"instock","11":"taxable","12":"shipping-taxable","13":"purchasable","14":"product-type-simple"},"acf":[],"_links":{"self":[{"href":"https:\/\/poppers-online.ch\/it\/wp-json\/wp\/v2\/product\/149127","targetHints":{"allow":["GET"]}}],"collection":[{"href":"https:\/\/poppers-online.ch\/it\/wp-json\/wp\/v2\/product"}],"about":[{"href":"https:\/\/poppers-online.ch\/it\/wp-json\/wp\/v2\/types\/product"}],"replies":[{"embeddable":true,"href":"https:\/\/poppers-online.ch\/it\/wp-json\/wp\/v2\/comments?post=149127"}],"wp:featuredmedia":[{"embeddable":true,"href":"https:\/\/poppers-online.ch\/it\/wp-json\/wp\/v2\/media\/149125"}],"wp:attachment":[{"href":"https:\/\/poppers-online.ch\/it\/wp-json\/wp\/v2\/media?parent=149127"}],"wp:term":[{"taxonomy":"product_brand","embeddable":true,"href":"https:\/\/poppers-online.ch\/it\/wp-json\/wp\/v2\/product_brand?post=149127"},{"taxonomy":"product_cat","embeddable":true,"href":"https:\/\/poppers-online.ch\/it\/wp-json\/wp\/v2\/product_cat?post=149127"},{"taxonomy":"product_tag","embeddable":true,"href":"https:\/\/poppers-online.ch\/it\/wp-json\/wp\/v2\/product_tag?post=149127"}],"curies":[{"name":"wp","href":"https:\/\/api.w.org\/{rel}","templated":true}]}}