{"id":149110,"date":"2026-02-26T12:47:27","date_gmt":"2026-02-26T11:47:27","guid":{"rendered":"https:\/\/poppers-online.ch\/produkt\/eros-action-lubrificante-a-base-di-silicone-200-ml-2\/"},"modified":"2026-02-26T12:51:45","modified_gmt":"2026-02-26T11:51:45","slug":"eros-action-lubrificante-a-base-di-silicone-200-ml-2","status":"publish","type":"product","link":"https:\/\/poppers-online.ch\/it\/prodotto\/eros-action-lubrificante-a-base-di-silicone-200-ml-2\/","title":{"rendered":"Eros Action &#8211; Lubrificante a base di silicone 200 ml"},"content":{"rendered":"","protected":false},"excerpt":{"rendered":"<p data-start=\"13\" data-end=\"204\">Il <strong data-start=\"17\" data-end=\"61\">lubrificante a base di silicone di Eros Action<\/strong> \u00e8 contenuto in un flacone da 200 ml di lubrificante al silicone di alta qualit\u00e0 e pu\u00f2 essere inserito per un&#8217;azione immediata.<\/p>\n<p data-start=\"206\" data-end=\"586\">La formula promette una scorrevolezza incredibilmente lunga senza seccarsi. La consistenza liscia e setosa del gel \u00e8 incolore, insapore e pu\u00f2 essere applicata con molta parsimonia per aumentare il piacere durante il rapporto. Il <strong data-start=\"434\" data-end=\"478\">lubrificante a base di silicone di Eros Action<\/strong> aggiunge ulteriore umidit\u00e0 e rende il gioco un piacere scivoloso e duraturo.<\/p>\n<p data-start=\"588\" data-end=\"679\">La boccetta a forma di pene pu\u00f2 essere inserita ed \u00e8 compatibile con tutti i preservativi in lattice.<\/p>\n<p data-start=\"681\" data-end=\"896\">Dettagli del prodotto:<br data-start=\"696\" data-end=\"699\">\u2713 Alta qualit\u00e0 made in Germany<br data-start=\"737\" data-end=\"740\">\u2713 Premium a base di silicone<br data-start=\"766\" data-end=\"769\">\u2713 Rende il sesso pi\u00f9 piacevole<br data-start=\"795\" data-end=\"798\">\u2713 La boccetta pu\u00f2 essere utilizzata come dildo<br data-start=\"828\" data-end=\"831\">\u2713 Incredibile lubrificazione<br data-start=\"860\" data-end=\"863\">\u2713 Incolore e insapore<\/p>\n<p data-start=\"898\" data-end=\"933\">Produttore: Eros<br data-start=\"914\" data-end=\"917\">Contenuto: 200 ml<\/p>\n<p data-start=\"935\" data-end=\"1064\">Lunghezza totale: circa 21,5 cm<br data-start=\"959\" data-end=\"962\">Lunghezza inseribile: circa 19 cm<br data-start=\"990\" data-end=\"993\">Diametro inseribile: circa 4,4 cm<br data-start=\"1029\" data-end=\"1032\">Materiale: PVC<br data-start=\"1045\" data-end=\"1048\">Colore: Nero<\/p>\n","protected":false},"featured_media":149108,"comment_status":"open","ping_status":"closed","template":"","meta":{"_acf_changed":false,"iawp_total_views":1,"_glsr_average":0,"_glsr_ranking":0,"_glsr_reviews":0},"product_brand":[],"product_cat":[2068,168],"product_tag":[],"class_list":{"0":"post-149110","1":"product","2":"type-product","3":"status-publish","4":"has-post-thumbnail","6":"product_cat-lubrificanti","7":"product_cat-farmacia","9":"first","10":"instock","11":"taxable","12":"shipping-taxable","13":"purchasable","14":"product-type-simple"},"acf":[],"_links":{"self":[{"href":"https:\/\/poppers-online.ch\/it\/wp-json\/wp\/v2\/product\/149110","targetHints":{"allow":["GET"]}}],"collection":[{"href":"https:\/\/poppers-online.ch\/it\/wp-json\/wp\/v2\/product"}],"about":[{"href":"https:\/\/poppers-online.ch\/it\/wp-json\/wp\/v2\/types\/product"}],"replies":[{"embeddable":true,"href":"https:\/\/poppers-online.ch\/it\/wp-json\/wp\/v2\/comments?post=149110"}],"wp:featuredmedia":[{"embeddable":true,"href":"https:\/\/poppers-online.ch\/it\/wp-json\/wp\/v2\/media\/149108"}],"wp:attachment":[{"href":"https:\/\/poppers-online.ch\/it\/wp-json\/wp\/v2\/media?parent=149110"}],"wp:term":[{"taxonomy":"product_brand","embeddable":true,"href":"https:\/\/poppers-online.ch\/it\/wp-json\/wp\/v2\/product_brand?post=149110"},{"taxonomy":"product_cat","embeddable":true,"href":"https:\/\/poppers-online.ch\/it\/wp-json\/wp\/v2\/product_cat?post=149110"},{"taxonomy":"product_tag","embeddable":true,"href":"https:\/\/poppers-online.ch\/it\/wp-json\/wp\/v2\/product_tag?post=149110"}],"curies":[{"name":"wp","href":"https:\/\/api.w.org\/{rel}","templated":true}]}}