{"id":149096,"date":"2026-02-26T11:51:10","date_gmt":"2026-02-26T10:51:10","guid":{"rendered":"https:\/\/poppers-online.ch\/produkt\/combo-di-annusare-trattenere-e-ripetere\/"},"modified":"2026-02-26T17:48:16","modified_gmt":"2026-02-26T16:48:16","slug":"combo-di-annusare-trattenere-e-ripetere","status":"publish","type":"product","link":"https:\/\/poppers-online.ch\/it\/prodotto\/combo-di-annusare-trattenere-e-ripetere\/","title":{"rendered":"Combo di annusare, trattenere e ripetere"},"content":{"rendered":"","protected":false},"excerpt":{"rendered":"<p data-start=\"32\" data-end=\"349\">La <strong>Combo Sniff, Hold &amp; Repeat<\/strong> combina una coppia potente per tutti coloro che non vogliono aspettare a lungo, ma vogliono immergersi subito nell&#8217;esperienza. La massima intensit\u00e0 di Kinky Monster Ultra Strong incontra l&#8217;immediata prontezza operativa grazie al tappo Beakr Spill Proof. Una volta avvitato, sei pronto all&#8217;azione in qualsiasi momento.  <\/p>\n<p data-start=\"351\" data-end=\"394\"><strong data-start=\"351\" data-end=\"394\">Kinky Monster Ultra Strong Popper 24ml<\/strong><\/p>\n<p data-start=\"396\" data-end=\"940\">Kinky Monster Ultra Strong \u00e8 rivolto a tutti i veri kinksters che amano l&#8217;intensit\u00e0 e la durata. La boccetta contiene <strong>nitrito di pentile particolarmente puro e ad alta percentuale<\/strong> per un&#8217;esperienza intensa e potente. Ultra Strong \u00e8 il prodotto pi\u00f9 intenso della gamma Kinky Monster ed \u00e8 <strong>classificato 6+<\/strong> sulla <strong>scala di intensit\u00e0<\/strong> interna. Questo significa una potenza senza compromessi per il tuo pugno, la gomma, le scarpe da ginnastica, i sox, il cucciolo o la sessione SM. Se ti piace la massima intensit\u00e0, questo mostro \u00e8 il tuo nuovo preferito. Diventa anche tu un Ultra Kinky Monster.     <\/p>\n<p data-start=\"942\" data-end=\"981\"><strong data-start=\"942\" data-end=\"981\">Cappello a prova di fuoriuscita di Popper nero<\/strong><\/p>\n<p data-start=\"983\" data-end=\"1834\" data-is-last-node=\"\" data-is-only-node=\"\">Il tappo a prova di fuoriuscita di Beakr Popper Black \u00e8 il tappo di aggiornamento intelligente per i tuoi popper: pratico, sicuro e sempre pronto all&#8217;uso. Il grande vantaggio \u00e8 che <strong>puoi lasciare il tappo sulla boccetta in modo permanente<\/strong>.  Non si deve svitare, non si deve ricollegare, non si deve armeggiare con le singole parti come avviene con i tappi sniffer tradizionali. Questo tappo sostituisce completamente il tappo originale del produttore. Ideale per i viaggi e per un uso rapido: tira fuori la boccetta dalla borsa, gira la leva e il gioco \u00e8 fatto. Nessun coperchio in mano, nessuna fuoriuscita. Il meccanismo a prova di fuoriuscita assicura un trasporto pulito e un utilizzo immediato. Il funzionamento \u00e8 semplice e intuitivo.   <\/p>\n<p data-start=\"983\" data-end=\"1834\" data-is-last-node=\"\" data-is-only-node=\"\">Leva in alto = chiusa.<br \/>\nLeva laterale = aperta.<\/p>\n<p data-start=\"983\" data-end=\"1834\" data-is-last-node=\"\" data-is-only-node=\"\">Compatibile con le boccette con <strong>filettatura piccola, <\/strong>rende il tuo Popper pi\u00f9 comodo, sicuro ed efficiente: una volta montato, \u00e8 sempre pronto.<\/p>\n","protected":false},"featured_media":149095,"comment_status":"open","ping_status":"closed","template":"","meta":{"_acf_changed":false,"iawp_total_views":15,"_glsr_average":0,"_glsr_ranking":0,"_glsr_reviews":0},"product_brand":[],"product_cat":[1047,104],"product_tag":[],"class_list":{"0":"post-149096","1":"product","2":"type-product","3":"status-publish","4":"has-post-thumbnail","6":"product_cat-popper","7":"product_cat-confezioni-value","8":"pa_booster-cap-gewindegroesse-per-filettatura-piccola","9":"pa_flaschenform-ovale-it","10":"pa_gewindegroesse-piccola","11":"pa_inhalt-combo","12":"pa_inhalt-24ml","13":"pa_inhaltsstoffe-nitrito-di-pentile","14":"pa_staerke-105","16":"first","17":"instock","18":"sale","19":"taxable","20":"shipping-taxable","21":"purchasable","22":"product-type-simple"},"acf":[],"_links":{"self":[{"href":"https:\/\/poppers-online.ch\/it\/wp-json\/wp\/v2\/product\/149096","targetHints":{"allow":["GET"]}}],"collection":[{"href":"https:\/\/poppers-online.ch\/it\/wp-json\/wp\/v2\/product"}],"about":[{"href":"https:\/\/poppers-online.ch\/it\/wp-json\/wp\/v2\/types\/product"}],"replies":[{"embeddable":true,"href":"https:\/\/poppers-online.ch\/it\/wp-json\/wp\/v2\/comments?post=149096"}],"wp:featuredmedia":[{"embeddable":true,"href":"https:\/\/poppers-online.ch\/it\/wp-json\/wp\/v2\/media\/149095"}],"wp:attachment":[{"href":"https:\/\/poppers-online.ch\/it\/wp-json\/wp\/v2\/media?parent=149096"}],"wp:term":[{"taxonomy":"product_brand","embeddable":true,"href":"https:\/\/poppers-online.ch\/it\/wp-json\/wp\/v2\/product_brand?post=149096"},{"taxonomy":"product_cat","embeddable":true,"href":"https:\/\/poppers-online.ch\/it\/wp-json\/wp\/v2\/product_cat?post=149096"},{"taxonomy":"product_tag","embeddable":true,"href":"https:\/\/poppers-online.ch\/it\/wp-json\/wp\/v2\/product_tag?post=149096"}],"curies":[{"name":"wp","href":"https:\/\/api.w.org\/{rel}","templated":true}]}}