{"id":148396,"date":"2026-02-19T14:04:52","date_gmt":"2026-02-19T13:04:52","guid":{"rendered":"https:\/\/poppers-online.ch\/produkt\/combo-di-popper-a-fondo-scala\/"},"modified":"2026-03-16T10:24:21","modified_gmt":"2026-03-16T09:24:21","slug":"combo-di-popper-a-fondo-scala","status":"publish","type":"product","link":"https:\/\/poppers-online.ch\/it\/prodotto\/combo-di-popper-a-fondo-scala\/","title":{"rendered":"Combo di Popper a fondo scala"},"content":{"rendered":"","protected":false},"excerpt":{"rendered":"<p data-start=\"13\" data-end=\"289\">Il <strong data-start=\"17\" data-end=\"48\">Just a Bottom Popper Combo<\/strong> \u00e8 pensato per tutti gli amanti del sesso anale che vogliono lasciarsi andare e portare le loro sessioni a un nuovo livello di intensit\u00e0. Questo set combina due Popper, specialmente per i fondoschiena che desiderano lasciarsi andare e fare grandi cose. <\/p>\n<p data-start=\"291\" data-end=\"548\">Il <strong data-start=\"295\" data-end=\"329\">Popper FIST HOLE EXTREME 30ml<\/strong> con intensit\u00e0 6 \u00e8 una delle varianti pi\u00f9 forti sul mercato. La formula a base di nitrito di esile \u00e8 ideale per esperienze particolarmente intense e si presenta in una pratica boccetta da 30ml con un tappo facile da aprire. <\/p>\n<p data-start=\"550\" data-end=\"755\">L&#8217;intransigente <strong data-start=\"580\" data-end=\"615\">Super Extreme Slut Popper 24ml<\/strong>, a base di nitrito di pentile di elevata purezza, \u00e8 l&#8217;abbinamento perfetto. Intenso, tab\u00f9 e pensato per tutti coloro che vogliono non conoscere limiti e abbandonarsi completamente. <\/p>\n<p data-start=\"757\" data-end=\"876\">Il <strong data-start=\"761\" data-end=\"792\">Just a Bottom Popper Combo<\/strong> \u00e8 la scelta perfetta per chi vuole andare pi\u00f9 in profondit\u00e0 e vuole un&#8217;intensit\u00e0 maggiore.<\/p>\n","protected":false},"featured_media":148393,"comment_status":"open","ping_status":"closed","template":"","meta":{"_acf_changed":false,"iawp_total_views":9,"_glsr_average":0,"_glsr_ranking":0,"_glsr_reviews":0},"product_brand":[],"product_cat":[1047,104,109],"product_tag":[],"class_list":{"0":"post-148396","1":"product","2":"type-product","3":"status-publish","4":"has-post-thumbnail","6":"product_cat-popper","7":"product_cat-confezioni-value","8":"product_cat-boccette-grandi","9":"pa_flaschenform-ovale-it","10":"pa_flaschenform-rotonda-grande","11":"pa_gewindegroesse-piccola","12":"pa_inhalt-combo","13":"pa_inhalt-30ml","14":"pa_inhalt-24ml","15":"pa_inhaltsstoffe-nitrito-di-pentile","16":"pa_staerke-111","18":"first","19":"instock","20":"sale","21":"taxable","22":"shipping-taxable","23":"purchasable","24":"product-type-simple"},"acf":[],"_links":{"self":[{"href":"https:\/\/poppers-online.ch\/it\/wp-json\/wp\/v2\/product\/148396","targetHints":{"allow":["GET"]}}],"collection":[{"href":"https:\/\/poppers-online.ch\/it\/wp-json\/wp\/v2\/product"}],"about":[{"href":"https:\/\/poppers-online.ch\/it\/wp-json\/wp\/v2\/types\/product"}],"replies":[{"embeddable":true,"href":"https:\/\/poppers-online.ch\/it\/wp-json\/wp\/v2\/comments?post=148396"}],"wp:featuredmedia":[{"embeddable":true,"href":"https:\/\/poppers-online.ch\/it\/wp-json\/wp\/v2\/media\/148393"}],"wp:attachment":[{"href":"https:\/\/poppers-online.ch\/it\/wp-json\/wp\/v2\/media?parent=148396"}],"wp:term":[{"taxonomy":"product_brand","embeddable":true,"href":"https:\/\/poppers-online.ch\/it\/wp-json\/wp\/v2\/product_brand?post=148396"},{"taxonomy":"product_cat","embeddable":true,"href":"https:\/\/poppers-online.ch\/it\/wp-json\/wp\/v2\/product_cat?post=148396"},{"taxonomy":"product_tag","embeddable":true,"href":"https:\/\/poppers-online.ch\/it\/wp-json\/wp\/v2\/product_tag?post=148396"}],"curies":[{"name":"wp","href":"https:\/\/api.w.org\/{rel}","templated":true}]}}