{"id":147732,"date":"2026-02-12T15:57:17","date_gmt":"2026-02-12T14:57:17","guid":{"rendered":"https:\/\/poppers-online.ch\/produkt\/annusa-il-mio-sox-combo\/"},"modified":"2026-03-16T09:22:28","modified_gmt":"2026-03-16T08:22:28","slug":"annusa-il-mio-sox-combo","status":"publish","type":"product","link":"https:\/\/poppers-online.ch\/it\/prodotto\/annusa-il-mio-sox-combo\/","title":{"rendered":"Annusa il mio Sox Combo"},"content":{"rendered":"","protected":false},"excerpt":{"rendered":"<p data-start=\"168\" data-end=\"254\"><strong data-start=\"168\" data-end=\"190\">Sniff my Sox Combo<\/strong> porta le tue sessioni di calzini e scarpe da ginnastica a un nuovo livello:<\/p>\n<p data-start=\"256\" data-end=\"623\">Il <strong data-start=\"260\" data-end=\"294\">Popper Premium 24ml<\/strong> di <strong data-start=\"260\" data-end=\"294\">SOX SNFFR<\/strong> fornisce vero nitrito di pentile con intensit\u00e0 6 per la massima potenza. Questo Popper \u00e8 un must per la tua prossima sessione di calze e scarpe da ginnastica. Grazie all&#8217;intensit\u00e0 6 contenuta in questa boccetta, tu e tutti gli skater e gli sneaker potrete entrare in piena attivit\u00e0.<\/p>\n<p data-start=\"625\" data-end=\"995\">Il <strong data-start=\"629\" data-end=\"666\">tappo a prova di fuoriuscita dei Popper di Beakr Red<\/strong> \u00e8 l&#8217;aggiornamento intelligente per i tuoi popper: pratico, sicuro e sempre pronto all&#8217;uso. Puoi lasciare il tappo del booster sulla boccetta in modo permanente. Non si deve svitare, non si deve ricollegare, non si deve armeggiare con le singole parti come avviene con i tappi sniffer tradizionali. Questo tappo sostituisce completamente il tappo originale del produttore.<\/p>\n<p data-start=\"997\" data-end=\"1227\">Ideale per i viaggi e per un uso rapido: tira fuori la boccetta dalla borsa, gira la leva e il gioco \u00e8 fatto. Nessun coperchio in mano, nessuna fuoriuscita. Il meccanismo a prova di fuoriuscita garantisce un trasporto pulito e un utilizzo immediato.  <\/p>\n<p data-start=\"1229\" data-end=\"1518\">Il funzionamento \u00e8 semplice e intuitivo: leva in alto = chiuso, leva di lato = aperto. <strong data-start=\"1323\" data-end=\"1360\">Beakr Popper Spill Proof Cap Red<\/strong> \u00e8 compatibile con le boccette con filettatura piccola e rende la tua esperienza con i popper pi\u00f9 comoda, sicura ed efficiente: una volta montato, \u00e8 sempre pronto.<\/p>\n","protected":false},"featured_media":147731,"comment_status":"open","ping_status":"closed","template":"","meta":{"_acf_changed":false,"iawp_total_views":28,"_glsr_average":0,"_glsr_ranking":0,"_glsr_reviews":0},"product_brand":[],"product_cat":[1047,104,109],"product_tag":[],"class_list":{"0":"post-147732","1":"product","2":"type-product","3":"status-publish","4":"has-post-thumbnail","6":"product_cat-popper","7":"product_cat-confezioni-value","8":"product_cat-boccette-grandi","9":"pa_flaschenform-ovale-it","10":"pa_gewindegroesse-piccola","11":"pa_inhalt-combo","12":"pa_inhalt-24ml","13":"pa_inhaltsstoffe-nitrito-di-pentile","14":"pa_staerke-105","16":"first","17":"instock","18":"sale","19":"taxable","20":"shipping-taxable","21":"purchasable","22":"product-type-simple"},"acf":[],"_links":{"self":[{"href":"https:\/\/poppers-online.ch\/it\/wp-json\/wp\/v2\/product\/147732","targetHints":{"allow":["GET"]}}],"collection":[{"href":"https:\/\/poppers-online.ch\/it\/wp-json\/wp\/v2\/product"}],"about":[{"href":"https:\/\/poppers-online.ch\/it\/wp-json\/wp\/v2\/types\/product"}],"replies":[{"embeddable":true,"href":"https:\/\/poppers-online.ch\/it\/wp-json\/wp\/v2\/comments?post=147732"}],"wp:featuredmedia":[{"embeddable":true,"href":"https:\/\/poppers-online.ch\/it\/wp-json\/wp\/v2\/media\/147731"}],"wp:attachment":[{"href":"https:\/\/poppers-online.ch\/it\/wp-json\/wp\/v2\/media?parent=147732"}],"wp:term":[{"taxonomy":"product_brand","embeddable":true,"href":"https:\/\/poppers-online.ch\/it\/wp-json\/wp\/v2\/product_brand?post=147732"},{"taxonomy":"product_cat","embeddable":true,"href":"https:\/\/poppers-online.ch\/it\/wp-json\/wp\/v2\/product_cat?post=147732"},{"taxonomy":"product_tag","embeddable":true,"href":"https:\/\/poppers-online.ch\/it\/wp-json\/wp\/v2\/product_tag?post=147732"}],"curies":[{"name":"wp","href":"https:\/\/api.w.org\/{rel}","templated":true}]}}