{"id":147710,"date":"2026-02-12T14:03:32","date_gmt":"2026-02-12T13:03:32","guid":{"rendered":"https:\/\/poppers-online.ch\/produkt\/oxjok-popperjock-3d-calzino-di-gomma-nero\/"},"modified":"2026-02-13T17:37:02","modified_gmt":"2026-02-13T16:37:02","slug":"oxjok-popperjock-3d-calzino-di-gomma-nero","status":"publish","type":"product","link":"https:\/\/poppers-online.ch\/it\/prodotto\/oxjok-popperjock-3d-calzino-di-gomma-nero\/","title":{"rendered":"OXJOK POPPERJOCK 3D, calzino di gomma nero"},"content":{"rendered":"","protected":false},"excerpt":{"rendered":"<p data-start=\"132\" data-end=\"476\"><strong data-start=\"132\" data-end=\"180\">OXJOK POPPERJOCK 3D Rubber Huffer Jock Black<\/strong> \u00e8 il must-have per tutti coloro che vogliono mostrare le proprie preferenze. Il sospensorio \u00e8 dotato di un&#8217;enorme <strong data-start=\"282\" data-end=\"301\">boccetta di Popper in 3D<\/strong> sul davanti e di una scritta POPPERS PIG ricamata sulla vita della chiappa destra: provocante, sfacciata e assolutamente inconfondibile. <\/p>\n<p data-start=\"478\" data-end=\"775\">Il morbido marsupio a forma di &#8220;J&#8221; con interno spazzolato e triplo bordo \u00e8 cos\u00ec comodo che non vorrai pi\u00f9 toglierlo. Le fasce elastiche OXJOK con bordi morbidi e arrotondati sollevano il sedere, non lo tagliano e lo incorniciano perfettamente. <\/p>\n<p data-start=\"777\" data-end=\"1056\">La tasca STASH con design HAZZARD ti aspetta in vita, dove puoi nascondere boccette, chiavi o contanti. Ancora meglio, all&#8217;interno troverai un cockring JOKFIT e un discreto sollevatore di cockring BUNGEE che tira su la borsa quando vuoi pi\u00f9 rigonfiamento. <\/p>\n<p data-start=\"1058\" data-end=\"1125\">Materiale: 94% cotone \/ 6% elastan<br data-start=\"1095\" data-end=\"1098\">Colore: rosso, giallo, nero<\/p>\n<p data-start=\"1127\" data-end=\"1263\"><strong data-start=\"1127\" data-end=\"1138\">Taglie<\/strong><br data-start=\"1138\" data-end=\"1141\">S &#8211; circonferenza fianchi 71 &#8211; 76 cm<br data-start=\"1168\" data-end=\"1171\">M &#8211; circonferenza fianchi 81 &#8211; 86 cm<br data-start=\"1198\" data-end=\"1201\">L &#8211; circonferenza fianchi 91 &#8211; 97 cm<br data-start=\"1228\" data-end=\"1231\">XL &#8211; circonferenza fianchi 102 &#8211; 107 cm<\/p>\n<p data-start=\"1265\" data-end=\"1412\"><strong data-start=\"1265\" data-end=\"1275\">Cura<\/strong><br data-start=\"1275\" data-end=\"1278\">Lavare a mano a freddo o in lavatrice a freddo\/gentile. Non candeggiare. Non stirare, non lavare a secco e non asciugare.<\/p>\n","protected":false},"featured_media":147704,"comment_status":"open","ping_status":"closed","template":"","meta":{"_acf_changed":false,"iawp_total_views":3,"_glsr_average":0,"_glsr_ranking":0,"_glsr_reviews":0},"product_brand":[],"product_cat":[151],"product_tag":[],"class_list":{"0":"post-147710","1":"product","2":"type-product","3":"status-publish","4":"has-post-thumbnail","6":"product_cat-accessori-popper","8":"first","9":"instock","10":"taxable","11":"shipping-taxable","12":"purchasable","13":"product-type-variable","14":"has-default-attributes"},"acf":[],"_links":{"self":[{"href":"https:\/\/poppers-online.ch\/it\/wp-json\/wp\/v2\/product\/147710","targetHints":{"allow":["GET"]}}],"collection":[{"href":"https:\/\/poppers-online.ch\/it\/wp-json\/wp\/v2\/product"}],"about":[{"href":"https:\/\/poppers-online.ch\/it\/wp-json\/wp\/v2\/types\/product"}],"replies":[{"embeddable":true,"href":"https:\/\/poppers-online.ch\/it\/wp-json\/wp\/v2\/comments?post=147710"}],"wp:featuredmedia":[{"embeddable":true,"href":"https:\/\/poppers-online.ch\/it\/wp-json\/wp\/v2\/media\/147704"}],"wp:attachment":[{"href":"https:\/\/poppers-online.ch\/it\/wp-json\/wp\/v2\/media?parent=147710"}],"wp:term":[{"taxonomy":"product_brand","embeddable":true,"href":"https:\/\/poppers-online.ch\/it\/wp-json\/wp\/v2\/product_brand?post=147710"},{"taxonomy":"product_cat","embeddable":true,"href":"https:\/\/poppers-online.ch\/it\/wp-json\/wp\/v2\/product_cat?post=147710"},{"taxonomy":"product_tag","embeddable":true,"href":"https:\/\/poppers-online.ch\/it\/wp-json\/wp\/v2\/product_tag?post=147710"}],"curies":[{"name":"wp","href":"https:\/\/api.w.org\/{rel}","templated":true}]}}