{"id":147668,"date":"2026-02-12T13:13:02","date_gmt":"2026-02-12T12:13:02","guid":{"rendered":"https:\/\/poppers-online.ch\/produkt\/rush-black-fire-popper-10ml\/"},"modified":"2026-02-13T17:30:19","modified_gmt":"2026-02-13T16:30:19","slug":"rush-black-fire-popper-10ml","status":"publish","type":"product","link":"https:\/\/poppers-online.ch\/it\/prodotto\/rush-black-fire-popper-10ml\/","title":{"rendered":"Rush Black Fire Popper 10ml"},"content":{"rendered":"","protected":false},"excerpt":{"rendered":"<p data-start=\"116\" data-end=\"244\"><strong data-start=\"116\" data-end=\"148\">Rush Black Fire Popper 10ml<\/strong> risveglia il fuoco che c&#8217;\u00e8 in te e quando \u00e8 arrivato il momento, il motto \u00e8: <strong data-start=\"222\" data-end=\"241\">&#8220;Spara il colpo&#8221;.<\/strong><\/p>\n<p data-start=\"246\" data-end=\"557\">Una piccola perlina nella boccetta assicura che i Popper rimangano freschi pi\u00f9 a lungo dopo l&#8217;apertura. Lega le molecole d&#8217;acqua e l&#8217;ossigeno, perch\u00e9 i Popper preferiscono l&#8217;aria secca all&#8217;umidit\u00e0. Una perlina disintegrata non \u00e8 un problema, anzi, dimostra che ha fatto il suo lavoro.  <\/p>\n<p data-start=\"559\" data-end=\"736\">Il classico flacone in vetro da 10ml ha una filettatura di dimensioni S. Con un&#8217;intensit\u00e0 di 5 su 6, <strong data-start=\"647\" data-end=\"679\">Rush Black Fire Popper 10ml<\/strong> offre esattamente la spinta di cui hai bisogno per i momenti pi\u00f9 intensi.<\/p>\n","protected":false},"featured_media":147667,"comment_status":"open","ping_status":"closed","template":"","meta":{"_acf_changed":false,"iawp_total_views":14,"_glsr_average":0,"_glsr_ranking":0,"_glsr_reviews":0},"product_brand":[],"product_cat":[1047,112],"product_tag":[],"class_list":{"0":"post-147668","1":"product","2":"type-product","3":"status-publish","4":"has-post-thumbnail","6":"product_cat-popper","7":"product_cat-boccette-piccole","8":"pa_booster-cap-gewindegroesse-per-filettatura-piccola","9":"pa_flaschenform-rotonda-piccola","10":"pa_inhalt-10ml","11":"pa_inhaltsstoffe-nitrito-di-pentile","12":"pa_staerke-103","14":"first","15":"instock","16":"taxable","17":"shipping-taxable","18":"purchasable","19":"product-type-simple"},"acf":[],"_links":{"self":[{"href":"https:\/\/poppers-online.ch\/it\/wp-json\/wp\/v2\/product\/147668","targetHints":{"allow":["GET"]}}],"collection":[{"href":"https:\/\/poppers-online.ch\/it\/wp-json\/wp\/v2\/product"}],"about":[{"href":"https:\/\/poppers-online.ch\/it\/wp-json\/wp\/v2\/types\/product"}],"replies":[{"embeddable":true,"href":"https:\/\/poppers-online.ch\/it\/wp-json\/wp\/v2\/comments?post=147668"}],"wp:featuredmedia":[{"embeddable":true,"href":"https:\/\/poppers-online.ch\/it\/wp-json\/wp\/v2\/media\/147667"}],"wp:attachment":[{"href":"https:\/\/poppers-online.ch\/it\/wp-json\/wp\/v2\/media?parent=147668"}],"wp:term":[{"taxonomy":"product_brand","embeddable":true,"href":"https:\/\/poppers-online.ch\/it\/wp-json\/wp\/v2\/product_brand?post=147668"},{"taxonomy":"product_cat","embeddable":true,"href":"https:\/\/poppers-online.ch\/it\/wp-json\/wp\/v2\/product_cat?post=147668"},{"taxonomy":"product_tag","embeddable":true,"href":"https:\/\/poppers-online.ch\/it\/wp-json\/wp\/v2\/product_tag?post=147668"}],"curies":[{"name":"wp","href":"https:\/\/api.w.org\/{rel}","templated":true}]}}