{"id":146929,"date":"2026-02-05T17:52:23","date_gmt":"2026-02-05T16:52:23","guid":{"rendered":"https:\/\/poppers-online.ch\/?post_type=product&#038;p=146929"},"modified":"2026-02-23T15:33:24","modified_gmt":"2026-02-23T14:33:24","slug":"chiamami-papa-10ml-kopie","status":"publish","type":"product","link":"https:\/\/poppers-online.ch\/it\/prodotto\/chiamami-papa-10ml-kopie\/","title":{"rendered":"Bottom Slut Popper 10ml"},"content":{"rendered":"","protected":false},"excerpt":{"rendered":"<p data-start=\"89\" data-end=\"251\"><strong data-start=\"89\" data-end=\"109\">Bottom Slut Popper 10ml<\/strong> \u00e8 per tutti coloro che non fanno le cose a met\u00e0. Sdraiati nella camera oscura e diventa un&#8217;assoluta troia da fondo. Quante cariche riuscirai a fare?<\/p>\n<p data-start=\"253\" data-end=\"396\">La formula Pentyl con intensit\u00e0 5 \u00e8 perfetta per aprire il culo e ingoiare anche le cose pi\u00f9 grandi.<\/p>\n<p data-start=\"398\" data-end=\"526\">Il classico flacone in vetro da 10ml ha una dimensione di filettatura S. <strong data-start=\"455\" data-end=\"475\">Bottom Slut 10ml<\/strong> \u00e8 la scelta perfetta per tutti gli amanti del fondo.<\/p>\n","protected":false},"featured_media":146937,"comment_status":"open","ping_status":"closed","template":"","meta":{"_acf_changed":false,"iawp_total_views":10,"_glsr_average":0,"_glsr_ranking":0,"_glsr_reviews":0},"product_brand":[],"product_cat":[1047,112],"product_tag":[],"class_list":{"0":"post-146929","1":"product","2":"type-product","3":"status-publish","4":"has-post-thumbnail","6":"product_cat-popper","7":"product_cat-boccette-piccole","8":"pa_flaschenform-rotonda-piccola","9":"pa_gewindegroesse-piccola","10":"pa_inhalt-10ml","11":"pa_inhaltsstoffe-nitrito-di-pentile","12":"pa_staerke-103","14":"first","15":"instock","16":"taxable","17":"shipping-taxable","18":"purchasable","19":"product-type-simple"},"acf":[],"_links":{"self":[{"href":"https:\/\/poppers-online.ch\/it\/wp-json\/wp\/v2\/product\/146929","targetHints":{"allow":["GET"]}}],"collection":[{"href":"https:\/\/poppers-online.ch\/it\/wp-json\/wp\/v2\/product"}],"about":[{"href":"https:\/\/poppers-online.ch\/it\/wp-json\/wp\/v2\/types\/product"}],"replies":[{"embeddable":true,"href":"https:\/\/poppers-online.ch\/it\/wp-json\/wp\/v2\/comments?post=146929"}],"wp:featuredmedia":[{"embeddable":true,"href":"https:\/\/poppers-online.ch\/it\/wp-json\/wp\/v2\/media\/146937"}],"wp:attachment":[{"href":"https:\/\/poppers-online.ch\/it\/wp-json\/wp\/v2\/media?parent=146929"}],"wp:term":[{"taxonomy":"product_brand","embeddable":true,"href":"https:\/\/poppers-online.ch\/it\/wp-json\/wp\/v2\/product_brand?post=146929"},{"taxonomy":"product_cat","embeddable":true,"href":"https:\/\/poppers-online.ch\/it\/wp-json\/wp\/v2\/product_cat?post=146929"},{"taxonomy":"product_tag","embeddable":true,"href":"https:\/\/poppers-online.ch\/it\/wp-json\/wp\/v2\/product_tag?post=146929"}],"curies":[{"name":"wp","href":"https:\/\/api.w.org\/{rel}","templated":true}]}}